{"id":29009,"date":"2025-02-20T23:30:36","date_gmt":"2025-02-20T22:30:36","guid":{"rendered":"https:\/\/olemosaic.orbitalia.org\/producto\/bol-de-coco-fucsia-bailaora-2\/"},"modified":"2025-07-25T19:56:53","modified_gmt":"2025-07-25T17:56:53","slug":"bol-en-noix-de-coco-fuchsia-danseuse-flamenco-2","status":"publish","type":"product","link":"https:\/\/olemosaic.orbitalia.org\/fr\/produit\/bol-en-noix-de-coco-fuchsia-danseuse-flamenco-2\/","title":{"rendered":"Bol en noix de coco fuchsia. Danseuse de flamenco. Andalousie."},"content":{"rendered":"<p>Ce bol en noix de coco fuchsia peint \u00e0 la main est un v\u00e9ritable joyau de l&rsquo;art flamenco, con\u00e7u pour c\u00e9l\u00e9brer la vibrante culture espagnole. Avec une \u00e9l\u00e9gante finition fuchsia, son int\u00e9rieur pr\u00e9sente la silhouette d\u00e9licate d&rsquo;une danseuse de flamenco dans un ton ros\u00e9 subtil, \u00e9voquant la passion et la gr\u00e2ce de la danse espagnole. Entour\u00e9 de petits c\u0153urs, le design capture l&rsquo;essence m\u00eame du flamenco, transformant ce bol en une pi\u00e8ce pleine de vie et d&rsquo;\u00e9nergie.<\/p>\n<p>Le bord brillant du bol ne souligne pas seulement son attrait esth\u00e9tique, mais ajoute \u00e9galement une touche festive, id\u00e9ale pour donner un air de c\u00e9l\u00e9bration \u00e0 n&rsquo;importe quel environnement, que ce soit comme objet d\u00e9coratif ou pour un usage quotidien. Ce bol n&rsquo;est pas seulement un ustensile, mais un souvenir culturel significatif qui refl\u00e8te la riche tradition du folklore espagnol, sp\u00e9cifiquement l&rsquo;art du flamenco, si caract\u00e9ristique de r\u00e9gions comme l&rsquo;Andalousie.<\/p>\n<p>Chez Ol\u00e9 Mosaic, nous sommes fiers de proposer des souvenirs authentiques qui repr\u00e9sentent la diversit\u00e9 cultureelle de l&rsquo;Espagne. Ce bol en noix de coco fuchsia est une excellente option pour les boutiques de cadeaux touristiques, et en tant que grossistes de souvenirs, nous garantissons la qualit\u00e9 et le charme que recherchent vos clients. Avec son attrait visuel et sa connexion culturelle, ce bol est le cadeau parfait pour les touristes \u00e0 la recherche d&rsquo;un morceau d&rsquo;Espagne et de son folklore vibrant.<\/p>\n","protected":false},"excerpt":{"rendered":"<p>Bol en noix de coco fuchsia au design artisanal, peint \u00e0 la main, inspir\u00e9 de l&rsquo;art flamenco. Ce bol vibrant pr\u00e9sente \u00e0 l&rsquo;int\u00e9rieur la silhouette d&rsquo;une danseuse de flamenco dans un ton ros\u00e9 subtil, entour\u00e9e de petits c\u0153urs qui \u00e9voquent la passion de la danse espagnole. Le bord, d\u00e9cor\u00e9 d&rsquo;une finition brillante, souligne son attrait et en fait une pi\u00e8ce id\u00e9ale pour donner une touche festive \u00e0 n&rsquo;importe quelle ambiance. Parfait comme d\u00e9coration ou pour un usage quotidien, ce bol capture l&rsquo;essence du folklore espagnol.<\/p>\n","protected":false},"featured_media":13473,"template":"","meta":{"_acf_changed":false},"product_brand":[],"product_cat":[521],"product_tag":[],"class_list":{"0":"post-29009","1":"product","2":"type-product","3":"status-publish","4":"has-post-thumbnail","6":"product_cat-bols","7":"pa_motivo-danseurs","9":"first","10":"instock","11":"shipping-taxable","12":"product-type-simple"},"acf":[],"_links":{"self":[{"href":"https:\/\/olemosaic.orbitalia.org\/fr\/wp-json\/wp\/v2\/product\/29009","targetHints":{"allow":["GET"]}}],"collection":[{"href":"https:\/\/olemosaic.orbitalia.org\/fr\/wp-json\/wp\/v2\/product"}],"about":[{"href":"https:\/\/olemosaic.orbitalia.org\/fr\/wp-json\/wp\/v2\/types\/product"}],"wp:featuredmedia":[{"embeddable":true,"href":"https:\/\/olemosaic.orbitalia.org\/fr\/wp-json\/wp\/v2\/media\/13473"}],"wp:attachment":[{"href":"https:\/\/olemosaic.orbitalia.org\/fr\/wp-json\/wp\/v2\/media?parent=29009"}],"wp:term":[{"taxonomy":"product_brand","embeddable":true,"href":"https:\/\/olemosaic.orbitalia.org\/fr\/wp-json\/wp\/v2\/product_brand?post=29009"},{"taxonomy":"product_cat","embeddable":true,"href":"https:\/\/olemosaic.orbitalia.org\/fr\/wp-json\/wp\/v2\/product_cat?post=29009"},{"taxonomy":"product_tag","embeddable":true,"href":"https:\/\/olemosaic.orbitalia.org\/fr\/wp-json\/wp\/v2\/product_tag?post=29009"}],"curies":[{"name":"wp","href":"https:\/\/api.w.org\/{rel}","templated":true}]}}