{"id":29007,"date":"2025-02-20T23:30:36","date_gmt":"2025-02-20T22:30:36","guid":{"rendered":"https:\/\/olemosaic.orbitalia.org\/producto\/bol-de-coco-fucsia-flor\/"},"modified":"2025-07-25T20:22:30","modified_gmt":"2025-07-25T18:22:30","slug":"bol-en-noix-de-coco-fuchsia-fleur","status":"publish","type":"product","link":"https:\/\/olemosaic.orbitalia.org\/fr\/produit\/bol-en-noix-de-coco-fuchsia-fleur\/","title":{"rendered":"Bol en noix de coco fuchsia. Fleur."},"content":{"rendered":"<p>Ce bol fuchsia en noix de coco est une pi\u00e8ce d\u00e9corative vibrante qui capture l&rsquo;essence de l&rsquo;art populaire, id\u00e9al pour ceux qui cherchent \u00e0 ajouter une touche de couleur \u00e0 leur int\u00e9rieur. Fabriqu\u00e9 artisanalement \u00e0 partir de coques de noix de coco, il se distingue par sa couleur fuchsia intense, qui souligne la nature tropicale et festive des traditions culturelles. Au centre, une magnifique fleur d\u00e9corative \u00e9merge avec un design frappant, et sur le bord, d&rsquo;adorables c\u0153urs peints \u00e0 la main ajoutent une touche d\u00e9licate et ludique. La technique de peinture manuelle garantit que chaque bol est unique, faisant briller sa beaut\u00e9 et sa singularit\u00e9 dans n&rsquo;importe quel espace o\u00f9 il est expos\u00e9.<\/p>\n<p>Ce bol n&rsquo;est pas seulement un accessoire d\u00e9coratif, mais il repr\u00e9sente \u00e9galement la richesse de la tradition artisanale dans la production de souvenirs. Son design joyeux et color\u00e9 en fait une excellente option pour les touristes \u00e0 la recherche de souvenirs authentiques de leur voyage, en particulier ceux qui s&rsquo;int\u00e9ressent aux objets refl\u00e9tant la culture locale. Chez Ol\u00e9 Mosaic, nous distribuons des bols en noix de coco en gros, parfaits pour les boutiques de cadeaux touristiques souhaitant proposer des produits authentiques et de haute qualit\u00e9. Ce bol fuchsia est, sans aucun doute, un charmant souvenir qui capture l&rsquo;essence joyeuse des traditions culturelles.<\/p>\n","protected":false},"excerpt":{"rendered":"<p>Bol en noix de coco fuchsia d\u00e9cor\u00e9 d&rsquo;une fleur vibrante au centre. Ce bol attrayant, fabriqu\u00e9 en noix de coco, pr\u00e9sente un design frappant avec des tons fuchsia et des d\u00e9tails en forme de c\u0153urs autour du bord. La technique de conception artisanale, peinte \u00e0 la main, assure l&rsquo;unicit\u00e9 de chaque pi\u00e8ce, en faisant un bel accessoire d\u00e9coratif. Id\u00e9al pour ajouter une touche joyeuse et color\u00e9e \u00e0 n&rsquo;importe quel foyer.<\/p>\n","protected":false},"featured_media":10190,"template":"","meta":{"_acf_changed":false},"product_brand":[],"product_cat":[521],"product_tag":[],"class_list":{"0":"post-29007","1":"product","2":"type-product","3":"status-publish","4":"has-post-thumbnail","6":"product_cat-bols","7":"pa_motivo-fleurs","9":"first","10":"instock","11":"shipping-taxable","12":"product-type-simple"},"acf":[],"_links":{"self":[{"href":"https:\/\/olemosaic.orbitalia.org\/fr\/wp-json\/wp\/v2\/product\/29007","targetHints":{"allow":["GET"]}}],"collection":[{"href":"https:\/\/olemosaic.orbitalia.org\/fr\/wp-json\/wp\/v2\/product"}],"about":[{"href":"https:\/\/olemosaic.orbitalia.org\/fr\/wp-json\/wp\/v2\/types\/product"}],"wp:featuredmedia":[{"embeddable":true,"href":"https:\/\/olemosaic.orbitalia.org\/fr\/wp-json\/wp\/v2\/media\/10190"}],"wp:attachment":[{"href":"https:\/\/olemosaic.orbitalia.org\/fr\/wp-json\/wp\/v2\/media?parent=29007"}],"wp:term":[{"taxonomy":"product_brand","embeddable":true,"href":"https:\/\/olemosaic.orbitalia.org\/fr\/wp-json\/wp\/v2\/product_brand?post=29007"},{"taxonomy":"product_cat","embeddable":true,"href":"https:\/\/olemosaic.orbitalia.org\/fr\/wp-json\/wp\/v2\/product_cat?post=29007"},{"taxonomy":"product_tag","embeddable":true,"href":"https:\/\/olemosaic.orbitalia.org\/fr\/wp-json\/wp\/v2\/product_tag?post=29007"}],"curies":[{"name":"wp","href":"https:\/\/api.w.org\/{rel}","templated":true}]}}