{"id":29006,"date":"2025-02-20T23:30:36","date_gmt":"2025-02-20T22:30:36","guid":{"rendered":"https:\/\/olemosaic.orbitalia.org\/producto\/bol-de-coco-fucsia-isla-lanzarote\/"},"modified":"2025-07-25T19:36:57","modified_gmt":"2025-07-25T17:36:57","slug":"bol-noix-de-coco-fuchsia-ile-lanzarote","status":"publish","type":"product","link":"https:\/\/olemosaic.orbitalia.org\/fr\/produit\/bol-noix-de-coco-fuchsia-ile-lanzarote\/","title":{"rendered":"Bol en noix de coco fuchsia. \u00cele. Lanzarote."},"content":{"rendered":"<p>Ce bol en noix de coco fuchsia est une repr\u00e9sentation exquise de la beaut\u00e9 naturelle de Lanzarote, id\u00e9al pour ceux qui recherchent un souvenir authentique des \u00eeles Canaries. Avec un design tr\u00e8s sp\u00e9cial, ce charmant r\u00e9cipient se distingue par sa finition brillante dans des tons fuchsia vibrants, qui \u00e9voquent les paysages volcaniques et l&rsquo;esprit vibrant de l&rsquo;\u00eele. L&rsquo;ext\u00e9rieur du bol est orn\u00e9 de d\u00e9tails innovants en mosa\u00efque qui captent l&rsquo;attention et ajoutent une touche artistique \u00e0 n&rsquo;importe quel espace.<\/p>\n<p>\u00c0 l&rsquo;int\u00e9rieur, la silhouette de Lanzarote est \u00e9l\u00e9gamment imprim\u00e9e, cr\u00e9ant un beau contraste qui renforce la connexion culturelle avec la r\u00e9gion. Ce bol n&rsquo;est pas seulement parfait pour servir des ap\u00e9ritifs ou des salades, mais il fonctionne \u00e9galement comme un \u00e9l\u00e9ment d\u00e9coratif dans la maison, appr\u00e9ci\u00e9 pour sa fonctionnalit\u00e9 et sa beaut\u00e9.<\/p>\n<p>Le bol en noix de coco fuchsia refl\u00e8te le riche h\u00e9ritage culturel de Lanzarote et constitue un excellent rappel de son paysage unique. Chez Ol\u00e9 Mosaic, en tant que distributeurs de souvenirs en gros, nous proposons des produits qui se distinguent par leur authentique et leur connexion culturelle. Ce bol est un choix id\u00e9al pour les boutiques de cadeaux touristiques qui cherchent \u00e0 offrir \u00e0 leurs clients un souvenir significatif et repr\u00e9sentatif des \u00eeles Canaries.<\/p>\n","protected":false},"excerpt":{"rendered":"<p>Bol en noix de coco fuchsia, inspir\u00e9 par la beaut\u00e9 naturelle de Lanzarote. Ce charmant r\u00e9cipient pr\u00e9sente un design tr\u00e8s sp\u00e9cial avec une finition brillante dans des tons fuchsia et des d\u00e9tails en mosa\u00efque, \u00e9voquant le paysage volcanique de l&rsquo;\u00eele. \u00c0 l&rsquo;int\u00e9rieur, la silhouette de Lanzarote se d\u00e9tache, \u00e9l\u00e9gamment imprim\u00e9e. Id\u00e9al pour d\u00e9corer ou servir, ce bol en noix de coco combine fonctionnalit\u00e9 et touche artistique, refl\u00e9tant le riche patrimoine culturel des \u00eeles Canaries.<\/p>\n","protected":false},"featured_media":11999,"template":"","meta":{"_acf_changed":false},"product_brand":[],"product_cat":[521],"product_tag":[],"class_list":{"0":"post-29006","1":"product","2":"type-product","3":"status-publish","4":"has-post-thumbnail","6":"product_cat-bols","7":"pa_ciudad-lanzarote","8":"pa_motivo-iles","9":"pa_pais-espana","11":"first","12":"instock","13":"shipping-taxable","14":"product-type-simple"},"acf":[],"_links":{"self":[{"href":"https:\/\/olemosaic.orbitalia.org\/fr\/wp-json\/wp\/v2\/product\/29006","targetHints":{"allow":["GET"]}}],"collection":[{"href":"https:\/\/olemosaic.orbitalia.org\/fr\/wp-json\/wp\/v2\/product"}],"about":[{"href":"https:\/\/olemosaic.orbitalia.org\/fr\/wp-json\/wp\/v2\/types\/product"}],"wp:featuredmedia":[{"embeddable":true,"href":"https:\/\/olemosaic.orbitalia.org\/fr\/wp-json\/wp\/v2\/media\/11999"}],"wp:attachment":[{"href":"https:\/\/olemosaic.orbitalia.org\/fr\/wp-json\/wp\/v2\/media?parent=29006"}],"wp:term":[{"taxonomy":"product_brand","embeddable":true,"href":"https:\/\/olemosaic.orbitalia.org\/fr\/wp-json\/wp\/v2\/product_brand?post=29006"},{"taxonomy":"product_cat","embeddable":true,"href":"https:\/\/olemosaic.orbitalia.org\/fr\/wp-json\/wp\/v2\/product_cat?post=29006"},{"taxonomy":"product_tag","embeddable":true,"href":"https:\/\/olemosaic.orbitalia.org\/fr\/wp-json\/wp\/v2\/product_tag?post=29006"}],"curies":[{"name":"wp","href":"https:\/\/api.w.org\/{rel}","templated":true}]}}