{"id":29004,"date":"2025-02-20T23:30:35","date_gmt":"2025-02-20T22:30:35","guid":{"rendered":"https:\/\/olemosaic.orbitalia.org\/producto\/bol-de-coco-fucsia-sardina-lisboa-4\/"},"modified":"2025-07-25T19:39:41","modified_gmt":"2025-07-25T17:39:41","slug":"bol-noix-de-coco-fuchsia-sardine-lisbonne-4-fr","status":"publish","type":"product","link":"https:\/\/olemosaic.orbitalia.org\/fr\/produit\/bol-noix-de-coco-fuchsia-sardine-lisbonne-4-fr\/","title":{"rendered":"Bol en noix de coco fuchsia. Sardine. Lisbonne. Motif c\u0153urs."},"content":{"rendered":"<p>Ce bol fuchsia en noix de coco est une pi\u00e8ce vibrante qui capture l&rsquo;essence de Lisbonne \u00e0 travers son design joyeux et color\u00e9. D\u00e9cor\u00e9 d&rsquo;un motif abondant de sardines, ce bol n&rsquo;est pas seulement visuellement attrayant, mais rend \u00e9galement hommage \u00e0 la riche tradition de p\u00eache de la ville. La surface brillante et polie du bol refl\u00e8te la lumi\u00e8re de mani\u00e8re \u00e9blouissante, tandis que les d\u00e9tails en forme de c\u0153urs apportent une touche ludique et charmante, en faisant un excellent souvenir.<\/p>\n<p>La polyvalence de ce bol permet de l&rsquo;utiliser aussi bien comme \u00e9l\u00e9ment d\u00e9coratif que fonctionnel, id\u00e9al pour servir des ap\u00e9ritifs ou comme centre de table. Sa fabrication en noix de coco lui conf\u00e8re l\u00e9g\u00e8ret\u00e9 et un caract\u00e8re exotique, ce qui en fait un cadeau m\u00e9morable et authentique qui \u00e9voque les traditions locales. \u00c0 Lisbonne, la sardine est plus qu&rsquo;un simple poisson ; elle symbolise la vie marine et les festivit\u00e9s qui caract\u00e9risent la ville, comme les f\u00eates populaires de Saint Antoine.<\/p>\n<p>Chez Ol\u00e9 Mosaic, nous sommes fiers d&rsquo;\u00eatre des distributeurs de souvenirs uniques en gros. Ce bol fuchsia en noix de coco est une authentique repr\u00e9sentation culturelle de Lisbonne, parfait pour les boutiques de cadeaux touristiques qui cherchent \u00e0 proposer des produits mettant en valeur l&rsquo;h\u00e9ritage et le legs portugais. Un bol qui se transformera en un souvenir pr\u00e9cieux pour ceux qui cherchent \u00e0 capturer l&rsquo;essence de cette ville merveilleuse.<\/p>\n","protected":false},"excerpt":{"rendered":"<p>Bol en noix de coco fuchsia d\u00e9cor\u00e9 d&rsquo;un motif vibrant de sardines, repr\u00e9sentatif de Lisbonne. Ce bol attrayant pr\u00e9sente une finition brillante et des d\u00e9tails en forme de c\u0153ur qui ajoutent une touche ludique et color\u00e9e. Id\u00e9al aussi bien pour d\u00e9corer que pour utiliser, son mat\u00e9riau en noix de coco lui apporte l\u00e9g\u00e8ret\u00e9 et un air exotique, en faisant le souvenir parfait des traditions lisbo\u00e8tes.<\/p>\n","protected":false},"featured_media":10214,"template":"","meta":{"_acf_changed":false},"product_brand":[],"product_cat":[521],"product_tag":[530],"class_list":{"0":"post-29004","1":"product","2":"type-product","3":"status-publish","4":"has-post-thumbnail","6":"product_cat-bols","7":"product_tag-animaux","8":"pa_ciudad-lisboa","9":"pa_motivo-sardines","10":"pa_pais-portugal","12":"first","13":"instock","14":"shipping-taxable","15":"product-type-simple"},"acf":[],"_links":{"self":[{"href":"https:\/\/olemosaic.orbitalia.org\/fr\/wp-json\/wp\/v2\/product\/29004","targetHints":{"allow":["GET"]}}],"collection":[{"href":"https:\/\/olemosaic.orbitalia.org\/fr\/wp-json\/wp\/v2\/product"}],"about":[{"href":"https:\/\/olemosaic.orbitalia.org\/fr\/wp-json\/wp\/v2\/types\/product"}],"wp:featuredmedia":[{"embeddable":true,"href":"https:\/\/olemosaic.orbitalia.org\/fr\/wp-json\/wp\/v2\/media\/10214"}],"wp:attachment":[{"href":"https:\/\/olemosaic.orbitalia.org\/fr\/wp-json\/wp\/v2\/media?parent=29004"}],"wp:term":[{"taxonomy":"product_brand","embeddable":true,"href":"https:\/\/olemosaic.orbitalia.org\/fr\/wp-json\/wp\/v2\/product_brand?post=29004"},{"taxonomy":"product_cat","embeddable":true,"href":"https:\/\/olemosaic.orbitalia.org\/fr\/wp-json\/wp\/v2\/product_cat?post=29004"},{"taxonomy":"product_tag","embeddable":true,"href":"https:\/\/olemosaic.orbitalia.org\/fr\/wp-json\/wp\/v2\/product_tag?post=29004"}],"curies":[{"name":"wp","href":"https:\/\/api.w.org\/{rel}","templated":true}]}}