{"id":29003,"date":"2025-02-20T23:30:35","date_gmt":"2025-02-20T22:30:35","guid":{"rendered":"https:\/\/olemosaic.orbitalia.org\/producto\/bol-de-coco-fucsia-caballito-de-mar-2\/"},"modified":"2025-07-25T18:43:32","modified_gmt":"2025-07-25T16:43:32","slug":"bol-noix-de-coco-fuchsia-hippocampe-2","status":"publish","type":"product","link":"https:\/\/olemosaic.orbitalia.org\/fr\/produit\/bol-noix-de-coco-fuchsia-hippocampe-2\/","title":{"rendered":"Bol en noix de coco fuchsia. Style m\u00e9diterran\u00e9en. Hippocampe."},"content":{"rendered":"<p>Ce bol en noix de coco fuchsia est une pi\u00e8ce unique et vibrante, con\u00e7ue sp\u00e9cialement pour ceux qui recherchent une touche de couleur et d&rsquo;authenticit\u00e9 dans leur maison. Fabriqu\u00e9 artisanalement, ce bol pr\u00e9sente une finition brillante qui rehausse sa couleur fuchsia attrayante. Sa d\u00e9coration comprend un motif complexe d&rsquo;hippocampe de couleur blanche, situ\u00e9 au centre, qui cr\u00e9e un magnifique contraste visuel et \u00e9voque l&rsquo;ambiance marine. Le motif d\u00e9licat autour du bord, simulant une maille, ajoute un charme suppl\u00e9mentaire et souligne la qualit\u00e9 de l&rsquo;artisanat.<\/p>\n<p>Parfait pour \u00eatre utilis\u00e9 comme r\u00e9cipient d\u00e9coratif ou pour ranger de petits objets, ce bol est une excellente option pour ceux qui souhaitent ajouter un \u00e9l\u00e9ment original \u00e0 leur espace. Son design color\u00e9 attirera non seulement tous les regards, mais servira \u00e9galement de souvenir repr\u00e9sentatif de la culture maritime des r\u00e9gions c\u00f4ti\u00e8res, c\u00e9l\u00e9brant la biodiversit\u00e9 de l&rsquo;oc\u00e9an.<\/p>\n<p>Chez Ol\u00e9 Mosaic, nous nous sp\u00e9cialisons dans la distribution de souvenirs en gros, offrant des produits qui refl\u00e8tent l&rsquo;authenticit\u00e9 culturelle. Ce bol en noix de coco est une magnifique alternative pour les boutiques de cadeaux touristiques cherchant \u00e0 proposer des articles uniques et significatifs. Il se distingue dans votre offre de souvenirs, devenant une excellente id\u00e9e de cadeau pour les touristes souhaitant emporter chez eux un petit morceau de l&rsquo;essence de la mer.<\/p>\n","protected":false},"excerpt":{"rendered":"<p>Bol en noix de coco fuchsia vibrant, d\u00e9cor\u00e9 d&rsquo;un motif d&rsquo;hippocampe attrayant. Ce bol original, fabriqu\u00e9 artisanalement, pr\u00e9sente une finition brillante et des motifs d\u00e9taill\u00e9s qui \u00e9voquent l&rsquo;ambiance marine. Le motif central de l&rsquo;hippocampe, de couleur blanche, apporte un contraste unique. Parfait pour un usage d\u00e9coratif ou comme r\u00e9cipient pour de petits objets, son design color\u00e9 attirera tous les regards dans n&rsquo;importe quel coin de votre maison.<\/p>\n","protected":false},"featured_media":10060,"template":"","meta":{"_acf_changed":false},"product_brand":[],"product_cat":[521],"product_tag":[530],"class_list":{"0":"post-29003","1":"product","2":"type-product","3":"status-publish","4":"has-post-thumbnail","6":"product_cat-bols","7":"product_tag-animaux","8":"pa_motivo-hippocampes","10":"first","11":"instock","12":"shipping-taxable","13":"product-type-simple"},"acf":[],"_links":{"self":[{"href":"https:\/\/olemosaic.orbitalia.org\/fr\/wp-json\/wp\/v2\/product\/29003","targetHints":{"allow":["GET"]}}],"collection":[{"href":"https:\/\/olemosaic.orbitalia.org\/fr\/wp-json\/wp\/v2\/product"}],"about":[{"href":"https:\/\/olemosaic.orbitalia.org\/fr\/wp-json\/wp\/v2\/types\/product"}],"wp:featuredmedia":[{"embeddable":true,"href":"https:\/\/olemosaic.orbitalia.org\/fr\/wp-json\/wp\/v2\/media\/10060"}],"wp:attachment":[{"href":"https:\/\/olemosaic.orbitalia.org\/fr\/wp-json\/wp\/v2\/media?parent=29003"}],"wp:term":[{"taxonomy":"product_brand","embeddable":true,"href":"https:\/\/olemosaic.orbitalia.org\/fr\/wp-json\/wp\/v2\/product_brand?post=29003"},{"taxonomy":"product_cat","embeddable":true,"href":"https:\/\/olemosaic.orbitalia.org\/fr\/wp-json\/wp\/v2\/product_cat?post=29003"},{"taxonomy":"product_tag","embeddable":true,"href":"https:\/\/olemosaic.orbitalia.org\/fr\/wp-json\/wp\/v2\/product_tag?post=29003"}],"curies":[{"name":"wp","href":"https:\/\/api.w.org\/{rel}","templated":true}]}}