{"id":29001,"date":"2025-02-20T23:30:35","date_gmt":"2025-02-20T22:30:35","guid":{"rendered":"https:\/\/olemosaic.orbitalia.org\/producto\/bol-de-coco-fucsia-tortuga-mallorca-2\/"},"modified":"2025-07-25T19:02:48","modified_gmt":"2025-07-25T17:02:48","slug":"bol-noix-de-coco-fuchsia-tortue-majorque-2","status":"publish","type":"product","link":"https:\/\/olemosaic.orbitalia.org\/fr\/produit\/bol-noix-de-coco-fuchsia-tortue-majorque-2\/","title":{"rendered":"Bol en noix de coco fuchsia. Tortue. Style m\u00e9diterran\u00e9en. Majorque. Bal\u00e9ares."},"content":{"rendered":"<p>Ce bol en noix de coco fuchsia est une pi\u00e8ce unique qui \u00e9voque la beaut\u00e9 et la fra\u00eecheur de Majorque, id\u00e9al pour ceux qui recherchent un souvenir authentique de l&rsquo;\u00eele. Ce bol attrayant est fabriqu\u00e9 avec des coques de noix de coco, un mat\u00e9riau naturel qui allie durabilit\u00e9 et design contemporain. Sa couleur fuchsia vibrante attire l&rsquo;attention, et son motif de c\u0153urs, qui entoure le centre, offre un d\u00e9tail charmant qui souligne son caract\u00e8re festif.<\/p>\n<p>Au centre, une sympathique tortue se d\u00e9tache avec \u00e9l\u00e9gance, symbolisant la vie marine qui orne les eaux de Majorque. Juste en dessous de cette repr\u00e9sentation, l&rsquo;inscription \u00ab\u00a0MALLORCA\u00a0\u00bb apporte une touche distinctive, reliant l&rsquo;objet \u00e0 son origine. Ce bol n&rsquo;est pas seulement parfait pour servir des ap\u00e9ritifs avec style, il sert \u00e9galement d&rsquo;\u00e9l\u00e9ment d\u00e9coratif attrayant, id\u00e9al pour donner une touche de couleur et de joie \u00e0 n&rsquo;importe quel foyer.<\/p>\n<p>La connexion culturelle avec la r\u00e9gion est ind\u00e9niable, car la tortue est une repr\u00e9sentation embl\u00e9matique des c\u00f4tes majorquines, faisant de ce bol un cadeau qui encapsule l&rsquo;essence de la M\u00e9diterran\u00e9e. Chez Ol\u00e9 Mosaic, nous sommes fiers de proposer ce souvenir comme une excellente option pour les boutiques de cadeaux touristiques \u00e0 la recherche d&rsquo;articles authentiques et de qualit\u00e9, ce qui en fait un incontournable pour les amoureux de Majorque et de ses merveilles naturelles.<\/p>\n","protected":false},"excerpt":{"rendered":"<p>Bol en noix de coco fuchsia, orn\u00e9 d&rsquo;une sympathique tortue, inspir\u00e9 par la beaut\u00e9 de Majorque. Ce bol exclusif, fait de noix de coco, arbore une couleur fuchsia vibrante, compl\u00e9t\u00e9e par un motif de c\u0153urs entourant le centre. L&rsquo;image de la tortue et l&rsquo;inscription \u00ab\u00a0MALLORCA\u00a0\u00bb ajoutent une touche distinctive, parfaite pour se souvenir des plages et de la vie marine de l&rsquo;\u00eele. Id\u00e9al comme \u00e9l\u00e9ment d\u00e9coratif ou pour servir des ap\u00e9ritifs avec style.<\/p>\n","protected":false},"featured_media":10270,"template":"","meta":{"_acf_changed":false},"product_brand":[],"product_cat":[521],"product_tag":[530],"class_list":{"0":"post-29001","1":"product","2":"type-product","3":"status-publish","4":"has-post-thumbnail","6":"product_cat-bols","7":"product_tag-animaux","8":"pa_ciudad-mallorca","9":"pa_motivo-tortues","10":"pa_pais-espana","12":"first","13":"instock","14":"shipping-taxable","15":"product-type-simple"},"acf":[],"_links":{"self":[{"href":"https:\/\/olemosaic.orbitalia.org\/fr\/wp-json\/wp\/v2\/product\/29001","targetHints":{"allow":["GET"]}}],"collection":[{"href":"https:\/\/olemosaic.orbitalia.org\/fr\/wp-json\/wp\/v2\/product"}],"about":[{"href":"https:\/\/olemosaic.orbitalia.org\/fr\/wp-json\/wp\/v2\/types\/product"}],"wp:featuredmedia":[{"embeddable":true,"href":"https:\/\/olemosaic.orbitalia.org\/fr\/wp-json\/wp\/v2\/media\/10270"}],"wp:attachment":[{"href":"https:\/\/olemosaic.orbitalia.org\/fr\/wp-json\/wp\/v2\/media?parent=29001"}],"wp:term":[{"taxonomy":"product_brand","embeddable":true,"href":"https:\/\/olemosaic.orbitalia.org\/fr\/wp-json\/wp\/v2\/product_brand?post=29001"},{"taxonomy":"product_cat","embeddable":true,"href":"https:\/\/olemosaic.orbitalia.org\/fr\/wp-json\/wp\/v2\/product_cat?post=29001"},{"taxonomy":"product_tag","embeddable":true,"href":"https:\/\/olemosaic.orbitalia.org\/fr\/wp-json\/wp\/v2\/product_tag?post=29001"}],"curies":[{"name":"wp","href":"https:\/\/api.w.org\/{rel}","templated":true}]}}