{"id":29000,"date":"2025-02-20T23:30:35","date_gmt":"2025-02-20T22:30:35","guid":{"rendered":"https:\/\/olemosaic.orbitalia.org\/producto\/bol-de-coco-fucsia-tortuga-2\/"},"modified":"2025-07-25T20:37:31","modified_gmt":"2025-07-25T18:37:31","slug":"bol-noix-de-coco-fuchsia-tortue-2","status":"publish","type":"product","link":"https:\/\/olemosaic.orbitalia.org\/fr\/produit\/bol-noix-de-coco-fuchsia-tortue-2\/","title":{"rendered":"Bol en noix de coco fuchsia. Tortue. Style m\u00e9diterran\u00e9en."},"content":{"rendered":"<p>Ce bol en noix de coco fuchsia est une pi\u00e8ce exceptionnelle qui capture l&rsquo;essence vibrante de la culture maritime. Avec une finition \u00e9l\u00e9gante dans les tons fuchsia, ce bol se distingue par ses mosa\u00efques de coquillages qui refl\u00e8tent la lumi\u00e8re de mani\u00e8re \u00e9blouissante, cr\u00e9ant un effet visuel spectaculaire qui transformera n&rsquo;importe quel espace. Au centre du bol se trouve une illustration d\u00e9licate d&rsquo;une tortue, symbole de la richesse et de la biodiversit\u00e9 de l&rsquo;environnement marin, un rappel de la connexion avec la nature et de l&rsquo;importance de sa conservation.<\/p>\n<p>La forme organique du bol ajoute une touche distinctive, en faisant un souvenir moderne et attrayant qui n&rsquo;est pas seulement fonctionnel, mais aussi une pi\u00e8ce d&rsquo;art d\u00e9corative. Id\u00e9al pour ceux qui recherchent un souvenir repr\u00e9sentatif lors de leurs voyages, ce bol en noix de coco fuchsia est parfait pour les boutiques de cadeaux touristiques qui souhaitent offrir des produits mettant en valeur la culture et la beaut\u00e9 de l&rsquo;environnement local. Chez Ol\u00e9 Mosaic, nous sommes un distributeur d&rsquo;art et de souvenirs en gros, et ce produit refl\u00e8te notre d\u00e9vouement \u00e0 l&rsquo;authenticit\u00e9 et \u00e0 la qualit\u00e9. Ce bol n&rsquo;est pas seulement un article d\u00e9coratif ; c&rsquo;est un petit morceau de l&rsquo;essence c\u00f4ti\u00e8re, id\u00e9al pour ceux qui souhaitent ramener chez eux un souvenir authentique et exotique.<\/p>\n","protected":false},"excerpt":{"rendered":"<p>Bol en noix de coco fuchsia d\u00e9cor\u00e9 d&rsquo;un design color\u00e9 et original. Cet \u00e9l\u00e9gant bol, avec une finition dans les tons fuchsia et des mosa\u00efques de coquillages qui refl\u00e8tent la lumi\u00e8re, pr\u00e9sente au centre une tortue, symbole de la richesse naturelle de l&rsquo;environnement marin. Sa finition brillante et sa forme organique en font un souvenir attrayant, id\u00e9al pour donner une touche exotique \u00e0 n&rsquo;importe quel espace.<\/p>\n","protected":false},"featured_media":11848,"template":"","meta":{"_acf_changed":false},"product_brand":[],"product_cat":[521],"product_tag":[530],"class_list":{"0":"post-29000","1":"product","2":"type-product","3":"status-publish","4":"has-post-thumbnail","6":"product_cat-bols","7":"product_tag-animaux","8":"pa_motivo-tortues","10":"first","11":"instock","12":"shipping-taxable","13":"product-type-simple"},"acf":[],"_links":{"self":[{"href":"https:\/\/olemosaic.orbitalia.org\/fr\/wp-json\/wp\/v2\/product\/29000","targetHints":{"allow":["GET"]}}],"collection":[{"href":"https:\/\/olemosaic.orbitalia.org\/fr\/wp-json\/wp\/v2\/product"}],"about":[{"href":"https:\/\/olemosaic.orbitalia.org\/fr\/wp-json\/wp\/v2\/types\/product"}],"wp:featuredmedia":[{"embeddable":true,"href":"https:\/\/olemosaic.orbitalia.org\/fr\/wp-json\/wp\/v2\/media\/11848"}],"wp:attachment":[{"href":"https:\/\/olemosaic.orbitalia.org\/fr\/wp-json\/wp\/v2\/media?parent=29000"}],"wp:term":[{"taxonomy":"product_brand","embeddable":true,"href":"https:\/\/olemosaic.orbitalia.org\/fr\/wp-json\/wp\/v2\/product_brand?post=29000"},{"taxonomy":"product_cat","embeddable":true,"href":"https:\/\/olemosaic.orbitalia.org\/fr\/wp-json\/wp\/v2\/product_cat?post=29000"},{"taxonomy":"product_tag","embeddable":true,"href":"https:\/\/olemosaic.orbitalia.org\/fr\/wp-json\/wp\/v2\/product_tag?post=29000"}],"curies":[{"name":"wp","href":"https:\/\/api.w.org\/{rel}","templated":true}]}}