{"id":28997,"date":"2025-02-20T23:30:34","date_gmt":"2025-02-20T22:30:34","guid":{"rendered":"https:\/\/olemosaic.orbitalia.org\/producto\/bol-de-coco-fucsia-salamandra-3\/"},"modified":"2025-07-25T19:13:08","modified_gmt":"2025-07-25T17:13:08","slug":"bol-noix-de-coco-fuchsia-salamandre-3","status":"publish","type":"product","link":"https:\/\/olemosaic.orbitalia.org\/fr\/produit\/bol-noix-de-coco-fuchsia-salamandre-3\/","title":{"rendered":"Bol en noix de coco fuchsia. Salamandre. Mosa\u00efque."},"content":{"rendered":"<p>Ce bol en noix de coco fuchsia est une pi\u00e8ce d\u00e9corative unique, qui se distingue par son design vibrant de salamandre, apportant une touche artistique et joyeuse \u00e0 n&rsquo;importe quel espace. La surface du bol pr\u00e9sente une mosa\u00efque color\u00e9e dans les tons fuchsia, cr\u00e9ant un contraste attrayant avec la base en c\u00e9ramique lisse \u00e0 l&rsquo;int\u00e9rieur. Au centre, une figure \u00e0 l&rsquo;effet peint \u00e0 la main d&rsquo;une salamandre dans les tons marron ressort, \u00e9voquant la riche faune qui habite diverses r\u00e9gions d&rsquo;Espagne, particuli\u00e8rement dans le sud, o\u00f9 ces cr\u00e9atures sont un symbole de vitalit\u00e9 et d&rsquo;adaptation \u00e0 l&rsquo;environnement.<\/p>\n<p>La fabrication de ce bol est un exemple parfait de l&rsquo;artisanat traditionnel de la r\u00e9gion, o\u00f9 les \u00e9l\u00e9ments naturels se combinent avec des techniques artistiques pour offrir une pi\u00e8ce non seulement d\u00e9corative, mais aussi fonctionnelle. Il est id\u00e9al aussi bien pour un usage quotidien que pour embellir une vitrine, rehaussant l&rsquo;esth\u00e9tique de n&rsquo;importe quelle pi\u00e8ce. Son m\u00e9lange de textures et de couleurs en fait un souvenir exceptionnel, repr\u00e9sentant la culture locale.<\/p>\n<p>Chez Ol\u00e9 Mosaic, nous nous sp\u00e9cialisons dans la distribution de souvenirs en gros, offrant des produits authentiques qui refl\u00e8tent la richesse culturelle de leur origine. Ce bol en noix de coco est une option parfaite pour les boutiques de cadeaux touristiques qui cherchent \u00e0 offrir \u00e0 leurs clients des pi\u00e8ces authentiques avec un lien culturel fort. En choisissant ce bol fuchsia pour votre collection, vous apporterez une touche de cr\u00e9ativit\u00e9 et de tradition qui ravira les touristes \u00e0 la recherche de souvenirs uniques.<\/p>\n","protected":false},"excerpt":{"rendered":"<p>Bol en noix de coco fuchsia d\u00e9cor\u00e9 d&rsquo;un design vibrant de salamandre, id\u00e9al pour embellir n&rsquo;importe quel espace. Cet article pr\u00e9sente une mosa\u00efque color\u00e9e de tons fuchsia et une base en c\u00e9ramique lisse, mettant en valeur la figure peinte de la salamandre dans les tons marron. Le m\u00e9lange de textures et de couleurs fait de ce bol une pi\u00e8ce distinctive, parfaite comme \u00e9l\u00e9ment d\u00e9coratif ou pour un usage quotidien, \u00e9voquant le caract\u00e8re artistique et naturel de la r\u00e9gion.<\/p>\n","protected":false},"featured_media":11836,"template":"","meta":{"_acf_changed":false},"product_brand":[],"product_cat":[521],"product_tag":[530],"class_list":{"0":"post-28997","1":"product","2":"type-product","3":"status-publish","4":"has-post-thumbnail","6":"product_cat-bols","7":"product_tag-animaux","8":"pa_motivo-salamandres","10":"first","11":"instock","12":"shipping-taxable","13":"product-type-simple"},"acf":[],"_links":{"self":[{"href":"https:\/\/olemosaic.orbitalia.org\/fr\/wp-json\/wp\/v2\/product\/28997","targetHints":{"allow":["GET"]}}],"collection":[{"href":"https:\/\/olemosaic.orbitalia.org\/fr\/wp-json\/wp\/v2\/product"}],"about":[{"href":"https:\/\/olemosaic.orbitalia.org\/fr\/wp-json\/wp\/v2\/types\/product"}],"wp:featuredmedia":[{"embeddable":true,"href":"https:\/\/olemosaic.orbitalia.org\/fr\/wp-json\/wp\/v2\/media\/11836"}],"wp:attachment":[{"href":"https:\/\/olemosaic.orbitalia.org\/fr\/wp-json\/wp\/v2\/media?parent=28997"}],"wp:term":[{"taxonomy":"product_brand","embeddable":true,"href":"https:\/\/olemosaic.orbitalia.org\/fr\/wp-json\/wp\/v2\/product_brand?post=28997"},{"taxonomy":"product_cat","embeddable":true,"href":"https:\/\/olemosaic.orbitalia.org\/fr\/wp-json\/wp\/v2\/product_cat?post=28997"},{"taxonomy":"product_tag","embeddable":true,"href":"https:\/\/olemosaic.orbitalia.org\/fr\/wp-json\/wp\/v2\/product_tag?post=28997"}],"curies":[{"name":"wp","href":"https:\/\/api.w.org\/{rel}","templated":true}]}}