{"id":28966,"date":"2025-02-20T23:30:34","date_gmt":"2025-02-20T22:30:34","guid":{"rendered":"https:\/\/olemosaic.orbitalia.org\/producto\/bol-de-coco-fucsia-ibiscus-3\/"},"modified":"2025-07-25T20:22:20","modified_gmt":"2025-07-25T18:22:20","slug":"bol-noix-de-coco-fuchsia-hibiscus-3","status":"publish","type":"product","link":"https:\/\/olemosaic.orbitalia.org\/fr\/produit\/bol-noix-de-coco-fuchsia-hibiscus-3\/","title":{"rendered":"Bol en noix de coco fuchsia. Hibiscus. Mosa\u00efque."},"content":{"rendered":"<p>Ce bol en noix de coco fuchsia est une pi\u00e8ce d\u00e9corative unique qui capture l&rsquo;essence vibrante et tropicale des \u00eeles. Fabriqu\u00e9 de mani\u00e8re artisanale, son int\u00e9rieur est peint dans un ton fuchsia intense qui attire tous les regards, tandis qu&rsquo;au centre figure un d\u00e9licat motif d&rsquo;hibiscus blanc, symbole de beaut\u00e9 et d&rsquo;hospitalit\u00e9 dans de nombreuses cultures insulaires. Le bord du bol pr\u00e9sente un motif de mosa\u00efque sophistiqu\u00e9 dans des tons doux, qui rehausse son \u00e9l\u00e9gance et en fait le compl\u00e9ment parfait pour tout espace, que ce soit \u00e0 la maison, dans un restaurant ou une boutique.<\/p>\n<p>Ce bol n&rsquo;est pas seulement fonctionnel, mais il agit \u00e9galement comme un rappel de la chaleur et du style distinctif des \u00eeles. Id\u00e9al pour servir des ap\u00e9ritifs, comme centre de table ou simplement comme un accessoire d\u00e9coratif attrayant, ce bol en noix de coco est un excellent cadeau original qui \u00e9voque la joie de la vie insulaire. Chez Ol\u00e9 Mosaic, nous sommes fiers de proposer des souvenirs authentiques qui refl\u00e8tent la culture et la tradition des r\u00e9gions que nous repr\u00e9sentons. Ce bol en noix de coco fuchsia est un choix parfait pour les boutiques de cadeaux touristiques \u00e0 la recherche de produits de qualit\u00e9 et de pertinence culturelle. En tant que grossistes de souvenirs, nous garantissons que chaque pi\u00e8ce souligne l&rsquo;authenticit\u00e9 et le caract\u00e8re distinctif de son origine.<\/p>\n","protected":false},"excerpt":{"rendered":"<p>Bol en noix de coco fuchsia avec motif d&rsquo;hibiscus, parfait pour donner une touche vibrante \u00e0 n&rsquo;importe quel espace. Fabriqu\u00e9 artisanalement, ce bol pr\u00e9sente un int\u00e9rieur fuchsia intense avec un d\u00e9licat motif de fleur blanche au centre, entour\u00e9 d&rsquo;un bord avec un motif de mosa\u00efque dans des tons doux. Son design attrayant et color\u00e9 en fait un excellent accessoire d\u00e9coratif ou un cadeau original qui \u00e9voque la chaleur et le style des \u00eeles.<\/p>\n","protected":false},"featured_media":13400,"template":"","meta":{"_acf_changed":false},"product_brand":[],"product_cat":[521],"product_tag":[],"class_list":{"0":"post-28966","1":"product","2":"type-product","3":"status-publish","4":"has-post-thumbnail","6":"product_cat-bols","7":"pa_motivo-hibiscus","9":"first","10":"instock","11":"shipping-taxable","12":"product-type-simple"},"acf":[],"_links":{"self":[{"href":"https:\/\/olemosaic.orbitalia.org\/fr\/wp-json\/wp\/v2\/product\/28966","targetHints":{"allow":["GET"]}}],"collection":[{"href":"https:\/\/olemosaic.orbitalia.org\/fr\/wp-json\/wp\/v2\/product"}],"about":[{"href":"https:\/\/olemosaic.orbitalia.org\/fr\/wp-json\/wp\/v2\/types\/product"}],"wp:featuredmedia":[{"embeddable":true,"href":"https:\/\/olemosaic.orbitalia.org\/fr\/wp-json\/wp\/v2\/media\/13400"}],"wp:attachment":[{"href":"https:\/\/olemosaic.orbitalia.org\/fr\/wp-json\/wp\/v2\/media?parent=28966"}],"wp:term":[{"taxonomy":"product_brand","embeddable":true,"href":"https:\/\/olemosaic.orbitalia.org\/fr\/wp-json\/wp\/v2\/product_brand?post=28966"},{"taxonomy":"product_cat","embeddable":true,"href":"https:\/\/olemosaic.orbitalia.org\/fr\/wp-json\/wp\/v2\/product_cat?post=28966"},{"taxonomy":"product_tag","embeddable":true,"href":"https:\/\/olemosaic.orbitalia.org\/fr\/wp-json\/wp\/v2\/product_tag?post=28966"}],"curies":[{"name":"wp","href":"https:\/\/api.w.org\/{rel}","templated":true}]}}