{"id":28965,"date":"2025-02-20T23:30:34","date_gmt":"2025-02-20T22:30:34","guid":{"rendered":"https:\/\/olemosaic.orbitalia.org\/producto\/bol-de-coco-fucsia-tortuga-barcelona-3\/"},"modified":"2025-07-25T19:58:13","modified_gmt":"2025-07-25T17:58:13","slug":"bol-noix-de-coco-fuchsia-tortue-barcelone-3","status":"publish","type":"product","link":"https:\/\/olemosaic.orbitalia.org\/fr\/produit\/bol-noix-de-coco-fuchsia-tortue-barcelone-3\/","title":{"rendered":"Bol en noix de coco fuchsia. Tortue. Style m\u00e9diterran\u00e9en. Barcelone."},"content":{"rendered":"<p>Ce bol en noix de coco fuchsia est une pi\u00e8ce d\u00e9corative unique qui capture l&rsquo;essence vibrante de Barcelone. Avec un design innovant qui se distingue par sa finition en mosa\u00efque, ce bol combine des cercles de couleur fuchsia qui contrastent avec un fond clair, cr\u00e9ant un effet visuel joyeux et moderne. Au centre, une \u00e9l\u00e9gante tortue stylis\u00e9e repose sur une base qui filtre la lumi\u00e8re de mani\u00e8re exceptionnelle, apportant une touche de fra\u00eecheur et d&rsquo;originalit\u00e9 au design. Le mot \u00ab\u00a0Barcelone\u00a0\u00bb, \u00e9crit avec une typographie attrayante, compl\u00e8te le motif central, faisant de chaque utilisation de ce bol une connexion avec la riche culture de cette ville embl\u00e9matique.<\/p>\n<p>Ce bol est parfait aussi bien pour un usage quotidien que comme pi\u00e8ce d\u00e9corative, offrant une fusion parfaite entre art et fonctionnalit\u00e9. Son design color\u00e9 en fait un excellent cadeau pour ceux qui recherchent des souvenirs de Barcelone authentiques et repr\u00e9sentatifs. Chez Ol\u00e9 Mosaic, nous distribuons des souvenirs de qualit\u00e9 et ce bol en noix de coco fuchsia est un exemple clair de notre offre. En tant que grossistes de produits artisanaux, nous garantissons que chaque pi\u00e8ce refl\u00e8te l&rsquo;essence culturelle espagnole, devenant un souvenir m\u00e9morable pour les touristes et les visiteurs. Id\u00e9al pour les boutiques de cadeaux touristiques souhaitant int\u00e9grer des articles uniques et significatifs dans leur catalogue.<\/p>\n","protected":false},"excerpt":{"rendered":"<p>Bol en noix de coco peint en fuchsia avec un motif de tortue, un clin d&rsquo;\u0153il \u00e0 l&rsquo;essence de Barcelone. Ce bol \u00e9l\u00e9gant se distingue par sa finition en mosa\u00efque, avec des cercles fuchsia contrastant avec le fond clair, apportant une touche vibrante et moderne. Au centre, une tortue stylis\u00e9e se dresse sur une base, accompagn\u00e9e du texte \u00ab\u00a0Barcelone\u00a0\u00bb dans une typographie attrayante. Id\u00e9al comme pi\u00e8ce d\u00e9corative ou pour un usage quotidien, il allie art et fonctionnalit\u00e9.<\/p>\n","protected":false},"featured_media":11876,"template":"","meta":{"_acf_changed":false},"product_brand":[],"product_cat":[521],"product_tag":[530],"class_list":{"0":"post-28965","1":"product","2":"type-product","3":"status-publish","4":"has-post-thumbnail","6":"product_cat-bols","7":"product_tag-animaux","8":"pa_ciudad-barcelona","9":"pa_motivo-tortues","10":"pa_pais-espana","12":"first","13":"instock","14":"shipping-taxable","15":"product-type-simple"},"acf":[],"_links":{"self":[{"href":"https:\/\/olemosaic.orbitalia.org\/fr\/wp-json\/wp\/v2\/product\/28965","targetHints":{"allow":["GET"]}}],"collection":[{"href":"https:\/\/olemosaic.orbitalia.org\/fr\/wp-json\/wp\/v2\/product"}],"about":[{"href":"https:\/\/olemosaic.orbitalia.org\/fr\/wp-json\/wp\/v2\/types\/product"}],"wp:featuredmedia":[{"embeddable":true,"href":"https:\/\/olemosaic.orbitalia.org\/fr\/wp-json\/wp\/v2\/media\/11876"}],"wp:attachment":[{"href":"https:\/\/olemosaic.orbitalia.org\/fr\/wp-json\/wp\/v2\/media?parent=28965"}],"wp:term":[{"taxonomy":"product_brand","embeddable":true,"href":"https:\/\/olemosaic.orbitalia.org\/fr\/wp-json\/wp\/v2\/product_brand?post=28965"},{"taxonomy":"product_cat","embeddable":true,"href":"https:\/\/olemosaic.orbitalia.org\/fr\/wp-json\/wp\/v2\/product_cat?post=28965"},{"taxonomy":"product_tag","embeddable":true,"href":"https:\/\/olemosaic.orbitalia.org\/fr\/wp-json\/wp\/v2\/product_tag?post=28965"}],"curies":[{"name":"wp","href":"https:\/\/api.w.org\/{rel}","templated":true}]}}