{"id":28948,"date":"2025-02-20T23:30:33","date_gmt":"2025-02-20T22:30:33","guid":{"rendered":"https:\/\/olemosaic.orbitalia.org\/producto\/bol-de-coco-fucsia-tortuga\/"},"modified":"2025-07-25T20:39:54","modified_gmt":"2025-07-25T18:39:54","slug":"bol-noix-de-coco-fuchsia-tortue","status":"publish","type":"product","link":"https:\/\/olemosaic.orbitalia.org\/fr\/produit\/bol-noix-de-coco-fuchsia-tortue\/","title":{"rendered":"Bol en noix de coco fuchsia. Tortue."},"content":{"rendered":"<p>Ce bol en noix de coco fuchsia est un chef-d&rsquo;\u0153uvre artisanal qui se distingue par ses couleurs vibrantes et joyeuses, parfait pour compl\u00e9ter n&rsquo;importe quel espace et apporter une touche culturelle. Fabriqu\u00e9 \u00e0 partir d&rsquo;une coque de noix de coco, ce design unique pr\u00e9sente un int\u00e9rieur fuchsia intense qui rehausse la beaut\u00e9 d&rsquo;un dessin complexe de tortue entour\u00e9e de d\u00e9licats motifs floraux. Chaque d\u00e9tail a \u00e9t\u00e9 peint \u00e0 la main, garantissant que chaque pi\u00e8ce est unique et refl\u00e8te le savoir-faire des artisans locaux.<\/p>\n<p>La tortue, symbole de sagesse et de long\u00e9vit\u00e9 dans de nombreuses cultures, est situ\u00e9e au centre du bol, ajoutant une signification particuli\u00e8re au design. Les motifs floraux qui l&rsquo;entourent capturent l&rsquo;essence du folklore espagnol, faisant de ce bol un souvenir authentique qui c\u00e9l\u00e8bre le riche h\u00e9ritage culturel de la r\u00e9gion. Utilis\u00e9 aussi bien comme objet d\u00e9coratif que pour servir des ap\u00e9ritifs, ce bol est une excellente id\u00e9e de souvenir pour ceux qui cherchent \u00e0 ramener un morceau d&rsquo;Espagne chez eux.<\/p>\n<p>Chez Ol\u00e9 Mosaic, distributeur de souvenirs en gros, nous proposons des produits de qualit\u00e9 que repr\u00e9sentent la diversit\u00e9 culturelle espagnole. Ce bol en noix de coco fuchsia est l&rsquo;option parfaite pour les boutiques de cadeaux touristiques qui souhaitent offrir des articles authentiques et attrayants \u00e0 leurs clients.<\/p>\n","protected":false},"excerpt":{"rendered":"<p>Bol en noix de coco fuchsia d\u00e9cor\u00e9 d&rsquo;une tortue, parfait pour compl\u00e9ter n&rsquo;importe quel espace. Cet article artisanal pr\u00e9sente un int\u00e9rieur fuchsia vibrant, orn\u00e9 d&rsquo;un design complexe de tortue entour\u00e9e de motifs floraux. Le bol, fabriqu\u00e9 \u00e0 partir d&rsquo;une coque de noix de coco, pr\u00e9sente un design artisanal peint \u00e0 la main, ce qui garantit la singularit\u00e9 de chaque pi\u00e8ce. Une touche de couleur et de culture qui rehausse la beaut\u00e9 du folklore espagnol.<\/p>\n","protected":false},"featured_media":10064,"template":"","meta":{"_acf_changed":false},"product_brand":[],"product_cat":[521],"product_tag":[530],"class_list":{"0":"post-28948","1":"product","2":"type-product","3":"status-publish","4":"has-post-thumbnail","6":"product_cat-bols","7":"product_tag-animaux","8":"pa_motivo-tortues","10":"first","11":"instock","12":"shipping-taxable","13":"product-type-simple"},"acf":[],"_links":{"self":[{"href":"https:\/\/olemosaic.orbitalia.org\/fr\/wp-json\/wp\/v2\/product\/28948","targetHints":{"allow":["GET"]}}],"collection":[{"href":"https:\/\/olemosaic.orbitalia.org\/fr\/wp-json\/wp\/v2\/product"}],"about":[{"href":"https:\/\/olemosaic.orbitalia.org\/fr\/wp-json\/wp\/v2\/types\/product"}],"wp:featuredmedia":[{"embeddable":true,"href":"https:\/\/olemosaic.orbitalia.org\/fr\/wp-json\/wp\/v2\/media\/10064"}],"wp:attachment":[{"href":"https:\/\/olemosaic.orbitalia.org\/fr\/wp-json\/wp\/v2\/media?parent=28948"}],"wp:term":[{"taxonomy":"product_brand","embeddable":true,"href":"https:\/\/olemosaic.orbitalia.org\/fr\/wp-json\/wp\/v2\/product_brand?post=28948"},{"taxonomy":"product_cat","embeddable":true,"href":"https:\/\/olemosaic.orbitalia.org\/fr\/wp-json\/wp\/v2\/product_cat?post=28948"},{"taxonomy":"product_tag","embeddable":true,"href":"https:\/\/olemosaic.orbitalia.org\/fr\/wp-json\/wp\/v2\/product_tag?post=28948"}],"curies":[{"name":"wp","href":"https:\/\/api.w.org\/{rel}","templated":true}]}}