{"id":28947,"date":"2025-02-20T23:30:33","date_gmt":"2025-02-20T22:30:33","guid":{"rendered":"https:\/\/olemosaic.orbitalia.org\/producto\/bol-de-coco-fucsia-flamenco-3\/"},"modified":"2025-07-25T21:24:58","modified_gmt":"2025-07-25T19:24:58","slug":"bol-noix-de-coco-fuchsia-flamenco-3","status":"publish","type":"product","link":"https:\/\/olemosaic.orbitalia.org\/fr\/produit\/bol-noix-de-coco-fuchsia-flamenco-3\/","title":{"rendered":"Bol en noix de coco fuchsia. Flamenco. Espagne."},"content":{"rendered":"<p>Ce bol en noix de coco fuchsia est une magnifique pi\u00e8ce d\u00e9corative qui capture l&rsquo;essence vibrante de la culture andalouse. Con\u00e7u avec des mosa\u00efques dans les tons fuchsia, ce bol se distingue par son attrait et sa singularit\u00e9. Au centre, un dessin d\u00e9licat de deux flamants roses dans une \u00e9treinte romantique ajoute une touche d&rsquo;\u00e9l\u00e9gance et symbolise la beaut\u00e9 de la faune du sud de l&rsquo;Espagne. La lumi\u00e8re se refl\u00e8te avec charme sur sa finition, cr\u00e9ant une atmosph\u00e8re chaleureuse et accueillante, id\u00e9ale pour apporter une touche de couleur \u00e0 n&rsquo;importe quelle table ou espace. Ce bol, polyvalent et moderne, peut \u00eatre utilis\u00e9 aussi bien pour servir de la nourriture que pour d\u00e9corer la maison, devenant une pi\u00e8ce fonctionnelle qui attire non seulement l&rsquo;attention par son apparence, mais poss\u00e8de \u00e9galement une profonde signification culturelle.<\/p>\n<p>Le flamant rose, oiseau embl\u00e9matique de la r\u00e9gion, repr\u00e9sente le lien avec l&rsquo;environnement naturel de l&rsquo;Andalousie et sa riche biodiversit\u00e9. Chez Ol\u00e9 Mosaic, nous sommes des distributeurs de souvenirs en gros, et ce bol en noix de coco est un souvenir authentique qui refl\u00e8te la tradition artisanale de l&rsquo;Espagne. Une option exceptionnelle pour les boutiques de cadeaux touristiques cherchant \u00e0 proposer des produits uniques et repr\u00e9sentatifs de la culture locale, ce bol ne sert pas seulement de cadeau, mais devient un morceau de l&rsquo;esprit andalou enchanteur que les touristes pourront emporter avec eux.<\/p>\n","protected":false},"excerpt":{"rendered":"<p>Bol en noix de coco fuchsia avec motifs de flamants roses. Ce bol attrayant pr\u00e9sente un design vibrant, d\u00e9cor\u00e9 de mosa\u00efques dans les tons fuchsia et d&rsquo;un dessin d\u00e9licat de deux flamants roses au centre. Parfait pour ajouter une touche andalouse \u00e0 n&rsquo;importe quel espace, il allie tradition et style moderne. Sa finition refl\u00e8te la lumi\u00e8re de mani\u00e8re charmante, ce qui en fait une pi\u00e8ce id\u00e9ale tant pour la d\u00e9coration que pour un usage fonctionnel lors de repas.<\/p>\n","protected":false},"featured_media":13517,"template":"","meta":{"_acf_changed":false},"product_brand":[],"product_cat":[521],"product_tag":[530],"class_list":{"0":"post-28947","1":"product","2":"type-product","3":"status-publish","4":"has-post-thumbnail","6":"product_cat-bols","7":"product_tag-animaux","8":"pa_motivo-flamants-roses","10":"first","11":"instock","12":"shipping-taxable","13":"product-type-simple"},"acf":[],"_links":{"self":[{"href":"https:\/\/olemosaic.orbitalia.org\/fr\/wp-json\/wp\/v2\/product\/28947","targetHints":{"allow":["GET"]}}],"collection":[{"href":"https:\/\/olemosaic.orbitalia.org\/fr\/wp-json\/wp\/v2\/product"}],"about":[{"href":"https:\/\/olemosaic.orbitalia.org\/fr\/wp-json\/wp\/v2\/types\/product"}],"wp:featuredmedia":[{"embeddable":true,"href":"https:\/\/olemosaic.orbitalia.org\/fr\/wp-json\/wp\/v2\/media\/13517"}],"wp:attachment":[{"href":"https:\/\/olemosaic.orbitalia.org\/fr\/wp-json\/wp\/v2\/media?parent=28947"}],"wp:term":[{"taxonomy":"product_brand","embeddable":true,"href":"https:\/\/olemosaic.orbitalia.org\/fr\/wp-json\/wp\/v2\/product_brand?post=28947"},{"taxonomy":"product_cat","embeddable":true,"href":"https:\/\/olemosaic.orbitalia.org\/fr\/wp-json\/wp\/v2\/product_cat?post=28947"},{"taxonomy":"product_tag","embeddable":true,"href":"https:\/\/olemosaic.orbitalia.org\/fr\/wp-json\/wp\/v2\/product_tag?post=28947"}],"curies":[{"name":"wp","href":"https:\/\/api.w.org\/{rel}","templated":true}]}}