{"id":28940,"date":"2025-02-20T23:30:33","date_gmt":"2025-02-20T22:30:33","guid":{"rendered":"https:\/\/olemosaic.orbitalia.org\/producto\/bol-de-coco-fucsia-sardina-4\/"},"modified":"2025-07-25T19:22:45","modified_gmt":"2025-07-25T17:22:45","slug":"bol-noix-de-coco-fuchsia-sardine-lisbonne-4","status":"publish","type":"product","link":"https:\/\/olemosaic.orbitalia.org\/fr\/produit\/bol-noix-de-coco-fuchsia-sardine-lisbonne-4\/","title":{"rendered":"Bol en noix de coco fuchsia. Sardine. Lisbonne. Portugal."},"content":{"rendered":"<p>Ce bol en noix de coco fuchsia est une pi\u00e8ce d\u00e9corative exquise qui capture l&rsquo;essence vibrante de la culture portugaise. Avec sa mosa\u00efque attrayante pr\u00e9sentant des formes irr\u00e9guli\u00e8res dans des tons fuchsia et blanc, ce bol se distingue par son design artistique tr\u00e8s sp\u00e9cial qui rappelle la riche tradition de la c\u00e9ramique au Portugal. L&rsquo;int\u00e9rieur du bol, avec une finition brillante qui refl\u00e8te la lumi\u00e8re, contraste magnifiquement avec la texture naturelle de la noix de coco \u00e0 l&rsquo;ext\u00e9rieur, ce qui ajoute du caract\u00e8re et de l&rsquo;authenticit\u00e9 \u00e0 la pi\u00e8ce.<\/p>\n<p>Id\u00e9al pour embellir n&rsquo;importe quel coin de la maison, ce bol n&rsquo;est pas seulement un objet d\u00e9coratif, mais aussi un excellent souvenir qui symbolise la chaleur et la cr\u00e9ativit\u00e9 de la r\u00e9gion. Son design inspirant \u00e9voque les rues color\u00e9es et les azulejos typiques des villes portugaises, faisant de ce bol un rappel parfait du riche h\u00e9ritage culturel du pays.<\/p>\n<p>Chez Ol\u00e9 Mosaic, nous sommes fiers de proposer des produits authentiques et de qualit\u00e9. Ce bol en noix de coco fuchsia est un excellent choix pour les boutiques de cadeaux touristiques \u00e0 la recherche d&rsquo;articles uniques et repr\u00e9sentatifs du Portugal. En tant que grossistes de souvenirs, nous garantissons une vari\u00e9t\u00e9 de pi\u00e8ces qui c\u00e9l\u00e8brent l&rsquo;identit\u00e9 culturelle et artistique de chaque r\u00e9gion, ce qui en fait un produit phare pour tout amateur de souvenirs authentiques.<\/p>\n","protected":false},"excerpt":{"rendered":"<p>Bol en noix de coco fuchsia d\u00e9cor\u00e9 d&rsquo;une mosa\u00efque attrayante pr\u00e9sentant des formes irr\u00e9guli\u00e8res dans des tons fuchsia et blanc. Cet article singulier, inspir\u00e9 de la riche culture portugaise, combine le naturel de la noix de coco avec un design artistique qui \u00e9voque la tradition c\u00e9ramique de la r\u00e9gion. Sa finition brillante et les d\u00e9tails en mosa\u00efque en font une pi\u00e8ce id\u00e9ale pour embellir n&rsquo;importe quel coin de votre maison.<\/p>\n","protected":false},"featured_media":11987,"template":"","meta":{"_acf_changed":false},"product_brand":[],"product_cat":[521],"product_tag":[530],"class_list":{"0":"post-28940","1":"product","2":"type-product","3":"status-publish","4":"has-post-thumbnail","6":"product_cat-bols","7":"product_tag-animaux","8":"pa_motivo-sardines","9":"pa_pais-portugal","11":"first","12":"instock","13":"shipping-taxable","14":"product-type-simple"},"acf":[],"_links":{"self":[{"href":"https:\/\/olemosaic.orbitalia.org\/fr\/wp-json\/wp\/v2\/product\/28940","targetHints":{"allow":["GET"]}}],"collection":[{"href":"https:\/\/olemosaic.orbitalia.org\/fr\/wp-json\/wp\/v2\/product"}],"about":[{"href":"https:\/\/olemosaic.orbitalia.org\/fr\/wp-json\/wp\/v2\/types\/product"}],"wp:featuredmedia":[{"embeddable":true,"href":"https:\/\/olemosaic.orbitalia.org\/fr\/wp-json\/wp\/v2\/media\/11987"}],"wp:attachment":[{"href":"https:\/\/olemosaic.orbitalia.org\/fr\/wp-json\/wp\/v2\/media?parent=28940"}],"wp:term":[{"taxonomy":"product_brand","embeddable":true,"href":"https:\/\/olemosaic.orbitalia.org\/fr\/wp-json\/wp\/v2\/product_brand?post=28940"},{"taxonomy":"product_cat","embeddable":true,"href":"https:\/\/olemosaic.orbitalia.org\/fr\/wp-json\/wp\/v2\/product_cat?post=28940"},{"taxonomy":"product_tag","embeddable":true,"href":"https:\/\/olemosaic.orbitalia.org\/fr\/wp-json\/wp\/v2\/product_tag?post=28940"}],"curies":[{"name":"wp","href":"https:\/\/api.w.org\/{rel}","templated":true}]}}