{"id":28939,"date":"2025-02-20T23:30:32","date_gmt":"2025-02-20T22:30:32","guid":{"rendered":"https:\/\/olemosaic.orbitalia.org\/producto\/bol-de-coco-fucsia-mano-2\/"},"modified":"2025-07-25T19:38:46","modified_gmt":"2025-07-25T17:38:46","slug":"bol-noix-de-coco-fuchsia-main-khamsa-2","status":"publish","type":"product","link":"https:\/\/olemosaic.orbitalia.org\/fr\/produit\/bol-noix-de-coco-fuchsia-main-khamsa-2\/","title":{"rendered":"Bol en noix de coco fuchsia. Main. Khamsa."},"content":{"rendered":"<p>Ce bol en noix de coco fuchsia est une pi\u00e8ce artisanale exquise qui encapsule la culture m\u00e9diterran\u00e9enne vibrante, id\u00e9ale pour d\u00e9corer et organiser de petits objets avec une touche d&rsquo;originalit\u00e9. Avec une teinte fuchsia brillante qui souligne sa finition polie, ce bol pr\u00e9sente un design central captivant de la main de Fatma, un symbole universel de protection et de bonne fortune. La main, orn\u00e9e d&rsquo;un \u0153il, se d\u00e9tache sur un fond rayonnant qui d\u00e9gage une \u00e9nergie positive. Le bord du bol, d\u00e9cor\u00e9 de c\u0153urs d\u00e9licats, ajoute une touche d&rsquo;amour et de chaleur, en faisant une pi\u00e8ce non seulement fonctionnelle, mais aussi esth\u00e9tiquement attrayante.<\/p>\n<p>Fabriqu\u00e9 \u00e0 la main par des artisans locaux, chaque bol est une \u0153uvre unique qui refl\u00e8te la riche tradition de l&rsquo;art d\u00e9coratif de la r\u00e9gion. Ce bol en noix de coco est parfait pour ceux qui recherchent des souvenirs authentiques et significatifs de leur voyage, offrant un morceau de la culture locale \u00e0 emporter chez soi. Chez Ol\u00e9 Mosaic, notre engagement envers la qualit\u00e9 et l&rsquo;authenticit\u00e9 se manifeste dans ce magnifique bol, une excellente option pour les boutiques de cadeaux touristiques souhaitant proposer des produits charg\u00e9s d&rsquo;histoire. En tant que distributeurs de souvenirs, nous garantissons que ce bol embellira non seulement n&rsquo;importe quel espace, mais r\u00e9sonnera \u00e9galement avec l&rsquo;histoire et la culture de son origine.<\/p>\n","protected":false},"excerpt":{"rendered":"<p>Bol en noix de coco fuchsia fabriqu\u00e9 \u00e0 la main, id\u00e9al pour d\u00e9corer et organiser de petits objets. Ce pr\u00e9cieux bol pr\u00e9sente une teinte fuchsia vibrante avec un design central de la main de Fatma, symbole de protection, et un bord d\u00e9cor\u00e9 de c\u0153urs. Sa finition brillante et l&rsquo;utilisation de techniques artisanales lui donnent une touche unique et color\u00e9e, parfaite pour apporter un air vibrant et culturel \u00e0 n&rsquo;importe quel espace.<\/p>\n","protected":false},"featured_media":13457,"template":"","meta":{"_acf_changed":false},"product_brand":[],"product_cat":[521],"product_tag":[],"class_list":{"0":"post-28939","1":"product","2":"type-product","3":"status-publish","4":"has-post-thumbnail","6":"product_cat-bols","7":"pa_motivo-mains","9":"first","10":"instock","11":"shipping-taxable","12":"product-type-simple"},"acf":[],"_links":{"self":[{"href":"https:\/\/olemosaic.orbitalia.org\/fr\/wp-json\/wp\/v2\/product\/28939","targetHints":{"allow":["GET"]}}],"collection":[{"href":"https:\/\/olemosaic.orbitalia.org\/fr\/wp-json\/wp\/v2\/product"}],"about":[{"href":"https:\/\/olemosaic.orbitalia.org\/fr\/wp-json\/wp\/v2\/types\/product"}],"wp:featuredmedia":[{"embeddable":true,"href":"https:\/\/olemosaic.orbitalia.org\/fr\/wp-json\/wp\/v2\/media\/13457"}],"wp:attachment":[{"href":"https:\/\/olemosaic.orbitalia.org\/fr\/wp-json\/wp\/v2\/media?parent=28939"}],"wp:term":[{"taxonomy":"product_brand","embeddable":true,"href":"https:\/\/olemosaic.orbitalia.org\/fr\/wp-json\/wp\/v2\/product_brand?post=28939"},{"taxonomy":"product_cat","embeddable":true,"href":"https:\/\/olemosaic.orbitalia.org\/fr\/wp-json\/wp\/v2\/product_cat?post=28939"},{"taxonomy":"product_tag","embeddable":true,"href":"https:\/\/olemosaic.orbitalia.org\/fr\/wp-json\/wp\/v2\/product_tag?post=28939"}],"curies":[{"name":"wp","href":"https:\/\/api.w.org\/{rel}","templated":true}]}}