{"id":28937,"date":"2025-02-20T22:30:32","date_gmt":"2025-02-20T22:30:32","guid":{"rendered":"https:\/\/olemosaic.orbitalia.org\/producto\/bol-de-coco-fucsia-delfin-tenerife\/"},"modified":"2025-07-25T20:17:12","modified_gmt":"2025-07-25T18:17:12","slug":"bol-noix-de-coco-fuchsia-dauphin-tenerife","status":"publish","type":"product","link":"https:\/\/olemosaic.orbitalia.org\/fr\/produit\/bol-noix-de-coco-fuchsia-dauphin-tenerife\/","title":{"rendered":"Bol en noix de coco fuchsia. Dauphin. Tenerife."},"content":{"rendered":"<p>Ce bol en noix de coco fuchsia est une pi\u00e8ce d\u00e9corative exceptionnelle qui capture la beaut\u00e9 de l&rsquo;oc\u00e9an et l&rsquo;artisanat des Canaries. Originaire de Tenerife, il pr\u00e9sente un design vibrant et color\u00e9, avec un \u00e9l\u00e9gant dauphin au centre, symbole de la faune marine de la r\u00e9gion, \u00e9voquant l&rsquo;esprit de la mer. La surface du bol est orn\u00e9e d&rsquo;une bordure de plaques fuchsia, cr\u00e9ant un contraste charmant qui souligne le caract\u00e8re naturel du mat\u00e9riau en noix de coco. Chaque bol est fabriqu\u00e9 \u00e0 la main, ce qui garantit que chaque pi\u00e8ce est unique dans son design et sa couleur.<\/p>\n<p>La technique utilis\u00e9e pour sa cr\u00e9ation incorpore des \u00e9l\u00e9ments brillants qui refl\u00e8tent la lumi\u00e8re de mani\u00e8re captivante, en faisant un excellent accessoire d\u00e9coratif pour tout espace. Ce bol n&rsquo;est pas seulement parfait pour un usage d\u00e9coratif, mais il repr\u00e9sente \u00e9galement un souvenir authentique des c\u00f4tes canariennes, ce qui en fait un souvenir id\u00e9al pour ceux qui cherchent \u00e0 emporter un morceau du paysage de Tenerife. Chez Ol\u00e9 Mosaic, en tant que distributeur de souvenirs, nous proposons des produits qui non seulement capturent l&rsquo;essence culturelle de leur origine, mais offrent \u00e9galement une connexion \u00e9motionnelle avec les beaux coins d&rsquo;Espagne. Ce bol en noix de coco fuchsia est une merveilleuse option pour les boutiques de cadeaux touristiques cherchant \u00e0 proposer des souvenirs de qualit\u00e9 avec une touche culturelle et authentique.<\/p>\n","protected":false},"excerpt":{"rendered":"<p>Bol en noix de coco fuchsia, d\u00e9cor\u00e9 d&rsquo;un dauphin au centre et d&rsquo;une bordure orn\u00e9e de plaques de la m\u00eame couleur. Originaire de Tenerife, ce bol singulier combine le naturel de la noix de coco avec des motifs marins, offrant une finition qui \u00e9voque la beaut\u00e9 de l&rsquo;oc\u00e9an. Sa technique de fabrication inclut des \u00e9l\u00e9ments color\u00e9s et brillants, id\u00e9al pour un usage d\u00e9coratif ou comme souvenir original capturant l&rsquo;essence des Canaries.<\/p>\n","protected":false},"featured_media":11932,"template":"","meta":{"_acf_changed":false},"product_brand":[],"product_cat":[521],"product_tag":[530],"class_list":{"0":"post-28937","1":"product","2":"type-product","3":"status-publish","4":"has-post-thumbnail","6":"product_cat-bols","7":"product_tag-animaux","8":"pa_ciudad-tenerife","9":"pa_motivo-dauphins","10":"pa_pais-espana","12":"first","13":"instock","14":"shipping-taxable","15":"product-type-simple"},"acf":[],"_links":{"self":[{"href":"https:\/\/olemosaic.orbitalia.org\/fr\/wp-json\/wp\/v2\/product\/28937","targetHints":{"allow":["GET"]}}],"collection":[{"href":"https:\/\/olemosaic.orbitalia.org\/fr\/wp-json\/wp\/v2\/product"}],"about":[{"href":"https:\/\/olemosaic.orbitalia.org\/fr\/wp-json\/wp\/v2\/types\/product"}],"wp:featuredmedia":[{"embeddable":true,"href":"https:\/\/olemosaic.orbitalia.org\/fr\/wp-json\/wp\/v2\/media\/11932"}],"wp:attachment":[{"href":"https:\/\/olemosaic.orbitalia.org\/fr\/wp-json\/wp\/v2\/media?parent=28937"}],"wp:term":[{"taxonomy":"product_brand","embeddable":true,"href":"https:\/\/olemosaic.orbitalia.org\/fr\/wp-json\/wp\/v2\/product_brand?post=28937"},{"taxonomy":"product_cat","embeddable":true,"href":"https:\/\/olemosaic.orbitalia.org\/fr\/wp-json\/wp\/v2\/product_cat?post=28937"},{"taxonomy":"product_tag","embeddable":true,"href":"https:\/\/olemosaic.orbitalia.org\/fr\/wp-json\/wp\/v2\/product_tag?post=28937"}],"curies":[{"name":"wp","href":"https:\/\/api.w.org\/{rel}","templated":true}]}}