{"id":28933,"date":"2025-02-20T23:30:32","date_gmt":"2025-02-20T22:30:32","guid":{"rendered":"https:\/\/olemosaic.orbitalia.org\/producto\/bol-de-coco-fucsia-abanico-2\/"},"modified":"2025-07-25T20:56:59","modified_gmt":"2025-07-25T18:56:59","slug":"bol-en-noix-de-coco-fuchsia-eventail-2","status":"publish","type":"product","link":"https:\/\/olemosaic.orbitalia.org\/fr\/produit\/bol-en-noix-de-coco-fuchsia-eventail-2\/","title":{"rendered":"Bol en noix de coco fuchsia. \u00c9ventail. Fond blanc."},"content":{"rendered":"<p>Ce bol en noix de coco fuchsia est une v\u00e9ritable \u0153uvre d&rsquo;art qui se distingue par sa couleur vibrante et son design contemporain, parfait pour ceux qui recherchent un souvenir distinctif et culturel. De conception artisanale, chaque pi\u00e8ce pr\u00e9sente un motif d\u00e9coratif d&rsquo;\u00e9ventail distinctif, qui symbolise la richesse du patrimoine artisanal. Le bol est encadr\u00e9 par une mosa\u00efque de teintes roses, qui se marient \u00e9l\u00e9gamment avec des d\u00e9tails blancs, cr\u00e9ant un effet visuel captivant qui attire le regard.<\/p>\n<p>Sa finition unique, obtenue gr\u00e2ce \u00e0 des techniques artisanales, garantit que chaque bol soit singulier, en faisant un excellent compl\u00e9ment d\u00e9coratif ou un \u00e9l\u00e9ment \u00e9l\u00e9gant pour la table. Cette pi\u00e8ce n&rsquo;est pas seulement fonctionnelle, mais \u00e9voque \u00e9galement la chaleur et l&rsquo;hospitalit\u00e9 des traditions m\u00e9diterran\u00e9ennes, en faisant un souvenir repr\u00e9sentatif de la culture espagnole.<\/p>\n<p>Chez Ol\u00e9 Mosaic, nous nous sp\u00e9cialisons dans la distribution de souvenirs en gros, et ce bol en noix de coco fuchsia est une option id\u00e9ale pour les magasins de cadeaux touristiques \u00e0 la recherche de produits authentiques et de qualit\u00e9. Offrir ou acqu\u00e9rir ce bol est sans aucun doute une fa\u00e7on d&#8217;emporter un morceau de l&rsquo;essence espagnole, convenant aussi bien \u00e0 un usage quotidien qu&rsquo;\u00e0 des occasions sp\u00e9ciales.<\/p>\n","protected":false},"excerpt":{"rendered":"<p>Bol en noix de coco fuchsia, fait \u00e0 la main, qui se distingue par sa couleur vibrante et son design contemporain. Il pr\u00e9sente un motif d\u00e9coratif d&rsquo;\u00e9ventail encadr\u00e9 par une mosa\u00efque de tons roses et des d\u00e9tails blancs. La technique employ\u00e9e assure une finition unique et artisanale, id\u00e9ale pour donner une touche d&rsquo;\u00e9l\u00e9gance et de fra\u00eecheur \u00e0 n&rsquo;importe quel environnement. Parfait comme compl\u00e9ment d\u00e9coratif ou pour une utilisation quotidienne \u00e0 table.<\/p>\n","protected":false},"featured_media":11742,"template":"","meta":{"_acf_changed":false},"product_brand":[],"product_cat":[521],"product_tag":[],"class_list":{"0":"post-28933","1":"product","2":"type-product","3":"status-publish","4":"has-post-thumbnail","6":"product_cat-bols","8":"first","9":"instock","10":"shipping-taxable","11":"product-type-simple"},"acf":[],"_links":{"self":[{"href":"https:\/\/olemosaic.orbitalia.org\/fr\/wp-json\/wp\/v2\/product\/28933","targetHints":{"allow":["GET"]}}],"collection":[{"href":"https:\/\/olemosaic.orbitalia.org\/fr\/wp-json\/wp\/v2\/product"}],"about":[{"href":"https:\/\/olemosaic.orbitalia.org\/fr\/wp-json\/wp\/v2\/types\/product"}],"wp:featuredmedia":[{"embeddable":true,"href":"https:\/\/olemosaic.orbitalia.org\/fr\/wp-json\/wp\/v2\/media\/11742"}],"wp:attachment":[{"href":"https:\/\/olemosaic.orbitalia.org\/fr\/wp-json\/wp\/v2\/media?parent=28933"}],"wp:term":[{"taxonomy":"product_brand","embeddable":true,"href":"https:\/\/olemosaic.orbitalia.org\/fr\/wp-json\/wp\/v2\/product_brand?post=28933"},{"taxonomy":"product_cat","embeddable":true,"href":"https:\/\/olemosaic.orbitalia.org\/fr\/wp-json\/wp\/v2\/product_cat?post=28933"},{"taxonomy":"product_tag","embeddable":true,"href":"https:\/\/olemosaic.orbitalia.org\/fr\/wp-json\/wp\/v2\/product_tag?post=28933"}],"curies":[{"name":"wp","href":"https:\/\/api.w.org\/{rel}","templated":true}]}}