{"id":28932,"date":"2025-02-20T23:30:32","date_gmt":"2025-02-20T22:30:32","guid":{"rendered":"https:\/\/olemosaic.orbitalia.org\/producto\/bol-de-coco-fucsia-salamandra-tenerife-3\/"},"modified":"2025-07-25T19:36:36","modified_gmt":"2025-07-25T17:36:36","slug":"bol-en-noix-de-coco-fuchsia-salamandre-tenerife-3","status":"publish","type":"product","link":"https:\/\/olemosaic.orbitalia.org\/fr\/produit\/bol-en-noix-de-coco-fuchsia-salamandre-tenerife-3\/","title":{"rendered":"Bol en noix de coco fuchsia. Salamandre. Tenerife. Canaries."},"content":{"rendered":"<p>Ce bol en noix de coco fuchsia est un v\u00e9ritable bijou d\u00e9coratif, inspir\u00e9 par la riche faune de Tenerife. De conception artisanale, ce produit se distingue par sa couleur fuchsia vibrante, qui attire imm\u00e9diatement l&rsquo;attention et apporte un air joyeux et moderne \u00e0 n&rsquo;importe quel espace. L&rsquo;int\u00e9rieur du bol pr\u00e9sente un design o\u00f9 une salamandre, embl\u00e9matique de la biodiversit\u00e9 canarienne, se d\u00e9ploie avec gr\u00e2ce, symbolisant la connexion unique de l&rsquo;\u00eele avec son environnement naturel. Le mot \u00ab\u00a0Tenerife\u00a0\u00bb, \u00e9l\u00e9gamment grav\u00e9 au centre, ajoute une touche d&rsquo;authenticit\u00e9 et transforme le bol en un souvenir repr\u00e9sentatif de l&rsquo;\u00eele.<\/p>\n<p>Les d\u00e9tails d\u00e9coratifs en forme de c\u0153urs qui entourent le bord du bol lui conf\u00e8rent un charme suppl\u00e9mentaire, faisant de cet article non seulement un ustensile pour servir des ap\u00e9ritifs, mais aussi un \u00e9l\u00e9ment d\u00e9coratif qui ajoute une touche canarienne unique \u00e0 n&rsquo;importe quel foyer. Sa finition brillante refl\u00e9tera la lumi\u00e8re de mani\u00e8re enchanteresse, en faisant une pi\u00e8ce centrale sur n&rsquo;importe quelle table.<\/p>\n<p>Id\u00e9al pour les touristes \u00e0 la recherche de souvenirs de Tenerife, ce bol ne repr\u00e9sente pas seulement la beaut\u00e9 esth\u00e9tique de l&rsquo;\u00eele, mais aussi un souvenir significatif de sa culture. Chez Ol\u00e9 Mosaic, en tant que grossiste de souvenirs authentiques, nous proposons des produits comme ce bol en noix de coco fuchsia qui c\u00e9l\u00e8brent la tradition et la valeur culturelle de chaque r\u00e9gion espagnole.<\/p>\n","protected":false},"excerpt":{"rendered":"<p>Bol en noix de coco fuchsia d\u00e9cor\u00e9 d&rsquo;un design vibrant repr\u00e9sentant une salamandre, symbole de la faune de Tenerife. Ce bol attrayant, fait \u00e0 la main, pr\u00e9sente une finition brillante dans des tons fuchsia et des d\u00e9tails en forme de c\u0153urs qui rehaussent son design frappant. Le mot \u00ab\u00a0Tenerife\u00a0\u00bb est grav\u00e9 au centre, ajoutant une touche authentique. Id\u00e9al pour servir des ap\u00e9ritifs ou comme \u00e9l\u00e9ment d\u00e9coratif, il apporte une touche canarienne unique \u00e0 n&rsquo;importe quel foyer.<\/p>\n","protected":false},"featured_media":10230,"template":"","meta":{"_acf_changed":false},"product_brand":[],"product_cat":[521],"product_tag":[530],"class_list":{"0":"post-28932","1":"product","2":"type-product","3":"status-publish","4":"has-post-thumbnail","6":"product_cat-bols","7":"product_tag-animaux","8":"pa_ciudad-tenerife","9":"pa_motivo-salamandres","10":"pa_pais-espana","12":"first","13":"instock","14":"shipping-taxable","15":"product-type-simple"},"acf":[],"_links":{"self":[{"href":"https:\/\/olemosaic.orbitalia.org\/fr\/wp-json\/wp\/v2\/product\/28932","targetHints":{"allow":["GET"]}}],"collection":[{"href":"https:\/\/olemosaic.orbitalia.org\/fr\/wp-json\/wp\/v2\/product"}],"about":[{"href":"https:\/\/olemosaic.orbitalia.org\/fr\/wp-json\/wp\/v2\/types\/product"}],"wp:featuredmedia":[{"embeddable":true,"href":"https:\/\/olemosaic.orbitalia.org\/fr\/wp-json\/wp\/v2\/media\/10230"}],"wp:attachment":[{"href":"https:\/\/olemosaic.orbitalia.org\/fr\/wp-json\/wp\/v2\/media?parent=28932"}],"wp:term":[{"taxonomy":"product_brand","embeddable":true,"href":"https:\/\/olemosaic.orbitalia.org\/fr\/wp-json\/wp\/v2\/product_brand?post=28932"},{"taxonomy":"product_cat","embeddable":true,"href":"https:\/\/olemosaic.orbitalia.org\/fr\/wp-json\/wp\/v2\/product_cat?post=28932"},{"taxonomy":"product_tag","embeddable":true,"href":"https:\/\/olemosaic.orbitalia.org\/fr\/wp-json\/wp\/v2\/product_tag?post=28932"}],"curies":[{"name":"wp","href":"https:\/\/api.w.org\/{rel}","templated":true}]}}