{"id":28930,"date":"2025-02-20T23:30:32","date_gmt":"2025-02-20T22:30:32","guid":{"rendered":"https:\/\/olemosaic.orbitalia.org\/producto\/bol-de-coco-fucsia-isla-mallorca-3\/"},"modified":"2025-07-25T19:59:05","modified_gmt":"2025-07-25T17:59:05","slug":"bol-en-noix-de-coco-fuchsia-ile-majorque-3","status":"publish","type":"product","link":"https:\/\/olemosaic.orbitalia.org\/fr\/produit\/bol-en-noix-de-coco-fuchsia-ile-majorque-3\/","title":{"rendered":"Bol en noix de coco fuchsia. \u00cele. Majorque. Bal\u00e9ares."},"content":{"rendered":"<p>Ce bol en noix de coco fuchsia est un v\u00e9ritable bijou artisanal qui capture l&rsquo;essence vibrante de Majorque. \u00c9labor\u00e9 avec des mat\u00e9riaux organiques, son design se distingue par un fond brillant orn\u00e9 de motifs ovales de couleur fuchsia qui cr\u00e9ent un effet visuel attrayant. Les mosa\u00efques d\u00e9licates qui composent la surface du bol \u00e9voquent la c\u00e9l\u00e8bre culture de la c\u00e9ramique de l&rsquo;\u00eele, offrant une touche moderne tout en pr\u00e9servant la tradition artisanale.<\/p>\n<p>Au centre du bol, resplendit l&rsquo;\u00e9l\u00e9gante silhouette de l&rsquo;\u00eele de Majorque, mise en valeur par une finition m\u00e9tallique qui ajoute une touche de sophistication. Cette pi\u00e8ce n&rsquo;est pas seulement fonctionnelle, mais aussi un \u00e9l\u00e9ment d\u00e9coratif qui peut embellir n&rsquo;importe quel environnement, d&rsquo;une table festive \u00e0 une \u00e9tag\u00e8re. Sa combinaison de couleurs vibrantes et de mat\u00e9riaux naturels en fait un cadeau id\u00e9al pour ceux qui cherchent \u00e0 ramener chez eux un morceau authentique de l&rsquo;\u00eele.<\/p>\n<p>En tant que souvenir repr\u00e9sentatif de Majorque, ce bol en noix de coco fuchsia devient une excellente option pour les touristes qui souhaitent un souvenir significatif refl\u00e9tant la beaut\u00e9 et la culture locale. Chez Ol\u00e9 Mosaic, nous nous sp\u00e9cialisons dans la distribution de souvenirs authentiques, offrant des produits uniques qui c\u00e9l\u00e8brent l&rsquo;h\u00e9ritage culturel espagnol. Ce bol est un exemple parfait de la fa\u00e7on dont l&rsquo;artisanat local peut fusionner avec le design contemporain, devenant une option incontournable pour les magasins de cadeaux touristiques en qu\u00eate de qualit\u00e9 et de distinction.<\/p>\n","protected":false},"excerpt":{"rendered":"<p>Bol en noix de coco fuchsia, d\u00e9cor\u00e9 de mosa\u00efques \u00e9voquant la beaut\u00e9 de Majorque. Ce bol exclusif, fabriqu\u00e9 \u00e0 partir de mat\u00e9riaux organiques, pr\u00e9sente un design vibrant avec un fond brillant et des motifs fuchsia en forme d&rsquo;ovales, cr\u00e9ant un effet visuel attrayant. Au centre, se d\u00e9tache la silhouette de l&rsquo;\u00eele de Majorque, avec une \u00e9l\u00e9gante finition m\u00e9tallique, ce qui en fait une pi\u00e8ce fonctionnelle et d\u00e9corative pour n&rsquo;importe quel foyer.<\/p>\n","protected":false},"featured_media":11880,"template":"","meta":{"_acf_changed":false},"product_brand":[],"product_cat":[521],"product_tag":[],"class_list":{"0":"post-28930","1":"product","2":"type-product","3":"status-publish","4":"has-post-thumbnail","6":"product_cat-bols","7":"pa_ciudad-mallorca","8":"pa_motivo-iles","9":"pa_pais-espana","11":"first","12":"instock","13":"shipping-taxable","14":"product-type-simple"},"acf":[],"_links":{"self":[{"href":"https:\/\/olemosaic.orbitalia.org\/fr\/wp-json\/wp\/v2\/product\/28930","targetHints":{"allow":["GET"]}}],"collection":[{"href":"https:\/\/olemosaic.orbitalia.org\/fr\/wp-json\/wp\/v2\/product"}],"about":[{"href":"https:\/\/olemosaic.orbitalia.org\/fr\/wp-json\/wp\/v2\/types\/product"}],"wp:featuredmedia":[{"embeddable":true,"href":"https:\/\/olemosaic.orbitalia.org\/fr\/wp-json\/wp\/v2\/media\/11880"}],"wp:attachment":[{"href":"https:\/\/olemosaic.orbitalia.org\/fr\/wp-json\/wp\/v2\/media?parent=28930"}],"wp:term":[{"taxonomy":"product_brand","embeddable":true,"href":"https:\/\/olemosaic.orbitalia.org\/fr\/wp-json\/wp\/v2\/product_brand?post=28930"},{"taxonomy":"product_cat","embeddable":true,"href":"https:\/\/olemosaic.orbitalia.org\/fr\/wp-json\/wp\/v2\/product_cat?post=28930"},{"taxonomy":"product_tag","embeddable":true,"href":"https:\/\/olemosaic.orbitalia.org\/fr\/wp-json\/wp\/v2\/product_tag?post=28930"}],"curies":[{"name":"wp","href":"https:\/\/api.w.org\/{rel}","templated":true}]}}