{"id":28923,"date":"2025-02-20T22:30:31","date_gmt":"2025-02-20T22:30:31","guid":{"rendered":"https:\/\/olemosaic.orbitalia.org\/producto\/bol-de-coco-fucsia-abanico\/"},"modified":"2025-07-25T18:48:52","modified_gmt":"2025-07-25T16:48:52","slug":"bol-noix-de-coco-fuchsia-eventail","status":"publish","type":"product","link":"https:\/\/olemosaic.orbitalia.org\/fr\/produit\/bol-noix-de-coco-fuchsia-eventail\/","title":{"rendered":"Bol en noix de coco fuchsia. \u00c9ventail."},"content":{"rendered":"<p>Ce bol en noix de coco fuchsia est un \u00e9l\u00e9ment d\u00e9coratif vibrant et attrayant qui capture l&rsquo;essence de la culture espagnole. \u00c9labor\u00e9 en noix de coco, ce bol se distingue par sa couleur fuchsia brillante, qui irradie la joie et la vitalit\u00e9. \u00c0 l&rsquo;int\u00e9rieur, un design \u00e9l\u00e9gant d&rsquo;\u00e9ventail, orn\u00e9 de c\u0153urs d\u00e9licats enveloppant la pi\u00e8ce, ajoute une touche de sophistication sans perdre son air festif. Les taches de couleur contrastant subtilement avec le fond soulignent l&rsquo;artisanat et le d\u00e9tail avec lesquels il a \u00e9t\u00e9 cr\u00e9\u00e9.<\/p>\n<p>Ce bol n&rsquo;est pas seulement un \u00e9l\u00e9ment fonctionnel, mais aussi un authentique souvenir qui \u00e9voque l&rsquo;esprit festif et la chaleur de la culture espagnole. Id\u00e9al pour orner n&rsquo;importe quel environnement, des maisons aux boutiques de cadeaux touristiques, son design artistique se d\u00e9marque dans n&rsquo;importe quel espace et est parfait pour ceux qui recherchent un souvenir repr\u00e9sentatif. Chez Ol\u00e9 Mosaic, en tant que grossiste de produits authentiques, nous proposons ce bol en noix de coco fuchsia, parfait pour attirer les touristes souhaitant emporter un morceau de la tradition espagnole. Ce souvenir est sans aucun doute une excellente option pour ceux qui appr\u00e9cient l&rsquo;artisanat et le design vibrant, devenant un tr\u00e9sor qui c\u00e9l\u00e9brera la joie de leur voyage.<\/p>\n","protected":false},"excerpt":{"rendered":"<p>Bol en noix de coco fuchsia d\u00e9cor\u00e9 d&rsquo;un design vibrant combinant des c\u0153urs et un \u00e9l\u00e9gant \u00e9ventail. Cet article attrayant, fabriqu\u00e9 en noix de coco, se distingue par sa couleur fuchsia brillante. Les taches d\u00e9licates et le contraste entre le fond et les \u00e9l\u00e9ments d\u00e9coratifs rehaussent son charme, en faisant une pi\u00e8ce id\u00e9ale pour apporter une touche color\u00e9e et joyeuse \u00e0 n&rsquo;importe quel environnement, \u00e9voquant l&rsquo;esprit festif de la culture espagnole.<\/p>\n","protected":false},"featured_media":10194,"template":"","meta":{"_acf_changed":false},"product_brand":[],"product_cat":[521],"product_tag":[],"class_list":{"0":"post-28923","1":"product","2":"type-product","3":"status-publish","4":"has-post-thumbnail","6":"product_cat-bols","8":"first","9":"instock","10":"shipping-taxable","11":"product-type-simple"},"acf":[],"_links":{"self":[{"href":"https:\/\/olemosaic.orbitalia.org\/fr\/wp-json\/wp\/v2\/product\/28923","targetHints":{"allow":["GET"]}}],"collection":[{"href":"https:\/\/olemosaic.orbitalia.org\/fr\/wp-json\/wp\/v2\/product"}],"about":[{"href":"https:\/\/olemosaic.orbitalia.org\/fr\/wp-json\/wp\/v2\/types\/product"}],"wp:featuredmedia":[{"embeddable":true,"href":"https:\/\/olemosaic.orbitalia.org\/fr\/wp-json\/wp\/v2\/media\/10194"}],"wp:attachment":[{"href":"https:\/\/olemosaic.orbitalia.org\/fr\/wp-json\/wp\/v2\/media?parent=28923"}],"wp:term":[{"taxonomy":"product_brand","embeddable":true,"href":"https:\/\/olemosaic.orbitalia.org\/fr\/wp-json\/wp\/v2\/product_brand?post=28923"},{"taxonomy":"product_cat","embeddable":true,"href":"https:\/\/olemosaic.orbitalia.org\/fr\/wp-json\/wp\/v2\/product_cat?post=28923"},{"taxonomy":"product_tag","embeddable":true,"href":"https:\/\/olemosaic.orbitalia.org\/fr\/wp-json\/wp\/v2\/product_tag?post=28923"}],"curies":[{"name":"wp","href":"https:\/\/api.w.org\/{rel}","templated":true}]}}