{"id":28920,"date":"2025-02-20T23:30:31","date_gmt":"2025-02-20T22:30:31","guid":{"rendered":"https:\/\/olemosaic.orbitalia.org\/producto\/bol-de-coco-fucsia-tortuga-barcelona-2\/"},"modified":"2025-07-25T20:11:58","modified_gmt":"2025-07-25T18:11:58","slug":"bol-noix-de-coco-fuchsia-tortue-barcelone-fr","status":"publish","type":"product","link":"https:\/\/olemosaic.orbitalia.org\/fr\/produit\/bol-noix-de-coco-fuchsia-tortue-barcelone-fr\/","title":{"rendered":"Bol en noix de coco fuchsia. Tortue. Barcelone. Motif floral."},"content":{"rendered":"<p>Ce bol en noix de coco fuchsia est un article d\u00e9coratif exclusif qui capture l&rsquo;essence vibrante de Barcelone. Son int\u00e9rieur, d&rsquo;un ton fuchsia audacieux, resplendit de d\u00e9tails nacr\u00e9s qui mettent en valeur la figure centrale d&rsquo;une tortue, symbole de protection et de long\u00e9vit\u00e9 dans la culture m\u00e9diterran\u00e9enne. Cette tortue est d\u00e9licatement entour\u00e9e de fleurs, cr\u00e9ant une sc\u00e8ne visuellement captivante qui \u00e9voque la richesse naturelle de la r\u00e9gion.<\/p>\n<p>Le bord du bol pr\u00e9sente un motif inspir\u00e9 de la c\u00e9l\u00e8bre mosa\u00efque de Gaud\u00ed, ce qui fait de chaque pi\u00e8ce un hommage au modernisme catalan. Ce bol ne sert pas seulement d&rsquo;objet fonctionnel, mais aussi d&rsquo;excellente repr\u00e9sentation de la culture catalane, id\u00e9al pour ceux qui recherchent un souvenir authentique et significatif de leur visite \u00e0 Barcelone.<\/p>\n<p>Chez Ol\u00e9 Mosaic, notre objectif est de proposer des souvenirs qui racontent des histoires et refl\u00e8tent la tradition locale. Ce bol en noix de coco fuchsia n&rsquo;est pas seulement un beau souvenir, mais aussi une pi\u00e8ce qui enrichit la maison et la d\u00e9coration. Parfait pour les boutiques de cadeaux touristiques, ce bol artisanal est un choix id\u00e9al pour ceux qui appr\u00e9cient l&rsquo;artisanat et le design authentique. En tant que grossiste de produits culturels, nous garantissons la qualit\u00e9 et l&rsquo;authenticit\u00e9 de chaque pi\u00e8ce que nous distribuons.<\/p>\n","protected":false},"excerpt":{"rendered":"<p>Bol en noix de coco fuchsia d\u00e9cor\u00e9 d&rsquo;une magnifique tortue, \u00e9voquant l&rsquo;essence de Barcelone. Son int\u00e9rieur, aux tons fuchsia vibrants, pr\u00e9sente des d\u00e9tails nacr\u00e9s qui font ressortir la figure centrale de la tortue, entour\u00e9e de fleurs d\u00e9licates. Le bord du bol affiche un motif rappelant la mosa\u00efque typique de la ville. Ce produit artisanal est id\u00e9al comme objet d\u00e9coratif ou comme souvenir original de la culture catalane.<\/p>\n","protected":false},"featured_media":11766,"template":"","meta":{"_acf_changed":false},"product_brand":[],"product_cat":[521],"product_tag":[530],"class_list":{"0":"post-28920","1":"product","2":"type-product","3":"status-publish","4":"has-post-thumbnail","6":"product_cat-bols","7":"product_tag-animaux","8":"pa_ciudad-barcelona","9":"pa_motivo-tortues","10":"pa_pais-espana","12":"first","13":"instock","14":"shipping-taxable","15":"product-type-simple"},"acf":[],"_links":{"self":[{"href":"https:\/\/olemosaic.orbitalia.org\/fr\/wp-json\/wp\/v2\/product\/28920","targetHints":{"allow":["GET"]}}],"collection":[{"href":"https:\/\/olemosaic.orbitalia.org\/fr\/wp-json\/wp\/v2\/product"}],"about":[{"href":"https:\/\/olemosaic.orbitalia.org\/fr\/wp-json\/wp\/v2\/types\/product"}],"wp:featuredmedia":[{"embeddable":true,"href":"https:\/\/olemosaic.orbitalia.org\/fr\/wp-json\/wp\/v2\/media\/11766"}],"wp:attachment":[{"href":"https:\/\/olemosaic.orbitalia.org\/fr\/wp-json\/wp\/v2\/media?parent=28920"}],"wp:term":[{"taxonomy":"product_brand","embeddable":true,"href":"https:\/\/olemosaic.orbitalia.org\/fr\/wp-json\/wp\/v2\/product_brand?post=28920"},{"taxonomy":"product_cat","embeddable":true,"href":"https:\/\/olemosaic.orbitalia.org\/fr\/wp-json\/wp\/v2\/product_cat?post=28920"},{"taxonomy":"product_tag","embeddable":true,"href":"https:\/\/olemosaic.orbitalia.org\/fr\/wp-json\/wp\/v2\/product_tag?post=28920"}],"curies":[{"name":"wp","href":"https:\/\/api.w.org\/{rel}","templated":true}]}}