{"id":28919,"date":"2025-02-20T22:30:30","date_gmt":"2025-02-20T22:30:30","guid":{"rendered":"https:\/\/olemosaic.orbitalia.org\/producto\/bol-de-coco-fucsia-isla-gran-canaria\/"},"modified":"2025-07-25T18:52:28","modified_gmt":"2025-07-25T16:52:28","slug":"bol-noix-de-coco-fuchsia-ile-grande-canarie","status":"publish","type":"product","link":"https:\/\/olemosaic.orbitalia.org\/fr\/produit\/bol-noix-de-coco-fuchsia-ile-grande-canarie\/","title":{"rendered":"Bol en noix de coco fuchsia. \u00cele. Grande Canarie."},"content":{"rendered":"<p>Ce bol en noix de coco fuchsia est un charmant souvenir qui refl\u00e8te la beaut\u00e9 vibrante de la Grande Canarie. Son design artisanal se distingue par sa finition d&rsquo;un fuchsia intense, \u00e9voquant la chaleur du soleil canarien et la joie de la flore locale. \u00c0 l&rsquo;int\u00e9rieur, le bol pr\u00e9sente un magnifique motif avec des d\u00e9tails en forme de c\u0153urs, apportant un air festif et color\u00e9 qui en fait une pi\u00e8ce id\u00e9ale pour toute occasion. L&rsquo;inscription \u00ab\u00a0Gran Canaria\u00a0\u00bb au centre souligne non seulement son origine, mais en fait \u00e9galement un souvenir tangible de votre visite sur cette \u00eele illustre.<\/p>\n<p>Fabriqu\u00e9 \u00e0 partir de mat\u00e9riaux durables, ce bol est non seulement esth\u00e9tiquement attrayant, mais repr\u00e9sente \u00e9galement une option responsable pour ceux qui recherchent des produits \u00e9cologiques. En plus de sa fonctionnalit\u00e9 pour servir des ap\u00e9ritifs ou des douceurs, son design d\u00e9coratif en fait un \u00e9l\u00e9ment charmant pour orner n&rsquo;importe quel coin de la maison. En acqu\u00e9rant ce bol, les touristes auront un souvenir authentique de la Grande Canarie, parfait pour emporter un morceau de sa culture vibrante. Chez Ol\u00e9 Mosaic, nous sommes des distributeurs de souvenirs en gros, et ce bol en noix de coco est un excellent choix pour les boutiques de cadeaux touristiques souhaitant proposer des articles qui capturent l&rsquo;essence de l&rsquo;\u00eele.<\/p>\n","protected":false},"excerpt":{"rendered":"<p>Bol en noix de coco fuchsia, inspir\u00e9 par la beaut\u00e9 naturelle de la Grande Canarie. Cet article artisanal pr\u00e9sente un design vibrant avec une finition fuchsia et des d\u00e9tails en forme de c\u0153ur, qui lui donnent une touche festive et color\u00e9e. Le bol est d\u00e9cor\u00e9 de l&rsquo;inscription \u00ab Gran Canaria \u00bb au centre, ce qui souligne son origine. Fabriqu\u00e9 avec des mat\u00e9riaux durables, il est parfait pour servir des ap\u00e9ritifs ou comme \u00e9l\u00e9ment d\u00e9coratif dans n&rsquo;importe quel foyer.<\/p>\n","protected":false},"featured_media":10202,"template":"","meta":{"_acf_changed":false},"product_brand":[],"product_cat":[521],"product_tag":[],"class_list":{"0":"post-28919","1":"product","2":"type-product","3":"status-publish","4":"has-post-thumbnail","6":"product_cat-bols","7":"pa_ciudad-gran-canaria","8":"pa_motivo-iles","9":"pa_pais-espana","11":"first","12":"instock","13":"shipping-taxable","14":"product-type-simple"},"acf":[],"_links":{"self":[{"href":"https:\/\/olemosaic.orbitalia.org\/fr\/wp-json\/wp\/v2\/product\/28919","targetHints":{"allow":["GET"]}}],"collection":[{"href":"https:\/\/olemosaic.orbitalia.org\/fr\/wp-json\/wp\/v2\/product"}],"about":[{"href":"https:\/\/olemosaic.orbitalia.org\/fr\/wp-json\/wp\/v2\/types\/product"}],"wp:featuredmedia":[{"embeddable":true,"href":"https:\/\/olemosaic.orbitalia.org\/fr\/wp-json\/wp\/v2\/media\/10202"}],"wp:attachment":[{"href":"https:\/\/olemosaic.orbitalia.org\/fr\/wp-json\/wp\/v2\/media?parent=28919"}],"wp:term":[{"taxonomy":"product_brand","embeddable":true,"href":"https:\/\/olemosaic.orbitalia.org\/fr\/wp-json\/wp\/v2\/product_brand?post=28919"},{"taxonomy":"product_cat","embeddable":true,"href":"https:\/\/olemosaic.orbitalia.org\/fr\/wp-json\/wp\/v2\/product_cat?post=28919"},{"taxonomy":"product_tag","embeddable":true,"href":"https:\/\/olemosaic.orbitalia.org\/fr\/wp-json\/wp\/v2\/product_tag?post=28919"}],"curies":[{"name":"wp","href":"https:\/\/api.w.org\/{rel}","templated":true}]}}