{"id":28892,"date":"2025-02-20T22:30:30","date_gmt":"2025-02-20T22:30:30","guid":{"rendered":"https:\/\/olemosaic.orbitalia.org\/producto\/bol-de-coco-fucsia-tortuga-gran-canaria\/"},"modified":"2025-07-25T19:11:10","modified_gmt":"2025-07-25T17:11:10","slug":"bol-noix-de-coco-fuchsia-tortue-gran-canaria","status":"publish","type":"product","link":"https:\/\/olemosaic.orbitalia.org\/fr\/produit\/bol-noix-de-coco-fuchsia-tortue-gran-canaria\/","title":{"rendered":"Bol en noix de coco fuchsia. Tortue. Gran Canaria."},"content":{"rendered":"<p>Ce bol en noix de coco fuchsia est un charmant souvenir de Gran Canaria qui fusionne un mat\u00e9riau naturel avec un design contemporain et vibrant. Sa couleur fuchsia \u00e9clatante attire l&rsquo;attention, tandis que la finition polie souligne son \u00e9l\u00e9gance, le rendant parfait comme centre de table ou \u00e9l\u00e9ment d\u00e9coratif. Au centre, une adorable tortue, symbole de la riche faune marine des \u00eeles Canaries, se d\u00e9ploie sur un fond de motifs de c\u0153urs et de formes \u00e9voquant la tendresse de la vie sur l&rsquo;\u00eele. L&rsquo;inscription \u00ab\u00a0Gran Canaria\u00a0\u00bb, \u00e9l\u00e9gamment situ\u00e9e, souligne son origine, transformant ce bol en un pr\u00e9cieux souvenir de la beaut\u00e9 de l&rsquo;archipel.<\/p>\n<p>Ce bol n&rsquo;est pas seulement un article d\u00e9coratif ; c&rsquo;est aussi une repr\u00e9sentation de la culture canarienne, o\u00f9 la nature et l&rsquo;art local s&rsquo;entrelacent. Les touristes trouveront dans ce bol fuchsia un souvenir authentique qui capture l&rsquo;essence de leur voyage et peut \u00eatre un cadeau sp\u00e9cial pour ceux qui souhaitent ramener un morceau de Gran Canaria chez eux. Chez Ol\u00e9 Mosaic, nous sommes fiers d&rsquo;\u00eatre des distributeurs de souvenirs uniques et authentiques, et ce bol en noix de coco fuchsia constitue une magnifique option pour les boutiques de cadeaux touristiques \u00e0 la recherche de produits alliant tradition et modernit\u00e9. Parfait pour ceux qui recherchent des souvenirs de Gran Canaria, ce bol est un t\u00e9moignage du riche h\u00e9ritage culturel et naturel du lieu.<\/p>\n","protected":false},"excerpt":{"rendered":"<p>Bol en noix de coco fuchsia d\u00e9cor\u00e9 d&rsquo;une tortue, repr\u00e9sentant la beaut\u00e9 de Gran Canaria. Ce bol attrayant, fait de mat\u00e9riau naturel, pr\u00e9sente une couleur fuchsia vibrante, d\u00e9cor\u00e9 de c\u0153urs et d&rsquo;un motif de tortue au centre. L&rsquo;inscription \u00ab\u00a0Gran Canaria\u00a0\u00bb souligne son origine, tandis que la finition brillante lui donne une touche moderne. Id\u00e9al comme centre de table ou \u00e9l\u00e9ment d\u00e9coratif, il allie tradition et style contemporain.<\/p>\n","protected":false},"featured_media":10274,"template":"","meta":{"_acf_changed":false},"product_brand":[],"product_cat":[521],"product_tag":[530],"class_list":{"0":"post-28892","1":"product","2":"type-product","3":"status-publish","4":"has-post-thumbnail","6":"product_cat-bols","7":"product_tag-animaux","8":"pa_ciudad-gran-canaria","9":"pa_motivo-tortues","10":"pa_pais-espana","12":"first","13":"instock","14":"shipping-taxable","15":"product-type-simple"},"acf":[],"_links":{"self":[{"href":"https:\/\/olemosaic.orbitalia.org\/fr\/wp-json\/wp\/v2\/product\/28892","targetHints":{"allow":["GET"]}}],"collection":[{"href":"https:\/\/olemosaic.orbitalia.org\/fr\/wp-json\/wp\/v2\/product"}],"about":[{"href":"https:\/\/olemosaic.orbitalia.org\/fr\/wp-json\/wp\/v2\/types\/product"}],"wp:featuredmedia":[{"embeddable":true,"href":"https:\/\/olemosaic.orbitalia.org\/fr\/wp-json\/wp\/v2\/media\/10274"}],"wp:attachment":[{"href":"https:\/\/olemosaic.orbitalia.org\/fr\/wp-json\/wp\/v2\/media?parent=28892"}],"wp:term":[{"taxonomy":"product_brand","embeddable":true,"href":"https:\/\/olemosaic.orbitalia.org\/fr\/wp-json\/wp\/v2\/product_brand?post=28892"},{"taxonomy":"product_cat","embeddable":true,"href":"https:\/\/olemosaic.orbitalia.org\/fr\/wp-json\/wp\/v2\/product_cat?post=28892"},{"taxonomy":"product_tag","embeddable":true,"href":"https:\/\/olemosaic.orbitalia.org\/fr\/wp-json\/wp\/v2\/product_tag?post=28892"}],"curies":[{"name":"wp","href":"https:\/\/api.w.org\/{rel}","templated":true}]}}