{"id":28877,"date":"2025-02-20T22:30:29","date_gmt":"2025-02-20T22:30:29","guid":{"rendered":"https:\/\/olemosaic.orbitalia.org\/producto\/bol-de-coco-fucsia-ibiscus-2\/"},"modified":"2025-07-25T19:59:00","modified_gmt":"2025-07-25T17:59:00","slug":"bol-noix-de-coco-fuchsia-hibiscus-2","status":"publish","type":"product","link":"https:\/\/olemosaic.orbitalia.org\/fr\/produit\/bol-noix-de-coco-fuchsia-hibiscus-2\/","title":{"rendered":"Bol en noix de coco fuchsia. Hibiscus."},"content":{"rendered":"<p>Ce bol en noix de coco fuchsia est un reflet authentique de l&rsquo;ambiance tropicale vibrante qui caract\u00e9rise les r\u00e9gions ensoleill\u00e9es. D\u00e9cor\u00e9 de d\u00e9licates mosa\u00efques dans les tons fuchsia, ce bol spectaculaire n&rsquo;est pas seulement fonctionnel, il s&rsquo;\u00e9rige \u00e9galement comme une pi\u00e8ce d\u00e9corative d&rsquo;un grand attrait visuel. La base blanche contraste merveilleusement avec les morceaux de noix de coco, cr\u00e9ant un effet lumineux qui \u00e9voque la lumi\u00e8re du soleil sur les plages paradisiaques. Au centre, un motif artistique d&rsquo;hibiscus ressort, symbolisant la beaut\u00e9 de la flore tropicale, et sa pr\u00e9sence ajoute une touche d&rsquo;\u00e9l\u00e9gance et de fra\u00eecheur. Parfait pour servir des ap\u00e9ritifs ou comme point focal dans n&rsquo;importe quel espace, ce bol capture l&rsquo;essence de l&rsquo;\u00e9t\u00e9, id\u00e9al pour apporter la joie de la nature dans votre maison.<\/p>\n<p>Ce souvenir est un excellent choix pour ceux qui recherchent un souvenir authentique de leurs voyages, car il est repr\u00e9sentatif de la riche culture artisanale d&rsquo;Espagne et du Portugal, o\u00f9 l&rsquo;art de la mosa\u00efque et le design vibrant sont des \u00e9l\u00e9ments fondamentaux du patrimoine. Chez Ol\u00e9 Mosaic, nous nous consacrons \u00e0 la distribution de souvenirs en gros, garantissant qualit\u00e9 et authenticit\u00e9 dans chaque produit, ce qui fait de ce bol fuchsia une option parfaite pour les boutiques de cadeaux touristiques souhaitant proposer des articles qui ne sont pas seulement beaux, mais aussi repr\u00e9sentatifs de la culture locale.<\/p>\n","protected":false},"excerpt":{"rendered":"<p>Bol en noix de coco fuchsia, d\u00e9cor\u00e9 de motifs d&rsquo;hibiscus. Ce bol singulier pr\u00e9sente un design color\u00e9 avec des mosa\u00efques dans les tons fuchsia, cr\u00e9ant un effet vibrant et attrayant. La base blanche contraste avec les morceaux de noix de coco, apportant \u00e9l\u00e9gance et fra\u00eecheur. Id\u00e9al pour servir des ap\u00e9ritifs ou comme \u00e9l\u00e9ment d\u00e9coratif, ce bol capture l&rsquo;essence de l&rsquo;ambiance tropicale, \u00e9voquant des paysages ensoleill\u00e9s et des jeux de lumi\u00e8re sur l&rsquo;eau. Parfait pour d\u00e9corer n&rsquo;importe quel espace.<\/p>\n","protected":false},"featured_media":13509,"template":"","meta":{"_acf_changed":false},"product_brand":[],"product_cat":[521],"product_tag":[],"class_list":{"0":"post-28877","1":"product","2":"type-product","3":"status-publish","4":"has-post-thumbnail","6":"product_cat-bols","7":"pa_motivo-hibiscus","9":"first","10":"instock","11":"shipping-taxable","12":"product-type-simple"},"acf":[],"_links":{"self":[{"href":"https:\/\/olemosaic.orbitalia.org\/fr\/wp-json\/wp\/v2\/product\/28877","targetHints":{"allow":["GET"]}}],"collection":[{"href":"https:\/\/olemosaic.orbitalia.org\/fr\/wp-json\/wp\/v2\/product"}],"about":[{"href":"https:\/\/olemosaic.orbitalia.org\/fr\/wp-json\/wp\/v2\/types\/product"}],"wp:featuredmedia":[{"embeddable":true,"href":"https:\/\/olemosaic.orbitalia.org\/fr\/wp-json\/wp\/v2\/media\/13509"}],"wp:attachment":[{"href":"https:\/\/olemosaic.orbitalia.org\/fr\/wp-json\/wp\/v2\/media?parent=28877"}],"wp:term":[{"taxonomy":"product_brand","embeddable":true,"href":"https:\/\/olemosaic.orbitalia.org\/fr\/wp-json\/wp\/v2\/product_brand?post=28877"},{"taxonomy":"product_cat","embeddable":true,"href":"https:\/\/olemosaic.orbitalia.org\/fr\/wp-json\/wp\/v2\/product_cat?post=28877"},{"taxonomy":"product_tag","embeddable":true,"href":"https:\/\/olemosaic.orbitalia.org\/fr\/wp-json\/wp\/v2\/product_tag?post=28877"}],"curies":[{"name":"wp","href":"https:\/\/api.w.org\/{rel}","templated":true}]}}