{"id":28875,"date":"2025-02-20T23:30:29","date_gmt":"2025-02-20T22:30:29","guid":{"rendered":"https:\/\/olemosaic.orbitalia.org\/producto\/bol-de-coco-fucsia-sagrada-familia-barcelona-2\/"},"modified":"2025-07-25T18:40:52","modified_gmt":"2025-07-25T16:40:52","slug":"bol-noix-de-coco-fuchsia-sagrada-familia-barcelone-2","status":"publish","type":"product","link":"https:\/\/olemosaic.orbitalia.org\/fr\/produit\/bol-noix-de-coco-fuchsia-sagrada-familia-barcelone-2\/","title":{"rendered":"Bol en noix de coco fuchsia. Sagrada Familia. Mosa\u00efque. Gaudi. Barcelone."},"content":{"rendered":"<p>Ce bol en noix de coco fuchsia est un v\u00e9ritable hommage \u00e0 l&rsquo;architecture catalane, d\u00e9cor\u00e9 de l&#8217;embl\u00e8me de la Sagrada Familia, une ic\u00f4ne embl\u00e9matique de Barcelone. Ce produit artisanal se distingue non seulement par son int\u00e9rieur fuchsia vibrant, qui apporte une touche de vitalit\u00e9, mais aussi par son design complexe en mosa\u00efque qui capture l&rsquo;essence du modernisme catalan, connu mondialement pour sa cr\u00e9ativit\u00e9 et son originalit\u00e9. La d\u00e9licatesse de la d\u00e9coration, combin\u00e9e \u00e0 la rusticit\u00e9 de la base en noix de coco, en fait une pi\u00e8ce polyvalente, id\u00e9ale aussi bien pour servir des ap\u00e9ritifs lors d&rsquo;une r\u00e9union que pour d\u00e9corer la maison, \u00e9voquant le charme unique de la cit\u00e9 comtale.<\/p>\n<p>La Sagrada Familia, chef-d&rsquo;\u0153uvre d&rsquo;Antoni Gaud\u00ed, est bien plus qu&rsquo;un symbole de la ville ; elle repr\u00e9sente la fusion de la tradition et de la modernit\u00e9, aspects intrins\u00e8ques de la culture espagnole. Ce bol en noix de coco fuchsia s&rsquo;\u00e9rige comme un merveilleux souvenir de Barcelone, parfait pour les touristes \u00e0 la recherche d&rsquo;un souvenir de leur visite ou d&rsquo;un cadeau repr\u00e9sentatif de la richesse culturelle de la r\u00e9gion. Chez Ol\u00e9 Mosaic, en tant que distributeurs de souvenirs en gros, nous proposons des produits authentiques qui c\u00e9l\u00e8brent l&rsquo;artisanat local, faisant de ce bol une excellente option pour les boutiques de cadeaux touristiques souhaitant mettre en avant la beaut\u00e9 et la singularit\u00e9 de Barcelone.<\/p>\n","protected":false},"excerpt":{"rendered":"<p>Bol en noix de coco fuchsia, d\u00e9cor\u00e9 de l&#8217;embl\u00e8me de la Sagrada Familia au centre, une ic\u00f4ne embl\u00e9matique de Barcelone. Ce produit artisanal pr\u00e9sente une couleur fuchsia vibrante \u00e0 l&rsquo;int\u00e9rieur, rehauss\u00e9e par un design en mosa\u00efque qui capture l&rsquo;essence du modernisme catalan. La base en noix de coco lui donne une touche rustique et durable, id\u00e9ale pour servir des ap\u00e9ritifs ou comme \u00e9l\u00e9ment d\u00e9coratif dans la maison, \u00e9voquant le charme de la ville de Barcelone.<\/p>\n","protected":false},"featured_media":12023,"template":"","meta":{"_acf_changed":false},"product_brand":[],"product_cat":[521],"product_tag":[],"class_list":{"0":"post-28875","1":"product","2":"type-product","3":"status-publish","4":"has-post-thumbnail","6":"product_cat-bols","7":"pa_ciudad-barcelona","8":"pa_motivo-sagrada-familia","9":"pa_pais-espana","11":"first","12":"instock","13":"shipping-taxable","14":"product-type-simple"},"acf":[],"_links":{"self":[{"href":"https:\/\/olemosaic.orbitalia.org\/fr\/wp-json\/wp\/v2\/product\/28875","targetHints":{"allow":["GET"]}}],"collection":[{"href":"https:\/\/olemosaic.orbitalia.org\/fr\/wp-json\/wp\/v2\/product"}],"about":[{"href":"https:\/\/olemosaic.orbitalia.org\/fr\/wp-json\/wp\/v2\/types\/product"}],"wp:featuredmedia":[{"embeddable":true,"href":"https:\/\/olemosaic.orbitalia.org\/fr\/wp-json\/wp\/v2\/media\/12023"}],"wp:attachment":[{"href":"https:\/\/olemosaic.orbitalia.org\/fr\/wp-json\/wp\/v2\/media?parent=28875"}],"wp:term":[{"taxonomy":"product_brand","embeddable":true,"href":"https:\/\/olemosaic.orbitalia.org\/fr\/wp-json\/wp\/v2\/product_brand?post=28875"},{"taxonomy":"product_cat","embeddable":true,"href":"https:\/\/olemosaic.orbitalia.org\/fr\/wp-json\/wp\/v2\/product_cat?post=28875"},{"taxonomy":"product_tag","embeddable":true,"href":"https:\/\/olemosaic.orbitalia.org\/fr\/wp-json\/wp\/v2\/product_tag?post=28875"}],"curies":[{"name":"wp","href":"https:\/\/api.w.org\/{rel}","templated":true}]}}