{"id":28874,"date":"2025-02-20T23:30:29","date_gmt":"2025-02-20T22:30:29","guid":{"rendered":"https:\/\/olemosaic.orbitalia.org\/producto\/bol-de-coco-fucsia-sardina-lisboa-3\/"},"modified":"2025-07-25T20:20:52","modified_gmt":"2025-07-25T18:20:52","slug":"bol-noix-de-coco-fuchsia-sardine-lisbonne-3","status":"publish","type":"product","link":"https:\/\/olemosaic.orbitalia.org\/fr\/produit\/bol-noix-de-coco-fuchsia-sardine-lisbonne-3\/","title":{"rendered":"Bol en noix de coco fuchsia. Sardine. Lisbonne. Azulejos portugais."},"content":{"rendered":"<p>Ce bol en noix de coco fuchsia est un souvenir attrayant qui capture l&rsquo;essence vibrante de Lisbonne, alliant tradition et modernit\u00e9 dans un design unique. Son fond fuchsia brillant ne se distingue pas seulement par sa couleur \u00e9clatante, mais il est \u00e9galement orn\u00e9 d&rsquo;un motif central de sardine, un \u00e9l\u00e9ment significatif de la culture de la p\u00eache de la ville. Le mot \u00ab LISBOA \u00bb est \u00e9l\u00e9gamment incorpor\u00e9, offrant une touche d&rsquo;authenticit\u00e9 qui fait de ce bol une pi\u00e8ce repr\u00e9sentative de la r\u00e9gion. La structure en noix de coco lui conf\u00e8re un charme naturel et distinctif, tandis que les d\u00e9tails simulant une mosa\u00efque \u00e9voquent les c\u00e9l\u00e8bres azulejos qui d\u00e9corent de nombreuses rues de Lisbonne.<\/p>\n<p>Ce bol n&rsquo;est pas seulement id\u00e9al pour la d\u00e9coration, il est aussi pratique pour un usage quotidien, ajoutant une touche de couleur et de style \u00e0 n&rsquo;importe quel espace. De plus, c&rsquo;est un excellent souvenir pour ceux qui souhaitent ramener chez eux un morceau de la culture portugaise. Ol\u00e9 Mosaic est fier de proposer des souvenirs de qualit\u00e9, et ce bol en noix de coco fuchsia se positionne comme un choix exceptionnel pour les boutiques de cadeaux touristiques \u00e0 la recherche de produits authentiques qui se connectent au riche h\u00e9ritage culturel de Lisbonne. Id\u00e9al pour ceux qui recherchent des souvenirs uniques, ce bol est parfait pour les amateurs de produits artisanaux et de d\u00e9tails distinctifs.<\/p>\n","protected":false},"excerpt":{"rendered":"<p>Bol en noix de coco fuchsia, d\u00e9cor\u00e9 d&rsquo;un motif \u00e9voquant la tradition de la p\u00eache \u00e0 Lisbonne. Ce bol attrayant pr\u00e9sente un fond fuchsia brillant avec un motif central de sardine et le mot \u00ab LISBOA \u00bb, le tout dans une finition moderne et vibrante. La structure en noix de coco apporte une touche naturelle, compl\u00e9t\u00e9e par des d\u00e9tails simulant une mosa\u00efque, ce qui fait de ce bol un \u00e9l\u00e9ment id\u00e9al pour la d\u00e9coration ou l&rsquo;usage quotidien, ajoutant une touche de couleur \u00e0 tout espace.<\/p>\n","protected":false},"featured_media":11798,"template":"","meta":{"_acf_changed":false},"product_brand":[],"product_cat":[521],"product_tag":[530],"class_list":{"0":"post-28874","1":"product","2":"type-product","3":"status-publish","4":"has-post-thumbnail","6":"product_cat-bols","7":"product_tag-animaux","8":"pa_ciudad-lisboa","9":"pa_motivo-sardines","10":"pa_pais-portugal","12":"first","13":"instock","14":"shipping-taxable","15":"product-type-simple"},"acf":[],"_links":{"self":[{"href":"https:\/\/olemosaic.orbitalia.org\/fr\/wp-json\/wp\/v2\/product\/28874","targetHints":{"allow":["GET"]}}],"collection":[{"href":"https:\/\/olemosaic.orbitalia.org\/fr\/wp-json\/wp\/v2\/product"}],"about":[{"href":"https:\/\/olemosaic.orbitalia.org\/fr\/wp-json\/wp\/v2\/types\/product"}],"wp:featuredmedia":[{"embeddable":true,"href":"https:\/\/olemosaic.orbitalia.org\/fr\/wp-json\/wp\/v2\/media\/11798"}],"wp:attachment":[{"href":"https:\/\/olemosaic.orbitalia.org\/fr\/wp-json\/wp\/v2\/media?parent=28874"}],"wp:term":[{"taxonomy":"product_brand","embeddable":true,"href":"https:\/\/olemosaic.orbitalia.org\/fr\/wp-json\/wp\/v2\/product_brand?post=28874"},{"taxonomy":"product_cat","embeddable":true,"href":"https:\/\/olemosaic.orbitalia.org\/fr\/wp-json\/wp\/v2\/product_cat?post=28874"},{"taxonomy":"product_tag","embeddable":true,"href":"https:\/\/olemosaic.orbitalia.org\/fr\/wp-json\/wp\/v2\/product_tag?post=28874"}],"curies":[{"name":"wp","href":"https:\/\/api.w.org\/{rel}","templated":true}]}}