{"id":28872,"date":"2025-02-20T22:30:29","date_gmt":"2025-02-20T22:30:29","guid":{"rendered":"https:\/\/olemosaic.orbitalia.org\/producto\/bol-de-coco-fucsia-isla-fuerteventura\/"},"modified":"2025-07-25T20:31:57","modified_gmt":"2025-07-25T18:31:57","slug":"bol-noix-de-coco-fuchsia-ile-fuerteventura","status":"publish","type":"product","link":"https:\/\/olemosaic.orbitalia.org\/fr\/produit\/bol-noix-de-coco-fuchsia-ile-fuerteventura\/","title":{"rendered":"Bol en noix de coco fuchsia. \u00cele. Fuerteventura."},"content":{"rendered":"<p>Ce bol en noix de coco fuchsia est un article d\u00e9coratif \u00e9l\u00e9gant qui capture l&rsquo;essence vibrante de Fuerteventura. Confectionn\u00e9 m\u00e9ticuleusement \u00e0 partir de coques de noix de coco, ce produit unique se distingue par son design contemporain et color\u00e9. La surface du bol a \u00e9t\u00e9 soigneusement orn\u00e9e d&rsquo;une finition brillante et de d\u00e9tails fuchsia qui contrastent de mani\u00e8re spectaculaire avec le ton terreux naturel de la noix de coco, cr\u00e9ant un effet visuel captivant. Parfait tant pour servir des ap\u00e9ritifs que pour ajouter une touche moderne \u00e0 la d\u00e9coration de la maison, ce bol n&rsquo;est pas seulement fonctionnel, mais agit \u00e9galement comme un v\u00e9ritable objet d&rsquo;art.<\/p>\n<p>La connexion culturelle de ce bol r\u00e9side dans la riche tradition artisanale des \u00eeles Canaries, o\u00f9 les produits en noix de coco sont embl\u00e9matiques et refl\u00e8tent la beaut\u00e9 naturelle de l&rsquo;archipel. En choisissant ce bol en noix de coco fuchsia comme souvenir, les touristes peuvent emporter une pi\u00e8ce qui c\u00e9l\u00e8bre l&rsquo;esprit et la chaleur de Fuerteventura. Chez Ol\u00e9 Mosaic, en tant que grossistes d&rsquo;articles de d\u00e9coration, nous proposons ce bol fuchsia comme une excellente option pour les boutiques de cadeaux touristiques qui recherchent des produits authentiques et de qualit\u00e9. C&rsquo;est sans aucun doute un souvenir qui enchantera ceux qui cherchent \u00e0 se souvenir de la beaut\u00e9 des \u00eeles Canaries d&rsquo;une mani\u00e8re unique et attrayante.<\/p>\n","protected":false},"excerpt":{"rendered":"<p>Bol en noix de coco fuchsia, un \u00e9l\u00e9gant article d\u00e9coratif inspir\u00e9 par la beaut\u00e9 de Fuerteventura. Fabriqu\u00e9 \u00e0 partir de coques de noix de coco, ce bol pr\u00e9sente un design unique avec des d\u00e9tails fuchsia qui rehaussent son attrait moderne. La surface est orn\u00e9e d&rsquo;une finition brillante, cr\u00e9ant un contraste frappant avec le ton naturel de la noix de coco. Id\u00e9al pour servir des ap\u00e9ritifs ou comme \u00e9l\u00e9ment d\u00e9coratif dans la maison, ce bol refl\u00e8te l&rsquo;esprit vibrant des \u00eeles Canaries.<\/p>\n","protected":false},"featured_media":11991,"template":"","meta":{"_acf_changed":false},"product_brand":[],"product_cat":[521],"product_tag":[],"class_list":{"0":"post-28872","1":"product","2":"type-product","3":"status-publish","4":"has-post-thumbnail","6":"product_cat-bols","7":"pa_ciudad-fuerteventura","8":"pa_motivo-iles","9":"pa_pais-espana","11":"first","12":"instock","13":"shipping-taxable","14":"product-type-simple"},"acf":[],"_links":{"self":[{"href":"https:\/\/olemosaic.orbitalia.org\/fr\/wp-json\/wp\/v2\/product\/28872","targetHints":{"allow":["GET"]}}],"collection":[{"href":"https:\/\/olemosaic.orbitalia.org\/fr\/wp-json\/wp\/v2\/product"}],"about":[{"href":"https:\/\/olemosaic.orbitalia.org\/fr\/wp-json\/wp\/v2\/types\/product"}],"wp:featuredmedia":[{"embeddable":true,"href":"https:\/\/olemosaic.orbitalia.org\/fr\/wp-json\/wp\/v2\/media\/11991"}],"wp:attachment":[{"href":"https:\/\/olemosaic.orbitalia.org\/fr\/wp-json\/wp\/v2\/media?parent=28872"}],"wp:term":[{"taxonomy":"product_brand","embeddable":true,"href":"https:\/\/olemosaic.orbitalia.org\/fr\/wp-json\/wp\/v2\/product_brand?post=28872"},{"taxonomy":"product_cat","embeddable":true,"href":"https:\/\/olemosaic.orbitalia.org\/fr\/wp-json\/wp\/v2\/product_cat?post=28872"},{"taxonomy":"product_tag","embeddable":true,"href":"https:\/\/olemosaic.orbitalia.org\/fr\/wp-json\/wp\/v2\/product_tag?post=28872"}],"curies":[{"name":"wp","href":"https:\/\/api.w.org\/{rel}","templated":true}]}}