{"id":28863,"date":"2025-02-20T22:30:28","date_gmt":"2025-02-20T22:30:28","guid":{"rendered":"https:\/\/olemosaic.orbitalia.org\/producto\/bol-de-coco-fucsia-camino-de-santiago\/"},"modified":"2025-07-25T18:45:37","modified_gmt":"2025-07-25T16:45:37","slug":"bol-noix-de-coco-fuchsia-chemin-de-compostelle","status":"publish","type":"product","link":"https:\/\/olemosaic.orbitalia.org\/fr\/produit\/bol-noix-de-coco-fuchsia-chemin-de-compostelle\/","title":{"rendered":"Bol en noix de coco fuchsia. Chemin de Compostelle."},"content":{"rendered":"<p>Ce bol en noix de coco fuchsia d\u00e9cor\u00e9 est un charmant souvenir inspir\u00e9 par l&#8217;embl\u00e9matique Chemin de Compostelle, id\u00e9al pour ceux qui recherchent une pi\u00e8ce significative de leur p\u00e8lerinage. Son design vibrant aux tons fuchsia se distingue par un motif central pr\u00e9sentant la traditionnelle coquille Saint-Jacques, symbole du p\u00e8lerinage, et l&rsquo;inscription \u00ab\u00a0Camino de Santiago\u00a0\u00bb, qui \u00e9voque la spiritualit\u00e9 et l&rsquo;histoire de cette route mystique. La surface du bol brille intens\u00e9ment, tandis que les d\u00e9tails en forme de c\u0153urs ajoutent une touche festive et accueillante, en faisant une pi\u00e8ce d\u00e9corative id\u00e9ale pour n&rsquo;importe quel foyer.<\/p>\n<p>Ce bol n&rsquo;est pas seulement un accessoire pratique, qui peut \u00eatre utilis\u00e9 pour servir de la nourriture ou comme \u00e9l\u00e9ment d\u00e9coratif, il repr\u00e9sente \u00e9galement le lien culturel profond entre la tradition du Chemin et sa signification spirituelle. Con\u00e7u pour attirer les touristes et les p\u00e8lerins, ce bol en noix de coco fuchsia est un souvenir authentique qui capture l&rsquo;esprit d&rsquo;aventure et de d\u00e9couverte de soi du Chemin de Compostelle. Chez Ol\u00e9 Mosaic, nous sommes fiers de proposer ce type de souvenirs en gros qui refl\u00e8tent la richesse culturelle de l&rsquo;Espagne, en faisant une excellente option pour les boutiques de cadeaux touristiques \u00e0 la recherche de produits uniques et de qualit\u00e9. En tant que grossistes de souvenirs, nous garantissons l&rsquo;authenticit\u00e9 et le design de chaque pi\u00e8ce, faisant de votre achat un investissement s\u00fbr dans des souvenirs inoubliables.<\/p>\n","protected":false},"excerpt":{"rendered":"<p>Bol en noix de coco fuchsia d\u00e9cor\u00e9, inspir\u00e9 par le c\u00e9l\u00e8bre Chemin de Compostelle. Ce bol frappant pr\u00e9sente un design vibrant aux tons fuchsia, avec un motif central incluant la traditionnelle coquille Saint-Jacques et l&rsquo;inscription \u00ab\u00a0Camino de Santiago\u00a0\u00bb. Sa surface brillante et ses d\u00e9tails en forme de c\u0153urs lui donnent une touche festive, en faisant un souvenir parfait de cette route embl\u00e9matique. Id\u00e9al pour la d\u00e9coration ou comme accessoire pratique.<\/p>\n","protected":false},"featured_media":10210,"template":"","meta":{"_acf_changed":false},"product_brand":[],"product_cat":[521],"product_tag":[],"class_list":{"0":"post-28863","1":"product","2":"type-product","3":"status-publish","4":"has-post-thumbnail","6":"product_cat-bols","7":"pa_motivo-chemin-saint-jacques","9":"first","10":"instock","11":"shipping-taxable","12":"product-type-simple"},"acf":[],"_links":{"self":[{"href":"https:\/\/olemosaic.orbitalia.org\/fr\/wp-json\/wp\/v2\/product\/28863","targetHints":{"allow":["GET"]}}],"collection":[{"href":"https:\/\/olemosaic.orbitalia.org\/fr\/wp-json\/wp\/v2\/product"}],"about":[{"href":"https:\/\/olemosaic.orbitalia.org\/fr\/wp-json\/wp\/v2\/types\/product"}],"wp:featuredmedia":[{"embeddable":true,"href":"https:\/\/olemosaic.orbitalia.org\/fr\/wp-json\/wp\/v2\/media\/10210"}],"wp:attachment":[{"href":"https:\/\/olemosaic.orbitalia.org\/fr\/wp-json\/wp\/v2\/media?parent=28863"}],"wp:term":[{"taxonomy":"product_brand","embeddable":true,"href":"https:\/\/olemosaic.orbitalia.org\/fr\/wp-json\/wp\/v2\/product_brand?post=28863"},{"taxonomy":"product_cat","embeddable":true,"href":"https:\/\/olemosaic.orbitalia.org\/fr\/wp-json\/wp\/v2\/product_cat?post=28863"},{"taxonomy":"product_tag","embeddable":true,"href":"https:\/\/olemosaic.orbitalia.org\/fr\/wp-json\/wp\/v2\/product_tag?post=28863"}],"curies":[{"name":"wp","href":"https:\/\/api.w.org\/{rel}","templated":true}]}}