{"id":28861,"date":"2025-02-20T22:30:28","date_gmt":"2025-02-20T22:30:28","guid":{"rendered":"https:\/\/olemosaic.orbitalia.org\/producto\/bol-de-coco-fucsia-salamandra-mallorca\/"},"modified":"2025-07-25T20:37:54","modified_gmt":"2025-07-25T18:37:54","slug":"bol-noix-de-coco-fuchsia-salamandre-majorque","status":"publish","type":"product","link":"https:\/\/olemosaic.orbitalia.org\/fr\/produit\/bol-noix-de-coco-fuchsia-salamandre-majorque\/","title":{"rendered":"Bol en noix de coco fuchsia. Salamandre. Majorque."},"content":{"rendered":"<p>Ce bol en noix de coco fuchsia, d\u00e9cor\u00e9 d&rsquo;une salamandre, est un v\u00e9ritable bijou artisanal repr\u00e9sentatif de Majorque. Son fond fuchsia vibrant souligne le riche h\u00e9ritage culturel des \u00eeles Bal\u00e9ares, tandis que le design embl\u00e9matique de la salamandre, qui \u00e9merge au centre avec une finition en mosa\u00efque dans les tons cr\u00e8me, est non seulement visuellement attrayant, mais symbolise \u00e9galement la biodiversit\u00e9 unique de la r\u00e9gion. Le mot \u00ab\u00a0MALLORCA\u00a0\u00bb, mis en \u00e9vidence avec soin, renforce l&rsquo;authenticit\u00e9 de ce produit, en faisant un souvenir id\u00e9al pour ceux qui visitent l&rsquo;\u00eele.<\/p>\n<p>Le bol est fabriqu\u00e9 \u00e0 partir d&rsquo;une coque de noix de coco, ce qui le rend l\u00e9ger et facile \u00e0 manipuler, tout en affichant une finition m\u00e9ticuleuse qui fusionne art et tradition. Cette pi\u00e8ce n&rsquo;est pas seulement fonctionnelle, elle sert \u00e9galement d&rsquo;ornement attrayant qui peut apporter une touche de couleur \u00e0 n&rsquo;importe quel espace de la maison. Les d\u00e9tails de la mosa\u00efque, ainsi que sa couleur \u00e9clatante, refl\u00e8tent la chaleur et la vivacit\u00e9 de la culture majorquine, faisant de ce bol un authentique souvenir qui capture l&rsquo;essence de l&rsquo;\u00eele.<\/p>\n<p>Pour les boutiques de cadeaux touristiques, ce bol en noix de coco fuchsia est une option exceptionnelle qui se d\u00e9marque sur n&rsquo;importe quelle \u00e9tag\u00e8re, id\u00e9al pour les touristes \u00e0 la recherche de souvenirs de qualit\u00e9 et de caract\u00e8re. Chez Ol\u00e9 Mosaic, en tant que distributeurs de souvenirs en gros, nous proposons des articles qui ne sont pas seulement beaux, mais qui racontent aussi une histoire culturelle significative.<\/p>\n","protected":false},"excerpt":{"rendered":"<p>Bol en noix de coco fuchsia d\u00e9cor\u00e9 d&rsquo;une salamandre, repr\u00e9sentatif de Majorque. Ce bol frappant pr\u00e9sente un fond fuchsia vibrant avec une salamandre au centre, et est embelli par une finition en mosa\u00efque dans les tons cr\u00e8me. Le mot \u00ab\u00a0MALLORCA\u00a0\u00bb se d\u00e9tache, faisant allusion \u00e0 son origine. Fabriqu\u00e9 \u00e0 partir d&rsquo;une coque de noix de coco, il est id\u00e9al pour apporter une touche unique et color\u00e9e \u00e0 n&rsquo;importe quel coin de votre maison.<\/p>\n","protected":false},"featured_media":11774,"template":"","meta":{"_acf_changed":false},"product_brand":[],"product_cat":[521],"product_tag":[530],"class_list":{"0":"post-28861","1":"product","2":"type-product","3":"status-publish","4":"has-post-thumbnail","6":"product_cat-bols","7":"product_tag-animaux","8":"pa_ciudad-mallorca","9":"pa_motivo-salamandres","10":"pa_pais-espana","12":"first","13":"instock","14":"shipping-taxable","15":"product-type-simple"},"acf":[],"_links":{"self":[{"href":"https:\/\/olemosaic.orbitalia.org\/fr\/wp-json\/wp\/v2\/product\/28861","targetHints":{"allow":["GET"]}}],"collection":[{"href":"https:\/\/olemosaic.orbitalia.org\/fr\/wp-json\/wp\/v2\/product"}],"about":[{"href":"https:\/\/olemosaic.orbitalia.org\/fr\/wp-json\/wp\/v2\/types\/product"}],"wp:featuredmedia":[{"embeddable":true,"href":"https:\/\/olemosaic.orbitalia.org\/fr\/wp-json\/wp\/v2\/media\/11774"}],"wp:attachment":[{"href":"https:\/\/olemosaic.orbitalia.org\/fr\/wp-json\/wp\/v2\/media?parent=28861"}],"wp:term":[{"taxonomy":"product_brand","embeddable":true,"href":"https:\/\/olemosaic.orbitalia.org\/fr\/wp-json\/wp\/v2\/product_brand?post=28861"},{"taxonomy":"product_cat","embeddable":true,"href":"https:\/\/olemosaic.orbitalia.org\/fr\/wp-json\/wp\/v2\/product_cat?post=28861"},{"taxonomy":"product_tag","embeddable":true,"href":"https:\/\/olemosaic.orbitalia.org\/fr\/wp-json\/wp\/v2\/product_tag?post=28861"}],"curies":[{"name":"wp","href":"https:\/\/api.w.org\/{rel}","templated":true}]}}