{"id":28860,"date":"2025-02-20T22:30:28","date_gmt":"2025-02-20T22:30:28","guid":{"rendered":"https:\/\/olemosaic.orbitalia.org\/producto\/bol-de-coco-fucsia-salamandra-tenerife-2\/"},"modified":"2025-07-25T19:51:57","modified_gmt":"2025-07-25T17:51:57","slug":"bol-noix-de-coco-fuchsia-salamandre-tenerife-2","status":"publish","type":"product","link":"https:\/\/olemosaic.orbitalia.org\/fr\/produit\/bol-noix-de-coco-fuchsia-salamandre-tenerife-2\/","title":{"rendered":"Bol en noix de coco fuchsia. Salamandre. Tenerife."},"content":{"rendered":"<p>Ce bol en noix de coco fuchsia d\u00e9cor\u00e9 d&rsquo;une salamandre est un v\u00e9ritable bijou repr\u00e9sentant la culture canarienne, particuli\u00e8rement celle de Tenerife. Son design vibrant combine un fond aux tons clairs avec une s\u00e9rie de points fuchsia qui cr\u00e9ent un effet visuel artisanal et percutant. Au centre, une \u00e9l\u00e9gante salamandre marron se d\u00e9tache avec force sur le fond, accompagn\u00e9e de l&rsquo;inscription \u00ab\u00a0Tenerife\u00a0\u00bb, ce qui en fait un souvenir id\u00e9al de cette \u00eele magnifique.<\/p>\n<p>Fabriqu\u00e9 avec soin et savoir-faire, ce bol n&rsquo;est pas seulement fonctionnel, c&rsquo;est aussi une pi\u00e8ce d\u00e9corative exquise pour tout espace. Les couleurs vives du bol ajoutent une touche de joie et d&rsquo;authenticit\u00e9 \u00e0 la d\u00e9coration, \u00e9voquant les paysages et la faune de Tenerife. La salamandre, symbole d&rsquo;adaptabilit\u00e9 et de renouveau, renforce le lien culturel avec la r\u00e9gion, faisant de ce bol un souvenir significatif pour ceux qui visitent les \u00eeles Canaries.<\/p>\n<p>Chez Ol\u00e9 Mosaic, nous sommes distributeurs de souvenirs en gros et ce bol en noix de coco fuchsia est un choix parfait pour les boutiques de cadeaux touristiques cherchant \u00e0 proposer des produits de qualit\u00e9. Son design attrayant et sa pertinence culturelle en font un souvenir repr\u00e9sentatif qui ravira les touristes et les amateurs d&rsquo;artisanat canarien.<\/p>\n","protected":false},"excerpt":{"rendered":"<p>Bol en noix de coco fuchsia d\u00e9cor\u00e9 d&rsquo;une salamandre, un \u00e9l\u00e9ment repr\u00e9sentatif de Tenerife. Ce bol vibrant combine un fond clair avec des points fuchsia qui soulignent son design artisanal. Au centre, une salamandre marron se d\u00e9tache sur le fond, avec l&rsquo;inscription \u00ab\u00a0Tenerife\u00a0\u00bb. Id\u00e9al comme pi\u00e8ce d\u00e9corative ou pour servir, ce bol refl\u00e8te la culture canarienne \u00e0 travers sa fabrication soign\u00e9e et ses couleurs attrayantes.<\/p>\n","protected":false},"featured_media":11924,"template":"","meta":{"_acf_changed":false},"product_brand":[],"product_cat":[521],"product_tag":[530],"class_list":{"0":"post-28860","1":"product","2":"type-product","3":"status-publish","4":"has-post-thumbnail","6":"product_cat-bols","7":"product_tag-animaux","8":"pa_ciudad-tenerife","9":"pa_motivo-salamandres","10":"pa_pais-espana","12":"first","13":"instock","14":"shipping-taxable","15":"product-type-simple"},"acf":[],"_links":{"self":[{"href":"https:\/\/olemosaic.orbitalia.org\/fr\/wp-json\/wp\/v2\/product\/28860","targetHints":{"allow":["GET"]}}],"collection":[{"href":"https:\/\/olemosaic.orbitalia.org\/fr\/wp-json\/wp\/v2\/product"}],"about":[{"href":"https:\/\/olemosaic.orbitalia.org\/fr\/wp-json\/wp\/v2\/types\/product"}],"wp:featuredmedia":[{"embeddable":true,"href":"https:\/\/olemosaic.orbitalia.org\/fr\/wp-json\/wp\/v2\/media\/11924"}],"wp:attachment":[{"href":"https:\/\/olemosaic.orbitalia.org\/fr\/wp-json\/wp\/v2\/media?parent=28860"}],"wp:term":[{"taxonomy":"product_brand","embeddable":true,"href":"https:\/\/olemosaic.orbitalia.org\/fr\/wp-json\/wp\/v2\/product_brand?post=28860"},{"taxonomy":"product_cat","embeddable":true,"href":"https:\/\/olemosaic.orbitalia.org\/fr\/wp-json\/wp\/v2\/product_cat?post=28860"},{"taxonomy":"product_tag","embeddable":true,"href":"https:\/\/olemosaic.orbitalia.org\/fr\/wp-json\/wp\/v2\/product_tag?post=28860"}],"curies":[{"name":"wp","href":"https:\/\/api.w.org\/{rel}","templated":true}]}}