{"id":28834,"date":"2025-02-20T23:30:27","date_gmt":"2025-02-20T22:30:27","guid":{"rendered":"https:\/\/olemosaic.orbitalia.org\/producto\/bol-de-coco-fucsia-caballito-de-mar-mallorca\/"},"modified":"2025-07-25T19:34:43","modified_gmt":"2025-07-25T17:34:43","slug":"bol-en-coco-fuchsia-hippocampe-majorque","status":"publish","type":"product","link":"https:\/\/olemosaic.orbitalia.org\/fr\/produit\/bol-en-coco-fuchsia-hippocampe-majorque\/","title":{"rendered":"Bol en coco fuchsia. Hippocampe. Majorque."},"content":{"rendered":"<p>Ce bol en coco fuchsia d\u00e9cor\u00e9 d&rsquo;un charmant hippocampe est un magnifique souvenir qui repr\u00e9sente la culture vibrante de Majorque. Son design, peint \u00e0 la main, se distingue par sa finition color\u00e9e, qui \u00e9voque la chaleur de l&rsquo;\u00e9t\u00e9 et les traditions locales. Le bol pr\u00e9sente un motif de c\u0153urs entourant l&rsquo;illustration centrale de l&rsquo;hippocampe, un symbole embl\u00e9matique de la vie marine majorquine, soulignant \u00e0 la fois sa beaut\u00e9 esth\u00e9tique et sa connexion avec l&rsquo;environnement naturel de l&rsquo;\u00eele.<\/p>\n<p>Avec un air joyeux et accueillant, ce bol n&rsquo;est pas seulement id\u00e9al comme pi\u00e8ce d\u00e9corative, mais peut \u00e9galement \u00eatre utilis\u00e9 pour servir des ap\u00e9ritifs ou de petits aliments, refl\u00e9tant la multifonctionnalit\u00e9 de la c\u00e9ramique locale. La texture brillante et les couleurs intenses ajoutent une touche distinctive \u00e0 n&rsquo;importe quel foyer, faisant de ce bol un choix parfait pour ceux qui recherchent un souvenir authentique et significatif de Majorque.<\/p>\n<p>Chez Ol\u00e9 Mosaic, nous nous sp\u00e9cialisons dans la distribution de souvenirs authentiques de Majorque, garantissant que chaque pi\u00e8ce n&rsquo;est pas seulement un objet, mais un fragment de la culture et des traditions majorquines. Ce bol en coco fuchsia est une excellente option pour les boutiques de cadeaux touristiques souhaitant proposer des produits qui capturent l&rsquo;essence locale. En tant que grossiste de souvenirs, nous offrons une vari\u00e9t\u00e9 d&rsquo;articles uniques qui mettent en valeur le riche h\u00e9ritage culturel de l&rsquo;Espagne.<\/p>\n","protected":false},"excerpt":{"rendered":"<p>Bol en coco fuchsia d\u00e9cor\u00e9 d&rsquo;un charmant hippocampe, symbole de Majorque. Ce bol vibrant pr\u00e9sente un design artisanal, peint \u00e0 la main, avec un motif de c\u0153urs entourant l&rsquo;illustration centrale, ajoutant une touche distinctive et joyeuse. Parfait pour un usage d\u00e9coratif ou fonctionnel, sa finition color\u00e9e rehausse la beaut\u00e9 de la c\u00e9ramique locale, faisant de ce bol un authentique souvenir de la culture majorquine.<\/p>\n","protected":false},"featured_media":10246,"template":"","meta":{"_acf_changed":false},"product_brand":[],"product_cat":[521],"product_tag":[530],"class_list":{"0":"post-28834","1":"product","2":"type-product","3":"status-publish","4":"has-post-thumbnail","6":"product_cat-bols","7":"product_tag-animaux","8":"pa_ciudad-mallorca","9":"pa_motivo-hippocampes","10":"pa_pais-espana","12":"first","13":"instock","14":"shipping-taxable","15":"product-type-simple"},"acf":[],"_links":{"self":[{"href":"https:\/\/olemosaic.orbitalia.org\/fr\/wp-json\/wp\/v2\/product\/28834","targetHints":{"allow":["GET"]}}],"collection":[{"href":"https:\/\/olemosaic.orbitalia.org\/fr\/wp-json\/wp\/v2\/product"}],"about":[{"href":"https:\/\/olemosaic.orbitalia.org\/fr\/wp-json\/wp\/v2\/types\/product"}],"wp:featuredmedia":[{"embeddable":true,"href":"https:\/\/olemosaic.orbitalia.org\/fr\/wp-json\/wp\/v2\/media\/10246"}],"wp:attachment":[{"href":"https:\/\/olemosaic.orbitalia.org\/fr\/wp-json\/wp\/v2\/media?parent=28834"}],"wp:term":[{"taxonomy":"product_brand","embeddable":true,"href":"https:\/\/olemosaic.orbitalia.org\/fr\/wp-json\/wp\/v2\/product_brand?post=28834"},{"taxonomy":"product_cat","embeddable":true,"href":"https:\/\/olemosaic.orbitalia.org\/fr\/wp-json\/wp\/v2\/product_cat?post=28834"},{"taxonomy":"product_tag","embeddable":true,"href":"https:\/\/olemosaic.orbitalia.org\/fr\/wp-json\/wp\/v2\/product_tag?post=28834"}],"curies":[{"name":"wp","href":"https:\/\/api.w.org\/{rel}","templated":true}]}}