{"id":28825,"date":"2025-02-20T23:30:26","date_gmt":"2025-02-20T22:30:26","guid":{"rendered":"https:\/\/olemosaic.orbitalia.org\/producto\/bol-de-coco-fucsia-isla-tenerife-2\/"},"modified":"2025-07-25T18:55:06","modified_gmt":"2025-07-25T16:55:06","slug":"bol-noix-de-coco-fuchsia-ile-tenerife-fr","status":"publish","type":"product","link":"https:\/\/olemosaic.orbitalia.org\/fr\/produit\/bol-noix-de-coco-fuchsia-ile-tenerife-fr\/","title":{"rendered":"Bol en noix de coco fuchsia. \u00cele. Tenerife. Canaries."},"content":{"rendered":"<p>Ce bol en noix de coco fuchsia, d\u00e9cor\u00e9 de motifs joyeux, est une pi\u00e8ce unique qui capture l&rsquo;essence vibrante de l&rsquo;\u00eele de Tenerife. Peint \u00e0 la main, son int\u00e9rieur resplendit d&rsquo;une couleur fuchsia intense, compl\u00e9t\u00e9e par un bord rouge brillant qui ajoute une touche d&rsquo;\u00e9nergie. Au centre, la silhouette de l&rsquo;\u00eele se d\u00e9tache dans une couleur rose \u00e9clatante, accompagn\u00e9e de l&rsquo;inscription \u00ab\u00a0TENERIFE\u00a0\u00bb, ce qui en fait un souvenir repr\u00e9sentatif de la r\u00e9gion. Les charmants d\u00e9tails en forme de c\u0153urs, peints dans diff\u00e9rentes nuances de fuchsia, ajoutent un air juv\u00e9nile et festif, id\u00e9al pour embellir n&rsquo;importe quel espace. Ce bol n&rsquo;est pas seulement un article d\u00e9coratif, mais aussi un \u00e9l\u00e9ment pratique, parfait pour servir des ap\u00e9ritifs ou comme centre de table.<\/p>\n<p>Avec son design joyeux, ce bol incarne l&rsquo;esprit de la culture canarienne et constitue un excellent souvenir pour les touristes qui souhaitent ramener un morceau de Tenerife chez eux. Chez Ol\u00e9 Mosaic, nous nous sp\u00e9cialisons dans la distribution de souvenirs authentiques, et ce bol en noix de coco fuchsia est un choix id\u00e9al pour les boutiques de cadeaux touristiques qui recherchent des produits de qualit\u00e9 avec une touche culturelle unique. En tant que grossistes de souvenirs de Tenerife, nous garantissons l&rsquo;authenticit\u00e9 et le design charmant de chaque pi\u00e8ce, en faisant un rappel durable d&rsquo;une exp\u00e9rience inoubliable aux \u00eeles Canaries.<\/p>\n","protected":false},"excerpt":{"rendered":"<p>Bol en noix de coco fuchsia d\u00e9cor\u00e9 de motifs joyeux et color\u00e9s, inspir\u00e9 par l&rsquo;\u00eele vibrante de Tenerife. Cet article charmant, de conception artisanale et peint \u00e0 la main, pr\u00e9sente un design de c\u0153urs dans des tons fuchsia et un contour rouge brillant. Au centre, la silhouette de l&rsquo;\u00eele se distingue \u00e0 c\u00f4t\u00e9 de l&rsquo;inscription \u00ab\u00a0TENERIFE\u00a0\u00bb. Parfait comme souvenir ou \u00e9l\u00e9ment d\u00e9coratif, ce bol int\u00e8gre l&rsquo;essence de la culture canarienne dans chaque d\u00e9tail, ajoutant une touche de couleur \u00e0 n&rsquo;importe quel espace.<\/p>\n","protected":false},"featured_media":10206,"template":"","meta":{"_acf_changed":false},"product_brand":[],"product_cat":[521],"product_tag":[],"class_list":{"0":"post-28825","1":"product","2":"type-product","3":"status-publish","4":"has-post-thumbnail","6":"product_cat-bols","7":"pa_ciudad-tenerife","8":"pa_motivo-iles","9":"pa_pais-espana","11":"first","12":"instock","13":"shipping-taxable","14":"product-type-simple"},"acf":[],"_links":{"self":[{"href":"https:\/\/olemosaic.orbitalia.org\/fr\/wp-json\/wp\/v2\/product\/28825","targetHints":{"allow":["GET"]}}],"collection":[{"href":"https:\/\/olemosaic.orbitalia.org\/fr\/wp-json\/wp\/v2\/product"}],"about":[{"href":"https:\/\/olemosaic.orbitalia.org\/fr\/wp-json\/wp\/v2\/types\/product"}],"wp:featuredmedia":[{"embeddable":true,"href":"https:\/\/olemosaic.orbitalia.org\/fr\/wp-json\/wp\/v2\/media\/10206"}],"wp:attachment":[{"href":"https:\/\/olemosaic.orbitalia.org\/fr\/wp-json\/wp\/v2\/media?parent=28825"}],"wp:term":[{"taxonomy":"product_brand","embeddable":true,"href":"https:\/\/olemosaic.orbitalia.org\/fr\/wp-json\/wp\/v2\/product_brand?post=28825"},{"taxonomy":"product_cat","embeddable":true,"href":"https:\/\/olemosaic.orbitalia.org\/fr\/wp-json\/wp\/v2\/product_cat?post=28825"},{"taxonomy":"product_tag","embeddable":true,"href":"https:\/\/olemosaic.orbitalia.org\/fr\/wp-json\/wp\/v2\/product_tag?post=28825"}],"curies":[{"name":"wp","href":"https:\/\/api.w.org\/{rel}","templated":true}]}}