{"id":28817,"date":"2025-02-20T23:30:26","date_gmt":"2025-02-20T22:30:26","guid":{"rendered":"https:\/\/olemosaic.orbitalia.org\/producto\/bol-de-coco-fucsia-mano\/"},"modified":"2025-07-25T20:06:35","modified_gmt":"2025-07-25T18:06:35","slug":"bol-noix-de-coco-fuchsia-main","status":"publish","type":"product","link":"https:\/\/olemosaic.orbitalia.org\/fr\/produit\/bol-noix-de-coco-fuchsia-main\/","title":{"rendered":"Bol en noix de coco fuchsia. Main."},"content":{"rendered":"<p>Ce bol en noix de coco fuchsia, d\u00e9cor\u00e9 \u00e0 la main, est un exemple vibrant d&rsquo;artisanat contemporain qui \u00e9voque des influences culturelles profondes. Avec son fond fuchsia brillant, ce bol original se distingue par la repr\u00e9sentation embl\u00e9matique d&rsquo;une main avec un \u0153il au centre, symbole de protection et de bonne fortune dans de nombreuses traditions. Le bord est encadr\u00e9 par de d\u00e9licats d\u00e9tails dans des tons plus clairs, ajoutant une dimension artistique qui transformera n&rsquo;importe quel espace en un lieu plein d&rsquo;\u00e9nergie et de couleur.<\/p>\n<p>Id\u00e9al pour servir des ap\u00e9ritifs ou comme objet ornemental, chaque bol est une pi\u00e8ce unique, car la technique artisanale garantit qu&rsquo;il n&rsquo;y en a pas deux pareils. Ce souvenir non seulement embellit la maison, mais raconte aussi une histoire, inspirant des conversations sur ses origines et ses significations culturelles. Son design vibrant est parfait pour ceux qui cherchent \u00e0 donner une touche unique et joyeuse \u00e0 leur d\u00e9coration.<\/p>\n<p>Chez Ol\u00e9 Mosaic, nous distribuons des souvenirs artisanaux en gros, et ce bol fuchsia est une option exceptionnelle pour les boutiques de cadeaux touristiques qui souhaitent proposer des produits authentiques et culturellement riches. Un souvenir de voyage qui capture l&rsquo;essence de la culture et de l&rsquo;artisanat local, parfait pour les touristes \u00e0 la recherche d&rsquo;un souvenir significatif.<\/p>\n","protected":false},"excerpt":{"rendered":"<p>Bol en noix de coco fuchsia d\u00e9cor\u00e9 dans un style artisanal, id\u00e9al pour donner une touche vibrante \u00e0 votre int\u00e9rieur. Ce bol original pr\u00e9sente un design \u00e9nergique avec un fond fuchsia brillant et une main embl\u00e9matique avec un \u0153il au centre, encadr\u00e9e de d\u00e9tails dans des tons plus clairs. La technique artisanale souligne la singularit\u00e9 de chaque pi\u00e8ce, en faisant un \u00e9l\u00e9ment d\u00e9coratif attrayant qui \u00e9voque des influences culturelles. Parfait pour servir des ap\u00e9ritifs ou comme objet ornemental.<\/p>\n","protected":false},"featured_media":13404,"template":"","meta":{"_acf_changed":false},"product_brand":[],"product_cat":[521],"product_tag":[],"class_list":{"0":"post-28817","1":"product","2":"type-product","3":"status-publish","4":"has-post-thumbnail","6":"product_cat-bols","7":"pa_motivo-mains","9":"first","10":"instock","11":"shipping-taxable","12":"product-type-simple"},"acf":[],"_links":{"self":[{"href":"https:\/\/olemosaic.orbitalia.org\/fr\/wp-json\/wp\/v2\/product\/28817","targetHints":{"allow":["GET"]}}],"collection":[{"href":"https:\/\/olemosaic.orbitalia.org\/fr\/wp-json\/wp\/v2\/product"}],"about":[{"href":"https:\/\/olemosaic.orbitalia.org\/fr\/wp-json\/wp\/v2\/types\/product"}],"wp:featuredmedia":[{"embeddable":true,"href":"https:\/\/olemosaic.orbitalia.org\/fr\/wp-json\/wp\/v2\/media\/13404"}],"wp:attachment":[{"href":"https:\/\/olemosaic.orbitalia.org\/fr\/wp-json\/wp\/v2\/media?parent=28817"}],"wp:term":[{"taxonomy":"product_brand","embeddable":true,"href":"https:\/\/olemosaic.orbitalia.org\/fr\/wp-json\/wp\/v2\/product_brand?post=28817"},{"taxonomy":"product_cat","embeddable":true,"href":"https:\/\/olemosaic.orbitalia.org\/fr\/wp-json\/wp\/v2\/product_cat?post=28817"},{"taxonomy":"product_tag","embeddable":true,"href":"https:\/\/olemosaic.orbitalia.org\/fr\/wp-json\/wp\/v2\/product_tag?post=28817"}],"curies":[{"name":"wp","href":"https:\/\/api.w.org\/{rel}","templated":true}]}}