{"id":28816,"date":"2025-02-20T22:30:25","date_gmt":"2025-02-20T22:30:25","guid":{"rendered":"https:\/\/olemosaic.orbitalia.org\/producto\/bol-de-coco-fucsia-sardina-2\/"},"modified":"2025-07-25T20:19:29","modified_gmt":"2025-07-25T18:19:29","slug":"bol-noix-de-coco-fuchsia-sardine","status":"publish","type":"product","link":"https:\/\/olemosaic.orbitalia.org\/fr\/produit\/bol-noix-de-coco-fuchsia-sardine\/","title":{"rendered":"Bol en noix de coco fuchsia. Sardine."},"content":{"rendered":"<p>Ce bol en noix de coco fuchsia avec un motif de sardine est un hommage au folklore de la p\u00eache portugaise, parfait pour ceux qui recherchent un souvenir vibrant et significatif de leur voyage. La pi\u00e8ce se distingue par son int\u00e9rieur \u00e9maill\u00e9 d&rsquo;un fuchsia \u00e9clatant qui capture la lumi\u00e8re de mani\u00e8re impressionnante, mettant en valeur les d\u00e9licats d\u00e9tails blancs repr\u00e9sentant une sardine, symbole embl\u00e9matique de la culture de la p\u00eache portugaise. L&rsquo;ext\u00e9rieur du bol pr\u00e9sente une texture innovante qui imite le style mosa\u00efque, fusionnant tradition et modernit\u00e9 dans chaque trait.<\/p>\n<p>Id\u00e9al aussi bien pour le quotidien que pour les occasions sp\u00e9ciales, ce bol n&rsquo;est pas seulement fonctionnel, c&rsquo;est aussi un \u00e9l\u00e9ment d\u00e9coratif charmant qui apporte une touche color\u00e9e \u00e0 n&rsquo;importe quelle table. La fusion de l&rsquo;art et de la fonctionnalit\u00e9 dans ce design en fait un souvenir exquis qui r\u00e9sume l&rsquo;essence du Portugal, un cadeau parfait pour les amis et la famille. Chez Ol\u00e9 Mosaic, nous sommes fiers de proposer des souvenirs authentiques qui refl\u00e8tent le riche h\u00e9ritage culturel portugais. Ce bol en noix de coco fuchsia est une excellente option pour les boutiques de cadeaux touristiques \u00e0 la recherche de produits uniques et de qualit\u00e9, s&rsquo;imposant comme un v\u00e9ritable tr\u00e9sor repr\u00e9sentatif de la tradition portugaise.<\/p>\n","protected":false},"excerpt":{"rendered":"<p>Bol en noix de coco fuchsia d\u00e9cor\u00e9 d&rsquo;un motif de sardine, symbole du folklore de la p\u00eache portugaise. Ce bol attrayant pr\u00e9sente un int\u00e9rieur fuchsia vibrant avec une finition \u00e9maill\u00e9e qui fait ressortir les d\u00e9tails en blanc. La surface imite un style de mosa\u00efque, apportant une touche moderne et color\u00e9e id\u00e9ale pour donner vie \u00e0 n&rsquo;importe quelle table. Parfait comme souvenir ou pour un usage quotidien, il allie art et fonctionnalit\u00e9.<\/p>\n","protected":false},"featured_media":11982,"template":"","meta":{"_acf_changed":false},"product_brand":[],"product_cat":[521],"product_tag":[530],"class_list":{"0":"post-28816","1":"product","2":"type-product","3":"status-publish","4":"has-post-thumbnail","6":"product_cat-bols","7":"product_tag-animaux","8":"pa_motivo-sardines","9":"pa_pais-portugal","11":"first","12":"instock","13":"shipping-taxable","14":"product-type-simple"},"acf":[],"_links":{"self":[{"href":"https:\/\/olemosaic.orbitalia.org\/fr\/wp-json\/wp\/v2\/product\/28816","targetHints":{"allow":["GET"]}}],"collection":[{"href":"https:\/\/olemosaic.orbitalia.org\/fr\/wp-json\/wp\/v2\/product"}],"about":[{"href":"https:\/\/olemosaic.orbitalia.org\/fr\/wp-json\/wp\/v2\/types\/product"}],"wp:featuredmedia":[{"embeddable":true,"href":"https:\/\/olemosaic.orbitalia.org\/fr\/wp-json\/wp\/v2\/media\/11982"}],"wp:attachment":[{"href":"https:\/\/olemosaic.orbitalia.org\/fr\/wp-json\/wp\/v2\/media?parent=28816"}],"wp:term":[{"taxonomy":"product_brand","embeddable":true,"href":"https:\/\/olemosaic.orbitalia.org\/fr\/wp-json\/wp\/v2\/product_brand?post=28816"},{"taxonomy":"product_cat","embeddable":true,"href":"https:\/\/olemosaic.orbitalia.org\/fr\/wp-json\/wp\/v2\/product_cat?post=28816"},{"taxonomy":"product_tag","embeddable":true,"href":"https:\/\/olemosaic.orbitalia.org\/fr\/wp-json\/wp\/v2\/product_tag?post=28816"}],"curies":[{"name":"wp","href":"https:\/\/api.w.org\/{rel}","templated":true}]}}