{"id":28813,"date":"2025-02-20T22:30:25","date_gmt":"2025-02-20T22:30:25","guid":{"rendered":"https:\/\/olemosaic.orbitalia.org\/producto\/bol-de-coco-de-beige-tortuga-tenerife\/"},"modified":"2025-07-25T18:49:48","modified_gmt":"2025-07-25T16:49:48","slug":"bol-noix-de-coco-beige-tortue-tenerife","status":"publish","type":"product","link":"https:\/\/olemosaic.orbitalia.org\/fr\/produit\/bol-noix-de-coco-beige-tortue-tenerife\/","title":{"rendered":"Bol en noix de coco beige. Tortue. Tenerife."},"content":{"rendered":"<p>Ce bol en noix de coco est un souvenir de Tenerife qui se distingue par son design \u00e9l\u00e9gant et sa connexion avec la faune marine des \u00eeles Canaries. Fabriqu\u00e9 avec une authentique coque de noix de coco, sa couleur beige naturel offre un aspect exotique et accueillant, id\u00e9al pour n&rsquo;importe quel espace. Le motif central pr\u00e9sente une tortue d\u00e9licate, embl\u00e9matique de la r\u00e9gion, qui symbolise la richesse et la diversit\u00e9 de la vie marine canarienne. Cet \u00e9l\u00e9ment d\u00e9coratif est r\u00e9alis\u00e9 avec une technique de mosa\u00efque o\u00f9 de petites pi\u00e8ces simulent des \u00e9cailles, cr\u00e9ant un effet visuel fascinant qui capte l&rsquo;attention.<\/p>\n<p>La finition brillante du bol souligne encore plus les tons de la noix de coco, rehaussant sa beaut\u00e9 naturelle. En plus d&rsquo;\u00eatre une pi\u00e8ce d\u00e9corative, il est pratique pour servir des ap\u00e9ritifs ou comme centre de table, ce qui lui conf\u00e8re une polyvalence pour toute occasion. Ce bol ne c\u00e9l\u00e8bre pas seulement l&rsquo;artisanat local, mais constitue \u00e9galement un rappel tangible de la culture et de l&rsquo;environnement marin de Tenerife.<\/p>\n<p>Chez Ol\u00e9 Mosaic, nous nous sp\u00e9cialisons dans la distribution de souvenirs authentiques et repr\u00e9sentatifs. Ce bol en noix de coco est une excellente option pour les boutiques de cadeaux touristiques qui cherchent \u00e0 offrir des produits de qualit\u00e9 et porteurs de sens. En tant que grossiste de souvenirs canariens, nous garantissons l&rsquo;originalit\u00e9 et un style distinctif dans chaque pi\u00e8ce, ce qui en fait un cadeau parfait pour ceux qui souhaitent emporter un morceau du charme de Tenerife.<\/p>\n","protected":false},"excerpt":{"rendered":"<p>Bol en noix de coco dans les tons beiges, d\u00e9cor\u00e9 d&rsquo;une tortue au centre repr\u00e9sentant la faune marine de Tenerife. Ce bol \u00e9l\u00e9gant pr\u00e9sente une technique de mosa\u00efque avec de petites pi\u00e8ces simulant des \u00e9cailles, et sa finition brillante souligne les couleurs naturelles de la noix de coco. Id\u00e9al comme \u00e9l\u00e9ment d\u00e9coratif ou pour servir, il ajoute une touche exotique et authentique \u00e0 n&rsquo;importe quelle ambiance. Parfait pour les amoureux de la nature et de la culture canarienne.<\/p>\n","protected":false},"featured_media":11935,"template":"","meta":{"_acf_changed":false},"product_brand":[],"product_cat":[521],"product_tag":[530],"class_list":{"0":"post-28813","1":"product","2":"type-product","3":"status-publish","4":"has-post-thumbnail","6":"product_cat-bols","7":"product_tag-animaux","8":"pa_ciudad-tenerife","9":"pa_motivo-tortues","10":"pa_pais-espana","12":"first","13":"instock","14":"shipping-taxable","15":"product-type-simple"},"acf":[],"_links":{"self":[{"href":"https:\/\/olemosaic.orbitalia.org\/fr\/wp-json\/wp\/v2\/product\/28813","targetHints":{"allow":["GET"]}}],"collection":[{"href":"https:\/\/olemosaic.orbitalia.org\/fr\/wp-json\/wp\/v2\/product"}],"about":[{"href":"https:\/\/olemosaic.orbitalia.org\/fr\/wp-json\/wp\/v2\/types\/product"}],"wp:featuredmedia":[{"embeddable":true,"href":"https:\/\/olemosaic.orbitalia.org\/fr\/wp-json\/wp\/v2\/media\/11935"}],"wp:attachment":[{"href":"https:\/\/olemosaic.orbitalia.org\/fr\/wp-json\/wp\/v2\/media?parent=28813"}],"wp:term":[{"taxonomy":"product_brand","embeddable":true,"href":"https:\/\/olemosaic.orbitalia.org\/fr\/wp-json\/wp\/v2\/product_brand?post=28813"},{"taxonomy":"product_cat","embeddable":true,"href":"https:\/\/olemosaic.orbitalia.org\/fr\/wp-json\/wp\/v2\/product_cat?post=28813"},{"taxonomy":"product_tag","embeddable":true,"href":"https:\/\/olemosaic.orbitalia.org\/fr\/wp-json\/wp\/v2\/product_tag?post=28813"}],"curies":[{"name":"wp","href":"https:\/\/api.w.org\/{rel}","templated":true}]}}