{"id":28811,"date":"2025-02-20T22:30:25","date_gmt":"2025-02-20T22:30:25","guid":{"rendered":"https:\/\/olemosaic.orbitalia.org\/producto\/bol-de-coco-naranja-flamenco\/"},"modified":"2025-07-25T19:22:31","modified_gmt":"2025-07-25T17:22:31","slug":"bol-noix-de-coco-orange-flamenco","status":"publish","type":"product","link":"https:\/\/olemosaic.orbitalia.org\/fr\/produit\/bol-noix-de-coco-orange-flamenco\/","title":{"rendered":"Bol en noix de coco orange. Flamenco."},"content":{"rendered":"<p>Ce bol en noix de coco aux tons orang\u00e9s vibrants est un v\u00e9ritable joyau du folklore espagnol, d\u00e9cor\u00e9 d&rsquo;un charmant motif de deux flamants roses entrelac\u00e9s. Sa finition brillante souligne la chaleur de la couleur, \u00e9voquant la magie de la M\u00e9diterran\u00e9e et apportant une touche exotique \u00e0 n&rsquo;importe quel foyer. Chaque bol est m\u00e9ticuleusement \u00e9labor\u00e9, avec une texture organique qui combine l&rsquo;artisanat traditionnel avec un style moderne et vibrant.<\/p>\n<p>Le design, qui capture l&rsquo;essence des flamants roses, symbolise la joie et la splendeur de la culture espagnole, faisant de ce bol un excellent cadeau pour ceux qui recherchent un souvenir repr\u00e9sentant la richesse du folklore local. Sa polyvalence permet de l&rsquo;utiliser aussi bien pour servir des ap\u00e9ritifs que pour d\u00e9corer, illuminant n&rsquo;importe quel espace. De plus, le bol en noix de coco est un exemple parfait de la mani\u00e8re dont la tradition et l&rsquo;innovation peuvent s&rsquo;unir, \u00e9tant une option id\u00e9ale pour les boutiques de cadeaux touristiques souhaitant proposer des produits authentiques et repr\u00e9sentatifs.<\/p>\n<p>Chez Ol\u00e9 Mosaic, nous nous sp\u00e9cialisons dans la distribution en gros de souvenirs de qualit\u00e9, et ce bol en noix de coco avec flamants roses est un excellent ajout \u00e0 notre catalogue. Nous offrons des solutions aux grossistes \u00e0 la recherche de produits distinctifs qui refl\u00e8tent la culture espagnole.<\/p>\n","protected":false},"excerpt":{"rendered":"<p>Bol en noix de coco aux tons orang\u00e9s, d\u00e9cor\u00e9 d&rsquo;un charmant motif de deux flamants roses entrelac\u00e9s. Ce joli bol, soigneusement \u00e9labor\u00e9, pr\u00e9sente une texture organique et une finition brillante qui souligne sa couleur vibrante. Son design \u00e9voque la chaleur du folklore espagnol, id\u00e9al pour servir des ap\u00e9ritifs ou comme \u00e9l\u00e9ment d\u00e9coratif. Parfait pour ajouter une touche exotique et joyeuse \u00e0 n&rsquo;importe quel foyer, \u00e9voquant la magie de la culture m\u00e9diterran\u00e9enne.<\/p>\n","protected":false},"featured_media":13435,"template":"","meta":{"_acf_changed":false},"product_brand":[],"product_cat":[521],"product_tag":[530],"class_list":{"0":"post-28811","1":"product","2":"type-product","3":"status-publish","4":"has-post-thumbnail","6":"product_cat-bols","7":"product_tag-animaux","8":"pa_motivo-flamants-roses","10":"first","11":"instock","12":"shipping-taxable","13":"product-type-simple"},"acf":[],"_links":{"self":[{"href":"https:\/\/olemosaic.orbitalia.org\/fr\/wp-json\/wp\/v2\/product\/28811","targetHints":{"allow":["GET"]}}],"collection":[{"href":"https:\/\/olemosaic.orbitalia.org\/fr\/wp-json\/wp\/v2\/product"}],"about":[{"href":"https:\/\/olemosaic.orbitalia.org\/fr\/wp-json\/wp\/v2\/types\/product"}],"wp:featuredmedia":[{"embeddable":true,"href":"https:\/\/olemosaic.orbitalia.org\/fr\/wp-json\/wp\/v2\/media\/13435"}],"wp:attachment":[{"href":"https:\/\/olemosaic.orbitalia.org\/fr\/wp-json\/wp\/v2\/media?parent=28811"}],"wp:term":[{"taxonomy":"product_brand","embeddable":true,"href":"https:\/\/olemosaic.orbitalia.org\/fr\/wp-json\/wp\/v2\/product_brand?post=28811"},{"taxonomy":"product_cat","embeddable":true,"href":"https:\/\/olemosaic.orbitalia.org\/fr\/wp-json\/wp\/v2\/product_cat?post=28811"},{"taxonomy":"product_tag","embeddable":true,"href":"https:\/\/olemosaic.orbitalia.org\/fr\/wp-json\/wp\/v2\/product_tag?post=28811"}],"curies":[{"name":"wp","href":"https:\/\/api.w.org\/{rel}","templated":true}]}}