{"id":28784,"date":"2025-02-20T22:30:24","date_gmt":"2025-02-20T22:30:24","guid":{"rendered":"https:\/\/olemosaic.orbitalia.org\/producto\/bol-de-coco-fucsia-caballito-de-mar-gran-canaria\/"},"modified":"2025-07-25T18:59:47","modified_gmt":"2025-07-25T16:59:47","slug":"bol-noix-de-coco-fuchsia-hippocampe-gran-canaria","status":"publish","type":"product","link":"https:\/\/olemosaic.orbitalia.org\/fr\/produit\/bol-noix-de-coco-fuchsia-hippocampe-gran-canaria\/","title":{"rendered":"Bol en noix de coco fuchsia. Hippocampe. Gran Canaria."},"content":{"rendered":"<p>Ce bol en noix de coco d&rsquo;un fuchsia vibrant est un v\u00e9ritable tr\u00e9sor artisanal qui capture l&rsquo;essence de l&rsquo;oc\u00e9an de Gran Canaria. Fabriqu\u00e9 \u00e0 partir de mat\u00e9riaux naturels, le bol se distingue par sa finition polie et brillante, qui met en valeur les d\u00e9tails complexes de son design. Au centre, l&rsquo;inscription \u00ab\u00a0GRAN CANARIA\u00a0\u00bb ajoute une touche d&rsquo;authenticit\u00e9, tandis que deux hippocampes s&rsquo;entrelacent dans une \u00e9treinte charmante, symbolisant l&rsquo;amour et la beaut\u00e9 du monde marin. Autour de l&rsquo;illustration, un cadre d\u00e9licat de c\u0153urs aux tons brillants compl\u00e8te l&rsquo;ensemble, faisant de ce bol un article d\u00e9coratif et fonctionnel.<\/p>\n<p>Parfait pour une utilisation \u00e0 table ou simplement comme pi\u00e8ce d\u00e9corative, ce bol en noix de coco est un excellent souvenir qui rappellera aux touristes la chaleur et la diversit\u00e9 que Gran Canaria offre. Le lien culturel est profond, car les hippocampes sont embl\u00e9matiques de l&rsquo;environnement marin de l&rsquo;archipel, faisant de cet \u00e9l\u00e9ment un souvenir repr\u00e9sentatif et significatif de la destination. Chez Ol\u00e9 Mosaic, nous sommes sp\u00e9cialis\u00e9s dans la distribution de souvenirs de Gran Canaria en gros, garantissant des produits authentiques et de qualit\u00e9 pour les commerces de cadeaux touristiques. Ce bol en noix de coco est, sans aucun doute, une option id\u00e9ale pour ceux qui cherchent \u00e0 encapsuler la beaut\u00e9 et l&rsquo;esprit des \u00eeles Canaries.<\/p>\n","protected":false},"excerpt":{"rendered":"<p>Bol en noix de coco fuchsia vibrant, orn\u00e9 d&rsquo;un motif de deux hippocampes \u00e9voquant la beaut\u00e9 de l&rsquo;oc\u00e9an de Gran Canaria. Ce charmant bol pr\u00e9sente une finition polie avec des d\u00e9tails brillants et un cadre d\u00e9coratif de c\u0153urs, id\u00e9al pour un usage d\u00e9coratif ou fonctionnel. L&rsquo;inscription \u00ab\u00a0GRAN CANARIA\u00a0\u00bb ressort au centre, ajoutant une touche d&rsquo;authenticit\u00e9 et d&rsquo;attrait \u00e0 ce souvenir unique.<\/p>\n","protected":false},"featured_media":10250,"template":"","meta":{"_acf_changed":false},"product_brand":[],"product_cat":[521],"product_tag":[530],"class_list":{"0":"post-28784","1":"product","2":"type-product","3":"status-publish","4":"has-post-thumbnail","6":"product_cat-bols","7":"product_tag-animaux","8":"pa_ciudad-gran-canaria","9":"pa_motivo-hippocampes","10":"pa_pais-espana","12":"first","13":"instock","14":"shipping-taxable","15":"product-type-simple"},"acf":[],"_links":{"self":[{"href":"https:\/\/olemosaic.orbitalia.org\/fr\/wp-json\/wp\/v2\/product\/28784","targetHints":{"allow":["GET"]}}],"collection":[{"href":"https:\/\/olemosaic.orbitalia.org\/fr\/wp-json\/wp\/v2\/product"}],"about":[{"href":"https:\/\/olemosaic.orbitalia.org\/fr\/wp-json\/wp\/v2\/types\/product"}],"wp:featuredmedia":[{"embeddable":true,"href":"https:\/\/olemosaic.orbitalia.org\/fr\/wp-json\/wp\/v2\/media\/10250"}],"wp:attachment":[{"href":"https:\/\/olemosaic.orbitalia.org\/fr\/wp-json\/wp\/v2\/media?parent=28784"}],"wp:term":[{"taxonomy":"product_brand","embeddable":true,"href":"https:\/\/olemosaic.orbitalia.org\/fr\/wp-json\/wp\/v2\/product_brand?post=28784"},{"taxonomy":"product_cat","embeddable":true,"href":"https:\/\/olemosaic.orbitalia.org\/fr\/wp-json\/wp\/v2\/product_cat?post=28784"},{"taxonomy":"product_tag","embeddable":true,"href":"https:\/\/olemosaic.orbitalia.org\/fr\/wp-json\/wp\/v2\/product_tag?post=28784"}],"curies":[{"name":"wp","href":"https:\/\/api.w.org\/{rel}","templated":true}]}}