{"id":28778,"date":"2025-02-20T23:30:24","date_gmt":"2025-02-20T22:30:24","guid":{"rendered":"https:\/\/olemosaic.orbitalia.org\/producto\/bol-de-coco-azul-camino-de-santiago-2\/"},"modified":"2025-07-25T18:31:34","modified_gmt":"2025-07-25T16:31:34","slug":"bol-noix-de-coco-bleu-chemin-de-compostelle-2","status":"publish","type":"product","link":"https:\/\/olemosaic.orbitalia.org\/fr\/produit\/bol-noix-de-coco-bleu-chemin-de-compostelle-2\/","title":{"rendered":"Bol en noix de coco bleu. Chemin de Compostelle. Espagne."},"content":{"rendered":"<p>Ce bol en noix de coco d&rsquo;un bleu vibrant est une pi\u00e8ce d\u00e9corative exquise qui capture l&rsquo;essence du Chemin de Compostelle. Orn\u00e9 d&rsquo;un motif complexe \u00e9voquant cette route de p\u00e8lerinage historique, le bol pr\u00e9sente un motif central de l&#8217;embl\u00e9matique coquille de Saint-Jacques en dor\u00e9, symbole de la foi et de la tradition qui accompagnent les p\u00e8lerins. L&rsquo;ensemble est compos\u00e9 d&rsquo;un d\u00e9licat entrelacs de petites mosa\u00efques dans des tons bleu c\u00e9leste et des d\u00e9tails blancs, cr\u00e9ant un effet visuel captivant qui rappelle les traditions artistiques de la r\u00e9gion.<\/p>\n<p>Avec une finition brillante et textur\u00e9e, ce bol n&rsquo;est pas seulement un souvenir visuellement impressionnant, mais aussi une repr\u00e9sentation tangible de la riche culture qui entoure l&rsquo;exp\u00e9rience du Chemin. Son design souligne comment les traditions locales et l&rsquo;art s&rsquo;entrelacent, faisant de ce bol en noix de coco un souvenir id\u00e9al pour ceux qui souhaitent emporter un petit morceau d&rsquo;Espagne.<\/p>\n<p>Chez Ol\u00e9 Mosaic, nous nous sp\u00e9cialisons dans la distribution de souvenirs en gros, offrant des produits authentiques qui c\u00e9l\u00e8brent la diversit\u00e9 culturelle de nos r\u00e9gions. Ce bol en noix de coco bleu est un excellent choix pour les boutiques de souvenirs touristiques \u00e0 la recherche de souvenirs repr\u00e9sentatifs du Chemin de Compostelle, soulignant son authenticit\u00e9 et sa pertinence culturelle. En tant que grossistes en souvenirs, nous garantissons la qualit\u00e9 et le design de chaque pi\u00e8ce, assurant que les touristes trouvent un souvenir significatif de leur voyage.<\/p>\n","protected":false},"excerpt":{"rendered":"<p>Bol en noix de coco d&rsquo;un bleu vibrant, orn\u00e9 d&rsquo;un motif complexe \u00e9voquant le Chemin de Compostelle. Ce bol \u00e9l\u00e9gant pr\u00e9sente une coquille de Saint-Jacques dor\u00e9e comme motif central, entour\u00e9e d&rsquo;un entrelacs de petites mosa\u00efques dans des tons bleu c\u00e9leste et des d\u00e9tails blancs, cr\u00e9ant un effet visuel captivant. Avec une finition brillante et textur\u00e9e, c&rsquo;est une pi\u00e8ce d\u00e9corative id\u00e9ale pour se souvenir de l&rsquo;exp\u00e9rience de cette c\u00e9l\u00e8bre route spirituelle.<\/p>\n","protected":false},"featured_media":10108,"template":"","meta":{"_acf_changed":false},"product_brand":[],"product_cat":[521],"product_tag":[],"class_list":{"0":"post-28778","1":"product","2":"type-product","3":"status-publish","4":"has-post-thumbnail","6":"product_cat-bols","7":"pa_motivo-chemin-saint-jacques","9":"first","10":"instock","11":"shipping-taxable","12":"product-type-simple"},"acf":[],"_links":{"self":[{"href":"https:\/\/olemosaic.orbitalia.org\/fr\/wp-json\/wp\/v2\/product\/28778","targetHints":{"allow":["GET"]}}],"collection":[{"href":"https:\/\/olemosaic.orbitalia.org\/fr\/wp-json\/wp\/v2\/product"}],"about":[{"href":"https:\/\/olemosaic.orbitalia.org\/fr\/wp-json\/wp\/v2\/types\/product"}],"wp:featuredmedia":[{"embeddable":true,"href":"https:\/\/olemosaic.orbitalia.org\/fr\/wp-json\/wp\/v2\/media\/10108"}],"wp:attachment":[{"href":"https:\/\/olemosaic.orbitalia.org\/fr\/wp-json\/wp\/v2\/media?parent=28778"}],"wp:term":[{"taxonomy":"product_brand","embeddable":true,"href":"https:\/\/olemosaic.orbitalia.org\/fr\/wp-json\/wp\/v2\/product_brand?post=28778"},{"taxonomy":"product_cat","embeddable":true,"href":"https:\/\/olemosaic.orbitalia.org\/fr\/wp-json\/wp\/v2\/product_cat?post=28778"},{"taxonomy":"product_tag","embeddable":true,"href":"https:\/\/olemosaic.orbitalia.org\/fr\/wp-json\/wp\/v2\/product_tag?post=28778"}],"curies":[{"name":"wp","href":"https:\/\/api.w.org\/{rel}","templated":true}]}}