{"id":28777,"date":"2025-02-20T22:30:23","date_gmt":"2025-02-20T22:30:23","guid":{"rendered":"https:\/\/olemosaic.orbitalia.org\/producto\/bol-de-coco-naranja-metalizado\/"},"modified":"2025-07-25T19:39:30","modified_gmt":"2025-07-25T17:39:30","slug":"bol-noix-de-coco-orange-metallise","status":"publish","type":"product","link":"https:\/\/olemosaic.orbitalia.org\/fr\/produit\/bol-noix-de-coco-orange-metallise\/","title":{"rendered":"Bol en noix de coco orange. M\u00e9tallis\u00e9."},"content":{"rendered":"<p>Ce bol en noix de coco, dans un ton orange m\u00e9tallis\u00e9 vibrant, est le choix parfait pour ceux qui recherchent une touche distinctive dans leur d\u00e9coration. Fabriqu\u00e9 \u00e0 partir de mat\u00e9riaux naturels, ce bol attrayant se distingue par sa finition brillante qui r\u00e9fl\u00e9chit la lumi\u00e8re de mani\u00e8re captivante, cr\u00e9ant un effet visuel percutant dans n&rsquo;importe quel environnement. Son design simple et \u00e9l\u00e9gant apporte non seulement un \u00e9l\u00e9ment d\u00e9coratif, mais il est \u00e9galement polyvalent, id\u00e9al aussi bien pour servir des aliments que pour exposer des objets, ce qui en fait un accessoire indispensable pour la maison.<\/p>\n<p>L&rsquo;\u00e9clat m\u00e9tallis\u00e9 et la chaleur de la couleur orange \u00e9voquent l&rsquo;essence de l&rsquo;artisanat traditionnel, tr\u00e8s appr\u00e9ci\u00e9 dans diverses r\u00e9gions d&rsquo;Espagne et du Portugal, o\u00f9 le travail des mat\u00e9riaux naturels fait partie int\u00e9grante de la culture locale. Ce bol n&rsquo;est pas seulement un objet fonctionnel, mais un authentique souvenir qui capture l&rsquo;essence de l&rsquo;art artisanal typique de la r\u00e9gion, offrant aux touristes une pi\u00e8ce qui leur rappellera leur visite et le caract\u00e8re distinctif du lieu.<\/p>\n<p>Chez Ol\u00e9 Mosaic, nous nous sp\u00e9cialisons dans la distribution de souvenirs en gros, et cet \u00e9l\u00e9gant bol en noix de coco orange est un choix id\u00e9al pour les boutiques de souvenirs touristiques qui souhaitent proposer des produits authentiques et de qualit\u00e9. En tant que grossiste de souvenirs uniques, nous garantissons que chaque pi\u00e8ce repr\u00e9sente le meilleur de la culture et de la tradition artisanale de nos r\u00e9gions.<\/p>\n","protected":false},"excerpt":{"rendered":"<p>Bol en noix de coco dans un ton orange m\u00e9tallis\u00e9 vibrant, id\u00e9al pour rehausser la d\u00e9coration de n&rsquo;importe quel espace. Fabriqu\u00e9 \u00e0 partir de mat\u00e9riaux naturels, ce bol attrayant pr\u00e9sente une finition brillante qui r\u00e9fl\u00e9chit la lumi\u00e8re, cr\u00e9ant un effet saisissant. Son design simple et \u00e9l\u00e9gant en fait une pi\u00e8ce polyvalente, parfaite aussi bien pour servir des aliments que pour exposer des objets d\u00e9coratifs. Un souvenir qui capture l&rsquo;essence de l&rsquo;art artisanal typique de la r\u00e9gion.<\/p>\n","protected":false},"featured_media":10381,"template":"","meta":{"_acf_changed":false},"product_brand":[],"product_cat":[521],"product_tag":[],"class_list":{"0":"post-28777","1":"product","2":"type-product","3":"status-publish","4":"has-post-thumbnail","6":"product_cat-bols","7":"pa_motivo-metallise","9":"first","10":"instock","11":"shipping-taxable","12":"product-type-simple"},"acf":[],"_links":{"self":[{"href":"https:\/\/olemosaic.orbitalia.org\/fr\/wp-json\/wp\/v2\/product\/28777","targetHints":{"allow":["GET"]}}],"collection":[{"href":"https:\/\/olemosaic.orbitalia.org\/fr\/wp-json\/wp\/v2\/product"}],"about":[{"href":"https:\/\/olemosaic.orbitalia.org\/fr\/wp-json\/wp\/v2\/types\/product"}],"wp:featuredmedia":[{"embeddable":true,"href":"https:\/\/olemosaic.orbitalia.org\/fr\/wp-json\/wp\/v2\/media\/10381"}],"wp:attachment":[{"href":"https:\/\/olemosaic.orbitalia.org\/fr\/wp-json\/wp\/v2\/media?parent=28777"}],"wp:term":[{"taxonomy":"product_brand","embeddable":true,"href":"https:\/\/olemosaic.orbitalia.org\/fr\/wp-json\/wp\/v2\/product_brand?post=28777"},{"taxonomy":"product_cat","embeddable":true,"href":"https:\/\/olemosaic.orbitalia.org\/fr\/wp-json\/wp\/v2\/product_cat?post=28777"},{"taxonomy":"product_tag","embeddable":true,"href":"https:\/\/olemosaic.orbitalia.org\/fr\/wp-json\/wp\/v2\/product_tag?post=28777"}],"curies":[{"name":"wp","href":"https:\/\/api.w.org\/{rel}","templated":true}]}}