{"id":28767,"date":"2025-02-20T23:30:23","date_gmt":"2025-02-20T22:30:23","guid":{"rendered":"https:\/\/olemosaic.orbitalia.org\/producto\/bol-de-coco-rojo-delfin-barcelona\/"},"modified":"2025-07-25T19:36:35","modified_gmt":"2025-07-25T17:36:35","slug":"bol-noix-de-coco-rouge-dauphin-barcelone","status":"publish","type":"product","link":"https:\/\/olemosaic.orbitalia.org\/fr\/produit\/bol-noix-de-coco-rouge-dauphin-barcelone\/","title":{"rendered":"Bol en noix de coco rouge. Dauphin. Barcelone."},"content":{"rendered":"<p>Ce bol en noix de coco aux tons rouge\u00e2tres est un souvenir attrayant de Barcelone qui capture l&rsquo;essence vibrante et joyeuse de la ville. Fabriqu\u00e9 \u00e0 partir de coque de noix de coco, le bol pr\u00e9sente un artisanat soign\u00e9, avec une finition peinte \u00e0 la main qui souligne son design singulier. Au centre, deux dauphins s&rsquo;entrelacent dans une danse ludique, symbolisant le lien de Barcelone avec la mer et sa riche vie marine. L&rsquo;inscription \u00ab Barcelone \u00bb s&rsquo;affiche dans un dor\u00e9 \u00e9l\u00e9gant, offrant un contraste parfait avec les couleurs rouges vives et les d\u00e9tails dor\u00e9s qui ornent le bol.<\/p>\n<p>Ce souvenir n&rsquo;est pas seulement un \u00e9l\u00e9ment d\u00e9coratif \u00e9l\u00e9gant, il peut \u00e9galement servir \u00e0 ranger de petits objets, ce qui en fait une pi\u00e8ce fonctionnelle pour n&rsquo;importe quel foyer. Son design frais et enjou\u00e9 rappelle les journ\u00e9es ensoleill\u00e9es \u00e0 la plage, \u00e9voquant la joie des promenades sur le littoral catalan. Authentique et repr\u00e9sentatif de l&rsquo;esprit de Barcelone, ce bol en noix de coco est id\u00e9al pour les touristes \u00e0 la recherche d&rsquo;un souvenir significatif de leur visite.<\/p>\n<p>Chez Ol\u00e9 Mosaic, nous sommes experts dans la distribution de souvenirs en gros, et ce bol en noix de coco est une excellente option pour les boutiques de cadeaux touristiques recherchant des produits qui mettent en valeur la culture et la tradition de l&rsquo;Espagne. Consid\u00e9r\u00e9 comme un article incontournable, ce bol offre une combinaison parfaite d&rsquo;authenticit\u00e9, de fonctionnalit\u00e9 et d&rsquo;esth\u00e9tique.<\/p>\n","protected":false},"excerpt":{"rendered":"<p>Bol en noix de coco dans les tons rouges, d\u00e9cor\u00e9 d&rsquo;une illustration de dauphins et du nom \u00ab\u00a0Barcelone\u00a0\u00bb au centre. Ce souvenir attrayant, fabriqu\u00e9 \u00e0 partir de la coque de noix de coco, pr\u00e9sente une finition au design artisanal, peint \u00e0 la main, qui souligne son design unique. Les couleurs rouges vives et les d\u00e9tails dor\u00e9s rehaussent son esth\u00e9tique, \u00e9voquant la joie et la vitalit\u00e9 de la cit\u00e9 comtale. Parfait comme \u00e9l\u00e9ment d\u00e9coratif ou pour ranger de petits objets.<\/p>\n","protected":false},"featured_media":10152,"template":"","meta":{"_acf_changed":false},"product_brand":[],"product_cat":[521],"product_tag":[530],"class_list":{"0":"post-28767","1":"product","2":"type-product","3":"status-publish","4":"has-post-thumbnail","6":"product_cat-bols","7":"product_tag-animaux","8":"pa_ciudad-barcelona","9":"pa_motivo-dauphins","10":"pa_pais-espana","12":"first","13":"instock","14":"shipping-taxable","15":"product-type-simple"},"acf":[],"_links":{"self":[{"href":"https:\/\/olemosaic.orbitalia.org\/fr\/wp-json\/wp\/v2\/product\/28767","targetHints":{"allow":["GET"]}}],"collection":[{"href":"https:\/\/olemosaic.orbitalia.org\/fr\/wp-json\/wp\/v2\/product"}],"about":[{"href":"https:\/\/olemosaic.orbitalia.org\/fr\/wp-json\/wp\/v2\/types\/product"}],"wp:featuredmedia":[{"embeddable":true,"href":"https:\/\/olemosaic.orbitalia.org\/fr\/wp-json\/wp\/v2\/media\/10152"}],"wp:attachment":[{"href":"https:\/\/olemosaic.orbitalia.org\/fr\/wp-json\/wp\/v2\/media?parent=28767"}],"wp:term":[{"taxonomy":"product_brand","embeddable":true,"href":"https:\/\/olemosaic.orbitalia.org\/fr\/wp-json\/wp\/v2\/product_brand?post=28767"},{"taxonomy":"product_cat","embeddable":true,"href":"https:\/\/olemosaic.orbitalia.org\/fr\/wp-json\/wp\/v2\/product_cat?post=28767"},{"taxonomy":"product_tag","embeddable":true,"href":"https:\/\/olemosaic.orbitalia.org\/fr\/wp-json\/wp\/v2\/product_tag?post=28767"}],"curies":[{"name":"wp","href":"https:\/\/api.w.org\/{rel}","templated":true}]}}