{"id":28766,"date":"2025-02-20T23:30:22","date_gmt":"2025-02-20T22:30:22","guid":{"rendered":"https:\/\/olemosaic.orbitalia.org\/producto\/bol-de-coco-naranja-tortuga\/"},"modified":"2025-07-25T19:44:31","modified_gmt":"2025-07-25T17:44:31","slug":"bol-noix-de-coco-orange-tortue","status":"publish","type":"product","link":"https:\/\/olemosaic.orbitalia.org\/fr\/produit\/bol-noix-de-coco-orange-tortue\/","title":{"rendered":"Bol en noix de coco orange. Tortue."},"content":{"rendered":"<p>Ce bol en noix de coco orange est une pi\u00e8ce artisanale unique, id\u00e9ale pour ceux qui recherchent un souvenir authentique et durable. Fabriqu\u00e9 \u00e0 partir de coques de noix de coco recycl\u00e9es, ce bol se distingue non seulement par sa couleur vibrante, mais aussi par son engagement envers l&rsquo;environnement. La surface du bol, avec une finition brillante, pr\u00e9sente des motifs complexes \u00e9voquant la beaut\u00e9 de l&rsquo;oc\u00e9an, cr\u00e9ant une pi\u00e8ce visuellement percutante qui attirera l&rsquo;attention dans n&rsquo;importe quel espace.<\/p>\n<p>Au centre, une tortue \u00e0 l&rsquo;effet peint \u00e0 la main ajoute une touche distinctive et symbolique, repr\u00e9sentant la vie marine et son importance dans l&rsquo;\u00e9cosyst\u00e8me. Ce design ne c\u00e9l\u00e8bre pas seulement la faune marine, mais refl\u00e8te \u00e9galement un lien culturel significatif avec les r\u00e9gions c\u00f4ti\u00e8res, o\u00f9 la tortue est un symbole de long\u00e9vit\u00e9 et de chance.<\/p>\n<p>Ce bol est parfait pour de multiples usages : comme \u00e9l\u00e9ment d\u00e9coratif, pour servir des ap\u00e9ritifs ou, simplement, comme sujet de conversation qui ajoutera une touche exotique \u00e0 n&rsquo;importe quel foyer. Chez Ol\u00e9 Mosaic, nous proposons des souvenirs de grande qualit\u00e9 et d&rsquo;une pertinence culturelle, et ce bol en noix de coco orange est une excellente option pour les boutiques de cadeaux touristiques souhaitant offrir des produits authentiques et durables. En tant que grossistes de souvenirs, nous garantissons que chaque pi\u00e8ce b\u00e9n\u00e9ficie d&rsquo;un artisanat soign\u00e9 et d&rsquo;un design tr\u00e8s sp\u00e9cial, soulignant la valeur culturelle et esth\u00e9tique du produit.<\/p>\n","protected":false},"excerpt":{"rendered":"<p>Bol en noix de coco de couleur orange, d\u00e9cor\u00e9 d&rsquo;un \u00e9l\u00e9gant motif de tortue. Cet article artisanal, fabriqu\u00e9 avec des coques de noix de coco recycl\u00e9es, offre une touche durable et exotique. La surface du bol pr\u00e9sente une finition brillante avec des motifs complexes \u00e9voquant la beaut\u00e9 de l&rsquo;oc\u00e9an, tandis que la tortue, au design artisanal peint \u00e0 la main, ajoute une touche distinctive et symbolique de la vie marine. Id\u00e9al pour diverses occasions, il deviendra un \u00e9l\u00e9ment d\u00e9coratif attrayant dans n&rsquo;importe quel foyer.<\/p>\n","protected":false},"featured_media":10078,"template":"","meta":{"_acf_changed":false},"product_brand":[],"product_cat":[521],"product_tag":[530],"class_list":{"0":"post-28766","1":"product","2":"type-product","3":"status-publish","4":"has-post-thumbnail","6":"product_cat-bols","7":"product_tag-animaux","8":"pa_motivo-tortues","10":"first","11":"instock","12":"shipping-taxable","13":"product-type-simple"},"acf":[],"_links":{"self":[{"href":"https:\/\/olemosaic.orbitalia.org\/fr\/wp-json\/wp\/v2\/product\/28766","targetHints":{"allow":["GET"]}}],"collection":[{"href":"https:\/\/olemosaic.orbitalia.org\/fr\/wp-json\/wp\/v2\/product"}],"about":[{"href":"https:\/\/olemosaic.orbitalia.org\/fr\/wp-json\/wp\/v2\/types\/product"}],"wp:featuredmedia":[{"embeddable":true,"href":"https:\/\/olemosaic.orbitalia.org\/fr\/wp-json\/wp\/v2\/media\/10078"}],"wp:attachment":[{"href":"https:\/\/olemosaic.orbitalia.org\/fr\/wp-json\/wp\/v2\/media?parent=28766"}],"wp:term":[{"taxonomy":"product_brand","embeddable":true,"href":"https:\/\/olemosaic.orbitalia.org\/fr\/wp-json\/wp\/v2\/product_brand?post=28766"},{"taxonomy":"product_cat","embeddable":true,"href":"https:\/\/olemosaic.orbitalia.org\/fr\/wp-json\/wp\/v2\/product_cat?post=28766"},{"taxonomy":"product_tag","embeddable":true,"href":"https:\/\/olemosaic.orbitalia.org\/fr\/wp-json\/wp\/v2\/product_tag?post=28766"}],"curies":[{"name":"wp","href":"https:\/\/api.w.org\/{rel}","templated":true}]}}