{"id":28765,"date":"2025-02-20T23:30:22","date_gmt":"2025-02-20T22:30:22","guid":{"rendered":"https:\/\/olemosaic.orbitalia.org\/producto\/bol-de-coco-naranja-mano-2\/"},"modified":"2025-07-25T20:33:15","modified_gmt":"2025-07-25T18:33:15","slug":"bol-noix-de-coco-orange-main-de-fatma-fr","status":"publish","type":"product","link":"https:\/\/olemosaic.orbitalia.org\/fr\/produit\/bol-noix-de-coco-orange-main-de-fatma-fr\/","title":{"rendered":"Bol en noix de coco orange. Main de Fatma."},"content":{"rendered":"<p>Ce bol en noix de coco orange est une cr\u00e9ation artisanale qui capture l&rsquo;essence vibrante et la richesse culturelle de la tradition artistique de la main de Fatma. Avec son design tr\u00e8s sp\u00e9cial et sa finition brillante, ce bol \u00e9l\u00e9gant se distingue par son ton orange \u00e9blouissant, \u00e9voquant la chaleur et la joie des terres m\u00e9diterran\u00e9ennes. La forme organique et subtile du bol, aux bords d\u00e9licats, apporte un attrait visuel unique, en faisant un \u00e9l\u00e9ment d\u00e9coratif polyvalent, id\u00e9al aussi bien pour servir des ap\u00e9ritifs que pour embellir n&rsquo;importe quel espace de la maison.<\/p>\n<p>Les d\u00e9tails d\u00e9coratifs en blanc, incluant le symbole iconique de la main de Fatma, sont une r\u00e9f\u00e9rence culturelle significative, car ce symbole est connu pour sa capacit\u00e9 \u00e0 attirer la chance et \u00e0 prot\u00e9ger des \u00e9nergies n\u00e9gatives, faisant de ce bol un objet \u00e0 la fois esth\u00e9tique et charg\u00e9 de sens. Ce produit n&rsquo;est pas seulement un souvenir au design moderne, il est aussi intimement li\u00e9 aux traditions de diverses cultures de la M\u00e9diterran\u00e9e, ce qui souligne son authenticit\u00e9 et sa valeur en tant que souvenir repr\u00e9sentatif.<\/p>\n<p>Chez Ol\u00e9 Mosaic, nous nous sp\u00e9cialisons dans la distribution de souvenirs en gros, et ce bol en noix de coco orange est une excellente option pour les boutiques de cadeaux touristiques cherchant \u00e0 proposer des produits uniques et pleins de sens culturel. Avec ce bol, les touristes peuvent emporter avec eux un morceau de tradition et de charme, parfait pour ceux qui aspirent \u00e0 une touche exotique et artisanale dans leur vie quotidienne.<\/p>\n","protected":false},"excerpt":{"rendered":"<p>Bol en noix de coco orange, inspir\u00e9 par la tradition artistique de la main de Fatma. Ce bol \u00e9l\u00e9gant pr\u00e9sente un design tr\u00e8s sp\u00e9cial avec une finition brillante et une d\u00e9coration \u00e9voquant des motifs culturels, combinant des tons orange vibrants avec des d\u00e9tails blancs. Sa forme organique et attrayante en fait un \u00e9l\u00e9ment d\u00e9coratif s\u00e9duisant, id\u00e9al pour servir des ap\u00e9ritifs ou comme pi\u00e8ce ornementale dans n&rsquo;importe quel coin de votre maison. Parfait pour ceux qui recherchent une touche exotique et artisanale.<\/p>\n","protected":false},"featured_media":13403,"template":"","meta":{"_acf_changed":false},"product_brand":[],"product_cat":[521],"product_tag":[],"class_list":{"0":"post-28765","1":"product","2":"type-product","3":"status-publish","4":"has-post-thumbnail","6":"product_cat-bols","7":"pa_motivo-mains","9":"first","10":"instock","11":"shipping-taxable","12":"product-type-simple"},"acf":[],"_links":{"self":[{"href":"https:\/\/olemosaic.orbitalia.org\/fr\/wp-json\/wp\/v2\/product\/28765","targetHints":{"allow":["GET"]}}],"collection":[{"href":"https:\/\/olemosaic.orbitalia.org\/fr\/wp-json\/wp\/v2\/product"}],"about":[{"href":"https:\/\/olemosaic.orbitalia.org\/fr\/wp-json\/wp\/v2\/types\/product"}],"wp:featuredmedia":[{"embeddable":true,"href":"https:\/\/olemosaic.orbitalia.org\/fr\/wp-json\/wp\/v2\/media\/13403"}],"wp:attachment":[{"href":"https:\/\/olemosaic.orbitalia.org\/fr\/wp-json\/wp\/v2\/media?parent=28765"}],"wp:term":[{"taxonomy":"product_brand","embeddable":true,"href":"https:\/\/olemosaic.orbitalia.org\/fr\/wp-json\/wp\/v2\/product_brand?post=28765"},{"taxonomy":"product_cat","embeddable":true,"href":"https:\/\/olemosaic.orbitalia.org\/fr\/wp-json\/wp\/v2\/product_cat?post=28765"},{"taxonomy":"product_tag","embeddable":true,"href":"https:\/\/olemosaic.orbitalia.org\/fr\/wp-json\/wp\/v2\/product_tag?post=28765"}],"curies":[{"name":"wp","href":"https:\/\/api.w.org\/{rel}","templated":true}]}}