{"id":28738,"date":"2025-02-20T22:30:21","date_gmt":"2025-02-20T22:30:21","guid":{"rendered":"https:\/\/olemosaic.orbitalia.org\/producto\/bol-de-coco-tortuga-lanzarote\/"},"modified":"2025-07-25T18:49:49","modified_gmt":"2025-07-25T16:49:49","slug":"bol-noix-de-coco-tortue-lanzarote","status":"publish","type":"product","link":"https:\/\/olemosaic.orbitalia.org\/fr\/produit\/bol-noix-de-coco-tortue-lanzarote\/","title":{"rendered":"Bol en noix de coco. Tortue. Lanzarote."},"content":{"rendered":"<p>Ce bol d\u00e9coratif en noix de coco, inspir\u00e9 par la nature de Lanzarote, est une pi\u00e8ce unique qui capture l&rsquo;essence de l&rsquo;\u00eele canarienne. Avec un magnifique motif central de tortue, ce bol repr\u00e9sente fid\u00e8lement la faune marine qui habite ses eaux cristallines. La mosa\u00efque vibrante de pierres color\u00e9es qui l&rsquo;orne comprend des tons rose, bleu et ambre, cr\u00e9ant un effet visuel attrayant qui revitalise n&rsquo;importe quel espace. La tortue, qui symbolise la vie marine de Lanzarote, est \u00e9l\u00e9gamment d\u00e9taill\u00e9e, tandis que le texte \u00ab LANZAROTE \u00bb au centre ajoute une touche personnelle et reconnaissable, faisant de chaque pi\u00e8ce un souvenir parfait de l&rsquo;\u00eele.<\/p>\n<p>Ce bol est plus qu&rsquo;un simple objet d\u00e9coratif ; il sert de rappel tangible des merveilles naturelles que Lanzarote offre. Id\u00e9al pour une utilisation \u00e0 la maison comme centre de table ou simplement comme \u00e9l\u00e9ment d\u00e9coratif, ses couleurs vibrantes et son design th\u00e9matique apportent une touche de fra\u00eecheur et d&rsquo;authenticit\u00e9 \u00e0 n&rsquo;importe quelle ambiance. Chez Ol\u00e9 Mosaic, nous savons que les souvenirs doivent r\u00e9sonner avec la culture locale, et ce bol est un exemple parfait de la fa\u00e7on dont un \u00e9l\u00e9ment typique peut capturer la beaut\u00e9 et l&rsquo;esprit de Lanzarote. C&rsquo;est une excellente option pour les touristes qui cherchent \u00e0 ramener chez eux un morceau de cette \u00eele fascinante.<\/p>\n","protected":false},"excerpt":{"rendered":"<p>Bol d\u00e9coratif en noix de coco inspir\u00e9 par la nature de Lanzarote, avec un magnifique motif de tortue au centre. Ce bol pr\u00e9sente une mosa\u00efque vibrante de pierres color\u00e9es dans les tons rose, bleu et ambre, cr\u00e9ant un effet visuel attrayant et color\u00e9. La tortue, symbole marin de la r\u00e9gion, est \u00e9l\u00e9gamment d\u00e9taill\u00e9e au fond, compl\u00e9t\u00e9e par l&rsquo;inscription \u00ab LANZAROTE \u00bb, ce qui fait de ce bol un souvenir parfait qui souligne la beaut\u00e9 de l&rsquo;\u00eele. Id\u00e9al pour un usage d\u00e9coratif ou comme \u00e9l\u00e9ment d&rsquo;ornement dans n&rsquo;importe quel foyer.<\/p>\n","protected":false},"featured_media":11975,"template":"","meta":{"_acf_changed":false},"product_brand":[],"product_cat":[521],"product_tag":[530],"class_list":{"0":"post-28738","1":"product","2":"type-product","3":"status-publish","4":"has-post-thumbnail","6":"product_cat-bols","7":"product_tag-animaux","8":"pa_ciudad-lanzarote","9":"pa_motivo-tortues","10":"pa_pais-espana","12":"first","13":"instock","14":"shipping-taxable","15":"product-type-simple"},"acf":[],"_links":{"self":[{"href":"https:\/\/olemosaic.orbitalia.org\/fr\/wp-json\/wp\/v2\/product\/28738","targetHints":{"allow":["GET"]}}],"collection":[{"href":"https:\/\/olemosaic.orbitalia.org\/fr\/wp-json\/wp\/v2\/product"}],"about":[{"href":"https:\/\/olemosaic.orbitalia.org\/fr\/wp-json\/wp\/v2\/types\/product"}],"wp:featuredmedia":[{"embeddable":true,"href":"https:\/\/olemosaic.orbitalia.org\/fr\/wp-json\/wp\/v2\/media\/11975"}],"wp:attachment":[{"href":"https:\/\/olemosaic.orbitalia.org\/fr\/wp-json\/wp\/v2\/media?parent=28738"}],"wp:term":[{"taxonomy":"product_brand","embeddable":true,"href":"https:\/\/olemosaic.orbitalia.org\/fr\/wp-json\/wp\/v2\/product_brand?post=28738"},{"taxonomy":"product_cat","embeddable":true,"href":"https:\/\/olemosaic.orbitalia.org\/fr\/wp-json\/wp\/v2\/product_cat?post=28738"},{"taxonomy":"product_tag","embeddable":true,"href":"https:\/\/olemosaic.orbitalia.org\/fr\/wp-json\/wp\/v2\/product_tag?post=28738"}],"curies":[{"name":"wp","href":"https:\/\/api.w.org\/{rel}","templated":true}]}}