{"id":28733,"date":"2025-02-20T22:30:20","date_gmt":"2025-02-20T22:30:20","guid":{"rendered":"https:\/\/olemosaic.orbitalia.org\/producto\/bol-de-coco-de-corazones-salamandra-barcelona\/"},"modified":"2025-07-25T19:20:23","modified_gmt":"2025-07-25T17:20:23","slug":"bol-noix-de-coco-coeurs-salamandre-barcelone","status":"publish","type":"product","link":"https:\/\/olemosaic.orbitalia.org\/fr\/produit\/bol-noix-de-coco-coeurs-salamandre-barcelone\/","title":{"rendered":"Bol en noix de coco c\u0153urs. Salamandre. Barcelone."},"content":{"rendered":"<p>Ce bol d\u00e9coratif en noix de coco est une v\u00e9ritable \u0153uvre d&rsquo;art qui capture l&rsquo;essence vibrante de Barcelone, con\u00e7u sp\u00e9cialement pour ceux qui recherchent des souvenirs uniques et repr\u00e9sentatifs de cette ville fascinante. La pi\u00e8ce pr\u00e9sente une base en noix de coco polie, qui rehausse sa nature rustique et \u00e9cologique, combin\u00e9e \u00e0 un magnifique design de salamandres, qui symbolisent la diversit\u00e9 de la faune locale. Ce motif se situe sur un fond de mosa\u00efque illustr\u00e9 de charmantes formes de c\u0153ur, dans une palette de couleurs comprenant des tons bleus, oranges et cr\u00e9meux, cr\u00e9ant une combinaison visuellement attrayante et joyeuse. Au centre, le mot \u00ab\u00a0Barcelone\u00a0\u00bb est \u00e9l\u00e9gamment grav\u00e9, ajoutant une touche personnalis\u00e9e qui transforme ce bol en un cadeau id\u00e9al ou en un \u00e9l\u00e9ment d\u00e9coratif distinctif pour n&rsquo;importe quel foyer.<\/p>\n<p>Le bol ne sert pas seulement d&rsquo;\u00e9l\u00e9ment d\u00e9coratif, mais est \u00e9galement profond\u00e9ment enracin\u00e9 dans la culture catalane, refl\u00e9tant l&rsquo;esprit accueillant et artistique de la ville. Faisant partie de la tradition artisanale locale, cet objet repr\u00e9sente l&rsquo;engagement de l&rsquo;Espagne envers la qualit\u00e9 et le design, devenant un excellent souvenir que les touristes pourront emporter pour se souvenir de leur passage \u00e0 Barcelone. Chez Ol\u00e9 Mosaic, sp\u00e9cialistes de la distribution de souvenirs en gros, nous proposons des produits authentiques qui mettent en valeur la culture de chaque r\u00e9gion, et ce bol d\u00e9coratif en noix de coco est une option parfaite pour les boutiques de cadeaux touristiques cherchant \u00e0 surprendre leurs clients avec des pi\u00e8ces de grande valeur artistique et culturelle.<\/p>\n","protected":false},"excerpt":{"rendered":"<p>Bol d\u00e9coratif en noix de coco avec des motifs de c\u0153urs, inspir\u00e9 par la faune barcelonaise. Ce bol \u00e9l\u00e9gant, avec une base en noix de coco polie, arbore un design de salamandres sur un fond de mosa\u00efque avec des c\u0153urs dans les tons bleus, oranges et cr\u00e8me. Le mot \u00ab\u00a0Barcelone\u00a0\u00bb est grav\u00e9 au centre, faisant de ce bol une pi\u00e8ce unique qui refl\u00e8te l&rsquo;esprit vibrant de la ville. Parfait pour la d\u00e9coration ou comme cadeau.<\/p>\n","protected":false},"featured_media":10341,"template":"","meta":{"_acf_changed":false},"product_brand":[],"product_cat":[521],"product_tag":[530],"class_list":{"0":"post-28733","1":"product","2":"type-product","3":"status-publish","4":"has-post-thumbnail","6":"product_cat-bols","7":"product_tag-animaux","8":"pa_ciudad-barcelona","9":"pa_motivo-salamandres","10":"pa_pais-espana","12":"first","13":"instock","14":"shipping-taxable","15":"product-type-simple"},"acf":[],"_links":{"self":[{"href":"https:\/\/olemosaic.orbitalia.org\/fr\/wp-json\/wp\/v2\/product\/28733","targetHints":{"allow":["GET"]}}],"collection":[{"href":"https:\/\/olemosaic.orbitalia.org\/fr\/wp-json\/wp\/v2\/product"}],"about":[{"href":"https:\/\/olemosaic.orbitalia.org\/fr\/wp-json\/wp\/v2\/types\/product"}],"wp:featuredmedia":[{"embeddable":true,"href":"https:\/\/olemosaic.orbitalia.org\/fr\/wp-json\/wp\/v2\/media\/10341"}],"wp:attachment":[{"href":"https:\/\/olemosaic.orbitalia.org\/fr\/wp-json\/wp\/v2\/media?parent=28733"}],"wp:term":[{"taxonomy":"product_brand","embeddable":true,"href":"https:\/\/olemosaic.orbitalia.org\/fr\/wp-json\/wp\/v2\/product_brand?post=28733"},{"taxonomy":"product_cat","embeddable":true,"href":"https:\/\/olemosaic.orbitalia.org\/fr\/wp-json\/wp\/v2\/product_cat?post=28733"},{"taxonomy":"product_tag","embeddable":true,"href":"https:\/\/olemosaic.orbitalia.org\/fr\/wp-json\/wp\/v2\/product_tag?post=28733"}],"curies":[{"name":"wp","href":"https:\/\/api.w.org\/{rel}","templated":true}]}}