{"id":28730,"date":"2025-02-20T23:30:20","date_gmt":"2025-02-20T22:30:20","guid":{"rendered":"https:\/\/olemosaic.orbitalia.org\/producto\/bol-de-coco-rojo-caballito-de-mar-tenerife\/"},"modified":"2025-07-25T19:56:55","modified_gmt":"2025-07-25T17:56:55","slug":"bol-noix-de-coco-rouge-hippocampe-tenerife","status":"publish","type":"product","link":"https:\/\/olemosaic.orbitalia.org\/fr\/produit\/bol-noix-de-coco-rouge-hippocampe-tenerife\/","title":{"rendered":"Bol en noix de coco rouge. Hippocampe. Tenerife."},"content":{"rendered":"<p>Ce bol d\u00e9coratif en noix de coco, originaire de Tenerife, est un v\u00e9ritable bijou artisanal qui capture l&rsquo;essence de la beaut\u00e9 marine des Canaries. De conception artisanale, son int\u00e9rieur pr\u00e9sente un design attrayant d&rsquo;un hippocampe, symbole de l&rsquo;oc\u00e9an qui refl\u00e8te la riche vie marine entourant cette \u00eele merveilleuse. Le fond clair du bol contraste de mani\u00e8re vibrante avec la finition dans les tons rouges du bord, cr\u00e9ant un effet visuel frappant qui ajoute une touche exotique \u00e0 n&rsquo;importe quelle ambiance.<\/p>\n<p>Ce souvenir distinctif n&rsquo;est pas seulement un \u00e9l\u00e9ment d\u00e9coratif, mais repr\u00e9sente \u00e9galement le folklore canarien, \u00e9tant une pi\u00e8ce id\u00e9ale pour les collectionneurs ou comme cadeau unique. Le choix de la noix de coco comme mat\u00e9riau souligne l&rsquo;authenticit\u00e9 de ce produit, offrant un lien direct avec la nature et la culture locale. Les hippocampes, souvent associ\u00e9s au calme et \u00e0 la s\u00e9r\u00e9nit\u00e9 de l&rsquo;oc\u00e9an, font de ce bol un rappel parfait de la paix que l&rsquo;on trouve sur les c\u00f4tes de Tenerife.<\/p>\n<p>Chez Ol\u00e9 Mosaic, nous distribuons des souvenirs authentiques des Canaries et proposons ce bol d\u00e9coratif en noix de coco comme une excellente option pour les boutiques de cadeaux touristiques. En tant que grossistes de souvenirs uniques, nous garantissons que chaque pi\u00e8ce met en valeur le patrimoine culturel de la r\u00e9gion, devenant un cadeau m\u00e9morable pour ceux qui cherchent \u00e0 emporter un morceau de Tenerife avec eux.<\/p>\n","protected":false},"excerpt":{"rendered":"<p>Bol en noix de coco artisanal, d\u00e9cor\u00e9 d&rsquo;un hippocampe attrayant \u00e0 l&rsquo;int\u00e9rieur, inspir\u00e9 par la beaut\u00e9 marine de Tenerife. Son bord, fini dans des tons rouge\u00e2tres, contraste avec le fond clair, cr\u00e9ant un effet visuel vibrant. Ce produit, en plus d&rsquo;\u00eatre d\u00e9coratif, est une repr\u00e9sentation du folklore canarien, parfait pour les collectionneurs ou comme cadeau. Id\u00e9al pour ajouter une touche exotique \u00e0 n&rsquo;importe quel foyer.<\/p>\n","protected":false},"featured_media":11926,"template":"","meta":{"_acf_changed":false},"product_brand":[],"product_cat":[521],"product_tag":[530],"class_list":{"0":"post-28730","1":"product","2":"type-product","3":"status-publish","4":"has-post-thumbnail","6":"product_cat-bols","7":"product_tag-animaux","8":"pa_ciudad-tenerife","9":"pa_motivo-hippocampes","10":"pa_pais-espana","12":"first","13":"instock","14":"shipping-taxable","15":"product-type-simple"},"acf":[],"_links":{"self":[{"href":"https:\/\/olemosaic.orbitalia.org\/fr\/wp-json\/wp\/v2\/product\/28730","targetHints":{"allow":["GET"]}}],"collection":[{"href":"https:\/\/olemosaic.orbitalia.org\/fr\/wp-json\/wp\/v2\/product"}],"about":[{"href":"https:\/\/olemosaic.orbitalia.org\/fr\/wp-json\/wp\/v2\/types\/product"}],"wp:featuredmedia":[{"embeddable":true,"href":"https:\/\/olemosaic.orbitalia.org\/fr\/wp-json\/wp\/v2\/media\/11926"}],"wp:attachment":[{"href":"https:\/\/olemosaic.orbitalia.org\/fr\/wp-json\/wp\/v2\/media?parent=28730"}],"wp:term":[{"taxonomy":"product_brand","embeddable":true,"href":"https:\/\/olemosaic.orbitalia.org\/fr\/wp-json\/wp\/v2\/product_brand?post=28730"},{"taxonomy":"product_cat","embeddable":true,"href":"https:\/\/olemosaic.orbitalia.org\/fr\/wp-json\/wp\/v2\/product_cat?post=28730"},{"taxonomy":"product_tag","embeddable":true,"href":"https:\/\/olemosaic.orbitalia.org\/fr\/wp-json\/wp\/v2\/product_tag?post=28730"}],"curies":[{"name":"wp","href":"https:\/\/api.w.org\/{rel}","templated":true}]}}