{"id":28713,"date":"2025-02-20T22:30:19","date_gmt":"2025-02-20T22:30:19","guid":{"rendered":"https:\/\/olemosaic.orbitalia.org\/producto\/bol-de-coco-de-corazones-mariposa\/"},"modified":"2025-07-25T19:34:39","modified_gmt":"2025-07-25T17:34:39","slug":"bol-noix-de-coco-coeurs-papillon","status":"publish","type":"product","link":"https:\/\/olemosaic.orbitalia.org\/fr\/produit\/bol-noix-de-coco-coeurs-papillon\/","title":{"rendered":"Bol en noix de coco c\u0153urs. Papillon."},"content":{"rendered":"<p>Ce bol en noix de coco d\u00e9cor\u00e9 est une pi\u00e8ce unique qui combine \u00e9l\u00e9gance et artisanat, id\u00e9al pour apporter une touche de couleur \u00e0 n&rsquo;importe quel foyer. Fabriqu\u00e9 \u00e0 partir de coques de noix de coco, ce magnifique bol pr\u00e9sente une finition brillante qui met en valeur les mosa\u00efques vibrantes dans les tons bleus, oranges et marrons, dispos\u00e9es en forme de c\u0153urs qui ornent son int\u00e9rieur. Au centre du bol, un papillon peint avec grand d\u00e9tail symbolise la beaut\u00e9 et la libert\u00e9 de la nature. La combinaison de couleurs ajoute non seulement un \u00e9l\u00e9ment visuel attrayant, mais \u00e9voque \u00e9galement la chaleur et la richesse de la culture artisanale de la r\u00e9gion, c\u00e9l\u00e9brant la symbiose entre la nature et l&rsquo;art.<\/p>\n<p>Ce bol de c\u0153urs est un souvenir significatif qui repr\u00e9sente l&rsquo;h\u00e9ritage culturel et le talent artistique des artisans locaux. C&rsquo;est un excellent souvenir pour ceux qui recherchent une pi\u00e8ce authentique qui capture l&rsquo;essence de leur voyage. Chez Ol\u00e9 Mosaic, en tant que grossistes de produits artisanaux, nous proposons ce bol dans le cadre de notre s\u00e9lection soign\u00e9e de souvenirs qui mettent en valeur la richesse culturelle de l&rsquo;Espagne et du Portugal. Id\u00e9al pour les boutiques de cadeaux touristiques, ce bol en noix de coco ne sert pas seulement d&rsquo;\u00e9l\u00e9ment d\u00e9coratif, mais aussi de symbole d&rsquo;amour et de beaut\u00e9 dans la maison.<\/p>\n","protected":false},"excerpt":{"rendered":"<p>Bol en noix de coco d\u00e9cor\u00e9 d&rsquo;un magnifique design de papillons et de c\u0153urs, id\u00e9al pour ajouter une touche de couleur et d&rsquo;\u00e9l\u00e9gance \u00e0 votre foyer. Ce produit, \u00e9labor\u00e9 \u00e0 partir de coques de noix de coco, pr\u00e9sente une finition brillante avec des mosa\u00efques aux tons bleus, oranges et marrons dispos\u00e9es en forme de c\u0153urs \u00e0 l&rsquo;int\u00e9rieur. De plus, le papillon peint au centre ajoute un \u00e9l\u00e9ment distinctif et artistique, fusionnant la beaut\u00e9 de la nature avec l&rsquo;artisanat traditionnel.<\/p>\n","protected":false},"featured_media":13476,"template":"","meta":{"_acf_changed":false},"product_brand":[],"product_cat":[521],"product_tag":[530],"class_list":{"0":"post-28713","1":"product","2":"type-product","3":"status-publish","4":"has-post-thumbnail","6":"product_cat-bols","7":"product_tag-animaux","8":"pa_motivo-papillons","10":"first","11":"instock","12":"shipping-taxable","13":"product-type-simple"},"acf":[],"_links":{"self":[{"href":"https:\/\/olemosaic.orbitalia.org\/fr\/wp-json\/wp\/v2\/product\/28713","targetHints":{"allow":["GET"]}}],"collection":[{"href":"https:\/\/olemosaic.orbitalia.org\/fr\/wp-json\/wp\/v2\/product"}],"about":[{"href":"https:\/\/olemosaic.orbitalia.org\/fr\/wp-json\/wp\/v2\/types\/product"}],"wp:featuredmedia":[{"embeddable":true,"href":"https:\/\/olemosaic.orbitalia.org\/fr\/wp-json\/wp\/v2\/media\/13476"}],"wp:attachment":[{"href":"https:\/\/olemosaic.orbitalia.org\/fr\/wp-json\/wp\/v2\/media?parent=28713"}],"wp:term":[{"taxonomy":"product_brand","embeddable":true,"href":"https:\/\/olemosaic.orbitalia.org\/fr\/wp-json\/wp\/v2\/product_brand?post=28713"},{"taxonomy":"product_cat","embeddable":true,"href":"https:\/\/olemosaic.orbitalia.org\/fr\/wp-json\/wp\/v2\/product_cat?post=28713"},{"taxonomy":"product_tag","embeddable":true,"href":"https:\/\/olemosaic.orbitalia.org\/fr\/wp-json\/wp\/v2\/product_tag?post=28713"}],"curies":[{"name":"wp","href":"https:\/\/api.w.org\/{rel}","templated":true}]}}