{"id":28712,"date":"2025-02-20T23:30:19","date_gmt":"2025-02-20T22:30:19","guid":{"rendered":"https:\/\/olemosaic.orbitalia.org\/producto\/bol-de-coco-salamandra\/"},"modified":"2025-07-25T20:28:56","modified_gmt":"2025-07-25T18:28:56","slug":"bol-noix-de-coco-salamandre","status":"publish","type":"product","link":"https:\/\/olemosaic.orbitalia.org\/fr\/produit\/bol-noix-de-coco-salamandre\/","title":{"rendered":"Bol en noix de coco. Salamandre."},"content":{"rendered":"<p>Ce bol en noix de coco d\u00e9cor\u00e9 est une pi\u00e8ce unique qui fusionne art et fonctionnalit\u00e9, id\u00e9al pour ceux qui recherchent des souvenirs authentiques d&rsquo;Espagne. L&rsquo;\u00e9laboration d\u00e9licate de ce bol met en valeur son int\u00e9rieur peint \u00e0 la main, orn\u00e9 d&rsquo;une mosa\u00efque vibrante de fragments color\u00e9s dans les tons bleu, rose et ambre, qui cr\u00e9ent un effet visuel captivant. Le design pr\u00e9sente la silhouette \u00e9l\u00e9gante d&rsquo;une salamandre, symbole de renouveau et de transformation, qui \u00e9voque la riche tradition artisanale de diverses r\u00e9gions du pays, o\u00f9 le folklore et la nature s&rsquo;entrelacent.<\/p>\n<p>La connexion culturelle de ce bol avec l&rsquo;artisanat espagnol est \u00e9vidente \u00e0 travers la technique utilis\u00e9e, qui refl\u00e8te des ann\u00e9es de savoir-faire et de passion dans sa cr\u00e9ation. Id\u00e9al comme \u00e9l\u00e9ment d\u00e9coratif dans la cuisine ou comme r\u00e9cipient pratique pour servir, ce bol est plus qu&rsquo;un simple objet ; c&rsquo;est un rappel tangible de l&rsquo;histoire et de la culture que repr\u00e9sentent les traditions espagnoles.<\/p>\n<p>Chez Ol\u00e9 Mosaic, nous nous consacrons \u00e0 la distribution de souvenirs en gros, et ce bol en noix de coco est une excellente option pour les boutiques de cadeaux touristiques qui cherchent \u00e0 offrir des produits authentiques et de qualit\u00e9. Avec son design vibrant et son artisanat m\u00e9ticuleux, ce bol en noix de coco est un souvenir parfait qui non seulement ravira les touristes, mais encouragera \u00e9galement une appr\u00e9ciation du riche h\u00e9ritage culturel de l&rsquo;Espagne.<\/p>\n","protected":false},"excerpt":{"rendered":"<p>Bol en noix de coco d\u00e9cor\u00e9 d&rsquo;une mosa\u00efque vibrante repr\u00e9sentant des salamandres, id\u00e9al pour la cuisine ou comme \u00e9l\u00e9ment d\u00e9coratif. Ce bol attrayant, fait de noix de coco, pr\u00e9sente un design int\u00e9rieur artisanal peint \u00e0 la main, avec des fragments color\u00e9s dans les tons bleu, rose et ambre qui cr\u00e9ent un effet visuel captivant. La repr\u00e9sentation de la salamandre ajoute une touche folklorique, \u00e9voquant la riche tradition artisanale de la r\u00e9gion. Parfait pour ceux qui appr\u00e9cient l&rsquo;artisanat et le design singulier.<\/p>\n","protected":false},"featured_media":11800,"template":"","meta":{"_acf_changed":false},"product_brand":[],"product_cat":[521],"product_tag":[530],"class_list":{"0":"post-28712","1":"product","2":"type-product","3":"status-publish","4":"has-post-thumbnail","6":"product_cat-bols","7":"product_tag-animaux","8":"pa_motivo-salamandres","10":"first","11":"instock","12":"shipping-taxable","13":"product-type-simple"},"acf":[],"_links":{"self":[{"href":"https:\/\/olemosaic.orbitalia.org\/fr\/wp-json\/wp\/v2\/product\/28712","targetHints":{"allow":["GET"]}}],"collection":[{"href":"https:\/\/olemosaic.orbitalia.org\/fr\/wp-json\/wp\/v2\/product"}],"about":[{"href":"https:\/\/olemosaic.orbitalia.org\/fr\/wp-json\/wp\/v2\/types\/product"}],"wp:featuredmedia":[{"embeddable":true,"href":"https:\/\/olemosaic.orbitalia.org\/fr\/wp-json\/wp\/v2\/media\/11800"}],"wp:attachment":[{"href":"https:\/\/olemosaic.orbitalia.org\/fr\/wp-json\/wp\/v2\/media?parent=28712"}],"wp:term":[{"taxonomy":"product_brand","embeddable":true,"href":"https:\/\/olemosaic.orbitalia.org\/fr\/wp-json\/wp\/v2\/product_brand?post=28712"},{"taxonomy":"product_cat","embeddable":true,"href":"https:\/\/olemosaic.orbitalia.org\/fr\/wp-json\/wp\/v2\/product_cat?post=28712"},{"taxonomy":"product_tag","embeddable":true,"href":"https:\/\/olemosaic.orbitalia.org\/fr\/wp-json\/wp\/v2\/product_tag?post=28712"}],"curies":[{"name":"wp","href":"https:\/\/api.w.org\/{rel}","templated":true}]}}