{"id":28709,"date":"2025-02-20T23:30:18","date_gmt":"2025-02-20T22:30:18","guid":{"rendered":"https:\/\/olemosaic.orbitalia.org\/producto\/bol-de-coco-flores-3\/"},"modified":"2025-07-25T18:43:44","modified_gmt":"2025-07-25T16:43:44","slug":"bol-noix-de-coco-fleurs-3","status":"publish","type":"product","link":"https:\/\/olemosaic.orbitalia.org\/fr\/produit\/bol-noix-de-coco-fleurs-3\/","title":{"rendered":"Bol en noix de coco. Fleurs. Base claire."},"content":{"rendered":"<p>Ce bol en noix de coco d\u00e9cor\u00e9 est une pi\u00e8ce charmante qui capture l&rsquo;essence du folklore espagnol, id\u00e9al pour ajouter une touche de couleur et de fra\u00eecheur \u00e0 n&rsquo;importe quel environnement. Son design vibrant pr\u00e9sente une base claire qui met en valeur un d\u00e9licat motif floral dans une palette de tons bleus, roses et verts, \u00e9labor\u00e9s avec des techniques artisanales qui refl\u00e8tent la riche tradition de la c\u00e9ramique dans la r\u00e9gion. Chaque fleur est m\u00e9ticuleusement peinte \u00e0 la main, ce qui garantit que chaque bol soit une pi\u00e8ce unique, parfaite aussi bien pour servir des ap\u00e9ritifs que pour \u00eatre utilis\u00e9e comme \u00e9l\u00e9ment d\u00e9coratif dans n&rsquo;importe quel foyer.<\/p>\n<p>Le bol symbolise la connexion avec la nature et la biodiversit\u00e9 des traditions locales, \u00e9voquant la beaut\u00e9 des paysages espagnols remplis de fleurs. De plus, sa polyvalence en fait un excellent souvenir, permettant d&#8217;emporter chez soi un morceau authentique de la culture espagnole.<\/p>\n<p>Chez Ol\u00e9 Mosaic, en tant que grossiste de souvenirs, nous proposons des produits artisanaux \u00e9l\u00e9gants et authentiques qui racontent des histoires et des traditions. Ce bol en noix de coco est une option id\u00e9ale pour les boutiques de cadeaux touristiques qui recherchent des articles de qualit\u00e9 mettant en valeur la diversit\u00e9 culturelle et artisanale de l&rsquo;Espagne. C&rsquo;est un souvenir repr\u00e9sentatif qui fera que chaque client emporte une touche de la chaleur et de la beaut\u00e9 de la r\u00e9gion.<\/p>\n","protected":false},"excerpt":{"rendered":"<p>Bol en noix de coco d\u00e9cor\u00e9 d&rsquo;un design floral vibrant, parfait pour ajouter de la couleur et de la fra\u00eecheur \u00e0 n&rsquo;importe quelle pi\u00e8ce. Ce charmant bol pr\u00e9sente une base claire avec des motifs floraux dans les tons bleus, roses et verts, cr\u00e9\u00e9s de mani\u00e8re artisanale. Id\u00e9al pour servir des ap\u00e9ritifs ou comme \u00e9l\u00e9ment d\u00e9coratif, ce bol refl\u00e8te le folklore et la beaut\u00e9 des traditions artisanales de la r\u00e9gion.<\/p>\n","protected":false},"featured_media":11831,"template":"","meta":{"_acf_changed":false},"product_brand":[],"product_cat":[521],"product_tag":[],"class_list":{"0":"post-28709","1":"product","2":"type-product","3":"status-publish","4":"has-post-thumbnail","6":"product_cat-bols","7":"pa_motivo-fleurs","9":"first","10":"instock","11":"shipping-taxable","12":"product-type-simple"},"acf":[],"_links":{"self":[{"href":"https:\/\/olemosaic.orbitalia.org\/fr\/wp-json\/wp\/v2\/product\/28709","targetHints":{"allow":["GET"]}}],"collection":[{"href":"https:\/\/olemosaic.orbitalia.org\/fr\/wp-json\/wp\/v2\/product"}],"about":[{"href":"https:\/\/olemosaic.orbitalia.org\/fr\/wp-json\/wp\/v2\/types\/product"}],"wp:featuredmedia":[{"embeddable":true,"href":"https:\/\/olemosaic.orbitalia.org\/fr\/wp-json\/wp\/v2\/media\/11831"}],"wp:attachment":[{"href":"https:\/\/olemosaic.orbitalia.org\/fr\/wp-json\/wp\/v2\/media?parent=28709"}],"wp:term":[{"taxonomy":"product_brand","embeddable":true,"href":"https:\/\/olemosaic.orbitalia.org\/fr\/wp-json\/wp\/v2\/product_brand?post=28709"},{"taxonomy":"product_cat","embeddable":true,"href":"https:\/\/olemosaic.orbitalia.org\/fr\/wp-json\/wp\/v2\/product_cat?post=28709"},{"taxonomy":"product_tag","embeddable":true,"href":"https:\/\/olemosaic.orbitalia.org\/fr\/wp-json\/wp\/v2\/product_tag?post=28709"}],"curies":[{"name":"wp","href":"https:\/\/api.w.org\/{rel}","templated":true}]}}