{"id":28701,"date":"2025-02-20T23:30:18","date_gmt":"2025-02-20T22:30:18","guid":{"rendered":"https:\/\/olemosaic.orbitalia.org\/producto\/bol-de-coco-tortuga-menorca-2\/"},"modified":"2025-07-25T19:41:10","modified_gmt":"2025-07-25T17:41:10","slug":"bol-en-noix-de-coco-tortue-minorque-baleares","status":"publish","type":"product","link":"https:\/\/olemosaic.orbitalia.org\/fr\/produit\/bol-en-noix-de-coco-tortue-minorque-baleares\/","title":{"rendered":"Bol en noix de coco. Tortue. Minorque. Bal\u00e9ares."},"content":{"rendered":"<p>Ce bol en noix de coco d\u00e9cor\u00e9 est une pi\u00e8ce artisanale qui refl\u00e8te la beaut\u00e9 et la biodiversit\u00e9 de Minorque. \u00c0 l&rsquo;int\u00e9rieur, une d\u00e9licate tortue se d\u00e9tache, symbole de la riche faune marine de l&rsquo;\u00eele, situ\u00e9e au centre d&rsquo;une mosa\u00efque de couleurs vibrantes. Les tons bleus, roses et dor\u00e9s qui l&rsquo;entourent \u00e9voquent les eaux cristallines et les plages ensoleill\u00e9es de cette r\u00e9gion paradisiaque. Chaque bol est peint \u00e0 la main, ce qui garantit son unicit\u00e9 et son authenticit\u00e9, avec une finition qui souligne le savoir-faire artisanal des cr\u00e9ateurs minorquins.<\/p>\n<p>Ce souvenir repr\u00e9sente non seulement un objet d\u00e9coratif, mais aussi un rappel de la connexion avec la nature et la mer qui caract\u00e9rise Minorque, une destination tr\u00e8s appr\u00e9ci\u00e9e pour sa biodiversit\u00e9 et ses paysages impressionnants. Id\u00e9al pour ceux qui recherchent un souvenir authentique et significatif de leur visite, ce bol peut \u00eatre utilis\u00e9 aussi bien dans la d\u00e9coration d&rsquo;int\u00e9rieur que comme un cadeau original capturant l&rsquo;essence de l&rsquo;\u00eele.<\/p>\n<p>Chez Ol\u00e9 Mosaic, nous nous consacrons \u00e0 la distribution de souvenirs en gros, offrant des produits symboliques et de qualit\u00e9. Ce bol en noix de coco, en particulier, est une option exceptionnelle pour les boutiques de cadeaux touristiques souhaitant proposer des articles repr\u00e9sentatifs et artistiques de Minorque, soulignant ainsi sa valeur culturelle et esth\u00e9tique en tant que souvenir unique.<\/p>\n","protected":false},"excerpt":{"rendered":"<p>Bol en noix de coco d\u00e9cor\u00e9, inspir\u00e9 de la faune marine de Minorque. Cet \u00e9l\u00e9gant bol pr\u00e9sente une d\u00e9licate tortue au centre, entour\u00e9e d&rsquo;une mosa\u00efque vibrante de couleurs dans des tons bleus, roses et dor\u00e9s, \u00e9voquant les plages de Minorque. Sa finition met en valeur la technique artistique de la peinture \u00e0 la main, ce qui en fait un souvenir attrayant. Id\u00e9al pour un usage d\u00e9coratif ou comme cadeau original.<\/p>\n","protected":false},"featured_media":11956,"template":"","meta":{"_acf_changed":false},"product_brand":[],"product_cat":[521],"product_tag":[530],"class_list":{"0":"post-28701","1":"product","2":"type-product","3":"status-publish","4":"has-post-thumbnail","6":"product_cat-bols","7":"product_tag-animaux","8":"pa_ciudad-menorca","9":"pa_motivo-tortues","10":"pa_pais-espana","12":"first","13":"instock","14":"shipping-taxable","15":"product-type-simple"},"acf":[],"_links":{"self":[{"href":"https:\/\/olemosaic.orbitalia.org\/fr\/wp-json\/wp\/v2\/product\/28701","targetHints":{"allow":["GET"]}}],"collection":[{"href":"https:\/\/olemosaic.orbitalia.org\/fr\/wp-json\/wp\/v2\/product"}],"about":[{"href":"https:\/\/olemosaic.orbitalia.org\/fr\/wp-json\/wp\/v2\/types\/product"}],"wp:featuredmedia":[{"embeddable":true,"href":"https:\/\/olemosaic.orbitalia.org\/fr\/wp-json\/wp\/v2\/media\/11956"}],"wp:attachment":[{"href":"https:\/\/olemosaic.orbitalia.org\/fr\/wp-json\/wp\/v2\/media?parent=28701"}],"wp:term":[{"taxonomy":"product_brand","embeddable":true,"href":"https:\/\/olemosaic.orbitalia.org\/fr\/wp-json\/wp\/v2\/product_brand?post=28701"},{"taxonomy":"product_cat","embeddable":true,"href":"https:\/\/olemosaic.orbitalia.org\/fr\/wp-json\/wp\/v2\/product_cat?post=28701"},{"taxonomy":"product_tag","embeddable":true,"href":"https:\/\/olemosaic.orbitalia.org\/fr\/wp-json\/wp\/v2\/product_tag?post=28701"}],"curies":[{"name":"wp","href":"https:\/\/api.w.org\/{rel}","templated":true}]}}