{"id":28665,"date":"2025-02-20T23:30:16","date_gmt":"2025-02-20T22:30:16","guid":{"rendered":"https:\/\/olemosaic.orbitalia.org\/producto\/bol-de-coco-con-flores-isla-tenerife\/"},"modified":"2025-07-25T19:41:43","modified_gmt":"2025-07-25T17:41:43","slug":"bol-noix-de-coco-fleurs-ile-tenerife","status":"publish","type":"product","link":"https:\/\/olemosaic.orbitalia.org\/fr\/produit\/bol-noix-de-coco-fleurs-ile-tenerife\/","title":{"rendered":"Bol en noix de coco avec fleurs. \u00cele. Tenerife."},"content":{"rendered":"<p>Ce bol en noix de coco d\u00e9cor\u00e9 est un v\u00e9ritable bijou qui capture l&rsquo;essence de Tenerife, une destination touristique dynamique des \u00eeles Canaries. Avec son design peint \u00e0 la main, le bol pr\u00e9sente un fond clair qui met en valeur un ensemble de fleurs color\u00e9es dans les tons bleus, rouges et dor\u00e9s, \u00e9voquant la flore locale et l&rsquo;exub\u00e9rance de la nature de Tenerife. Les d\u00e9tails en coquillage ajoutent une touche de brillance, rendant chaque pi\u00e8ce unique et exclusive. \u00c0 l&rsquo;int\u00e9rieur du bol, la silhouette de l&rsquo;\u00eele de Tenerife se d\u00e9tache, un symbole qui renforce le lien culturel avec cette r\u00e9gion de l&rsquo;Atlantique.<\/p>\n<p>Ce bol est polyvalent, aussi bien comme \u00e9l\u00e9ment d\u00e9coratif que pour un usage culinaire. Parfait pour servir des ap\u00e9ritifs, des salades ou comme centre de table, ce souvenir de Tenerife est un rappel tangible de la beaut\u00e9 de l&rsquo;\u00eele. Son authenticit\u00e9 et son design artistique en font un cadeau repr\u00e9sentatif des traditions canariennes.<\/p>\n<p>Chez Ol\u00e9 Mosaic, nous nous sp\u00e9cialisons dans la distribution de souvenirs en gros, et ce bol en noix de coco d\u00e9cor\u00e9 est une excellente option pour les boutiques de cadeaux touristiques \u00e0 la recherche de produits authentiques et culturellement pertinents. En tant que grossistes de souvenirs de Tenerife, nous garantissons la qualit\u00e9 et l&rsquo;artisanat de chaque produit que nous proposons.<\/p>\n","protected":false},"excerpt":{"rendered":"<p>Bol en noix de coco d\u00e9cor\u00e9 de fleurs color\u00e9es et de motifs \u00e9voquant la beaut\u00e9 de l&rsquo;\u00eele de Tenerife. Ce charmant bol au design artisanal, peint \u00e0 la main, pr\u00e9sente un motif sur fond clair orn\u00e9 de p\u00e9tales dans les tons bleus, rouges et dor\u00e9s, combin\u00e9s \u00e0 des morceaux de coquillages qui lui donnent une touche brillante. \u00c0 l&rsquo;int\u00e9rieur, la silhouette de Tenerife se d\u00e9tache, soulignant son lien avec la culture locale. Parfait comme \u00e9l\u00e9ment d\u00e9coratif ou pour des usages culinaires.<\/p>\n","protected":false},"featured_media":10316,"template":"","meta":{"_acf_changed":false},"product_brand":[],"product_cat":[521],"product_tag":[],"class_list":{"0":"post-28665","1":"product","2":"type-product","3":"status-publish","4":"has-post-thumbnail","6":"product_cat-bols","7":"pa_ciudad-tenerife","8":"pa_motivo-iles","9":"pa_pais-espana","11":"first","12":"instock","13":"shipping-taxable","14":"product-type-simple"},"acf":[],"_links":{"self":[{"href":"https:\/\/olemosaic.orbitalia.org\/fr\/wp-json\/wp\/v2\/product\/28665","targetHints":{"allow":["GET"]}}],"collection":[{"href":"https:\/\/olemosaic.orbitalia.org\/fr\/wp-json\/wp\/v2\/product"}],"about":[{"href":"https:\/\/olemosaic.orbitalia.org\/fr\/wp-json\/wp\/v2\/types\/product"}],"wp:featuredmedia":[{"embeddable":true,"href":"https:\/\/olemosaic.orbitalia.org\/fr\/wp-json\/wp\/v2\/media\/10316"}],"wp:attachment":[{"href":"https:\/\/olemosaic.orbitalia.org\/fr\/wp-json\/wp\/v2\/media?parent=28665"}],"wp:term":[{"taxonomy":"product_brand","embeddable":true,"href":"https:\/\/olemosaic.orbitalia.org\/fr\/wp-json\/wp\/v2\/product_brand?post=28665"},{"taxonomy":"product_cat","embeddable":true,"href":"https:\/\/olemosaic.orbitalia.org\/fr\/wp-json\/wp\/v2\/product_cat?post=28665"},{"taxonomy":"product_tag","embeddable":true,"href":"https:\/\/olemosaic.orbitalia.org\/fr\/wp-json\/wp\/v2\/product_tag?post=28665"}],"curies":[{"name":"wp","href":"https:\/\/api.w.org\/{rel}","templated":true}]}}