{"id":28664,"date":"2025-02-20T22:30:16","date_gmt":"2025-02-20T22:30:16","guid":{"rendered":"https:\/\/olemosaic.orbitalia.org\/producto\/bol-de-coco-salamandra-fuerteventura\/"},"modified":"2025-07-25T18:47:29","modified_gmt":"2025-07-25T16:47:29","slug":"bol-noix-de-coco-salamandre-fuerteventura","status":"publish","type":"product","link":"https:\/\/olemosaic.orbitalia.org\/fr\/produit\/bol-noix-de-coco-salamandre-fuerteventura\/","title":{"rendered":"Bol en noix de coco. Salamandre. Fuerteventura."},"content":{"rendered":"<p>Ce bol en noix de coco d\u00e9cor\u00e9 est un v\u00e9ritable bijou de Fuerteventura, con\u00e7u pour \u00eatre un \u00e9l\u00e9ment d\u00e9coratif et fonctionnel attrayant dans n&rsquo;importe quelle maison. Il pr\u00e9sente une mosa\u00efque de couleurs vibrantes qui capture l&rsquo;essence de la faune de l&rsquo;archipel des Canaries. Les formes g\u00e9om\u00e9triques dans les tons bleus, roses et violets se combinent dans un design brillant, cr\u00e9ant un spectacle visuel qui se d\u00e9marque dans n&rsquo;importe quel environnement. Au centre du bol, une salamandre peinte dans des tons chauds de terre cuite se fond subtilement avec la base en noix de coco naturelle, apportant une touche organique qui souligne son authenticit\u00e9 artisanale.<\/p>\n<p>Ce bol n&rsquo;est pas seulement une pi\u00e8ce d\u00e9corative unique, mais aussi un symbole de la riche biodiversit\u00e9 de Fuerteventura, o\u00f9 la faune end\u00e9mique, comme la salamandre, souligne le lien avec la nature locale. Chaque bol est fabriqu\u00e9 \u00e0 la main, ce qui garantit sa singularit\u00e9 et son authenticit\u00e9 en tant que souvenir repr\u00e9sentatif de la r\u00e9gion. Ce bol en noix de coco est un excellent choix pour les touristes \u00e0 la recherche de souvenirs de qualit\u00e9, non seulement pour son esth\u00e9tique color\u00e9e, mais aussi pour sa pertinence culturelle.<\/p>\n<p>Chez Ol\u00e9 Mosaic, en tant que distributeur de souvenirs en gros, nous proposons des produits qui c\u00e9l\u00e8brent la beaut\u00e9 et la tradition de l&rsquo;Espagne. Ce bol en noix de coco est un ajout id\u00e9al pour les boutiques de cadeaux touristiques souhaitant offrir \u00e0 leurs clients des souvenirs authentiques et fonctionnels de Fuerteventura, \u00e9levant l&rsquo;exp\u00e9rience d&rsquo;achat avec des articles qui racontent une histoire.<\/p>\n","protected":false},"excerpt":{"rendered":"<p>Bol en noix de coco d\u00e9cor\u00e9 d&rsquo;une mosa\u00efque de couleurs vibrantes inspir\u00e9e de la faune de Fuerteventura. Ce bol exclusif pr\u00e9sente un design brillant avec des formes g\u00e9om\u00e9triques dans les tons bleus, roses et violets qui cr\u00e9ent un attrait visuel. Au centre se d\u00e9tache une salamandre peinte dans des tons terre cuite, se fondant avec la base en noix de coco naturelle, ce qui ajoute une touche organique et authentique. Id\u00e9al pour la d\u00e9coration ou comme pi\u00e8ce fonctionnelle dans la maison.<\/p>\n","protected":false},"featured_media":11968,"template":"","meta":{"_acf_changed":false},"product_brand":[],"product_cat":[521],"product_tag":[530],"class_list":{"0":"post-28664","1":"product","2":"type-product","3":"status-publish","4":"has-post-thumbnail","6":"product_cat-bols","7":"product_tag-animaux","8":"pa_ciudad-fuerteventura","9":"pa_motivo-salamandres","10":"pa_pais-espana","12":"first","13":"instock","14":"shipping-taxable","15":"product-type-simple"},"acf":[],"_links":{"self":[{"href":"https:\/\/olemosaic.orbitalia.org\/fr\/wp-json\/wp\/v2\/product\/28664","targetHints":{"allow":["GET"]}}],"collection":[{"href":"https:\/\/olemosaic.orbitalia.org\/fr\/wp-json\/wp\/v2\/product"}],"about":[{"href":"https:\/\/olemosaic.orbitalia.org\/fr\/wp-json\/wp\/v2\/types\/product"}],"wp:featuredmedia":[{"embeddable":true,"href":"https:\/\/olemosaic.orbitalia.org\/fr\/wp-json\/wp\/v2\/media\/11968"}],"wp:attachment":[{"href":"https:\/\/olemosaic.orbitalia.org\/fr\/wp-json\/wp\/v2\/media?parent=28664"}],"wp:term":[{"taxonomy":"product_brand","embeddable":true,"href":"https:\/\/olemosaic.orbitalia.org\/fr\/wp-json\/wp\/v2\/product_brand?post=28664"},{"taxonomy":"product_cat","embeddable":true,"href":"https:\/\/olemosaic.orbitalia.org\/fr\/wp-json\/wp\/v2\/product_cat?post=28664"},{"taxonomy":"product_tag","embeddable":true,"href":"https:\/\/olemosaic.orbitalia.org\/fr\/wp-json\/wp\/v2\/product_tag?post=28664"}],"curies":[{"name":"wp","href":"https:\/\/api.w.org\/{rel}","templated":true}]}}